{"id":775,"date":"2021-07-06T17:45:35","date_gmt":"2021-07-06T15:45:35","guid":{"rendered":"https:\/\/www.mohaba.de\/relaunch\/?page_id=775"},"modified":"2021-07-06T17:51:34","modified_gmt":"2021-07-06T15:51:34","slug":"kataloge","status":"publish","type":"page","link":"https:\/\/www.mohaba.de\/fr\/kataloge\/","title":{"rendered":"Kataloge"},"content":{"rendered":"<div data-elementor-type=\"wp-page\" data-elementor-id=\"775\" class=\"elementor elementor-775\" data-elementor-post-type=\"page\">\n\t\t\t\t\t\t<section class=\"elementor-section elementor-top-section elementor-element elementor-element-4a43958 elementor-section-boxed elementor-section-height-default elementor-section-height-default\" data-id=\"4a43958\" data-element_type=\"section\" data-e-type=\"section\">\n\t\t\t\t\t\t<div class=\"elementor-container elementor-column-gap-default\">\n\t\t\t\t\t<div class=\"elementor-column elementor-col-100 elementor-top-column elementor-element elementor-element-c0c25a4\" data-id=\"c0c25a4\" data-element_type=\"column\" data-e-type=\"column\">\n\t\t\t<div class=\"elementor-widget-wrap elementor-element-populated\">\n\t\t\t\t\t\t<div class=\"elementor-element elementor-element-fd60e8a elementor-widget elementor-widget-heading\" data-id=\"fd60e8a\" data-element_type=\"widget\" data-e-type=\"widget\" data-widget_type=\"heading.default\">\n\t\t\t\t<div class=\"elementor-widget-container\">\n\t\t\t\t\t<h2 class=\"elementor-heading-title elementor-size-default\">Nos catalogues en PDF \u00e0 t\u00e9l\u00e9charger<\/h2>\t\t\t\t<\/div>\n\t\t\t\t<\/div>\n\t\t\t\t\t<\/div>\n\t\t<\/div>\n\t\t\t\t\t<\/div>\n\t\t<\/section>\n\t\t\t\t<section class=\"elementor-section elementor-top-section elementor-element elementor-element-b6b51ef elementor-section-boxed elementor-section-height-default elementor-section-height-default\" data-id=\"b6b51ef\" data-element_type=\"section\" data-e-type=\"section\">\n\t\t\t\t\t\t<div class=\"elementor-container elementor-column-gap-default\">\n\t\t\t\t\t<div class=\"elementor-column elementor-col-33 elementor-top-column elementor-element elementor-element-42ccc11\" data-id=\"42ccc11\" data-element_type=\"column\" data-e-type=\"column\">\n\t\t\t<div class=\"elementor-widget-wrap elementor-element-populated\">\n\t\t\t\t\t\t<div class=\"elementor-element elementor-element-7261e98 elementor-widget elementor-widget-image\" data-id=\"7261e98\" data-element_type=\"widget\" data-e-type=\"widget\" data-widget_type=\"image.default\">\n\t\t\t\t<div class=\"elementor-widget-container\">\n\t\t\t\t\t\t\t\t\t\t\t\t\t\t\t<img fetchpriority=\"high\" decoding=\"async\" width=\"791\" height=\"1024\" src=\"https:\/\/www.mohaba.de\/relaunch\/wp-content\/uploads\/2021\/07\/Gu\u0308hweintassebCover-791x1024.png\" class=\"attachment-large size-large wp-image-524\" alt=\"\" srcset=\"https:\/\/www.mohaba.de\/relaunch\/wp-content\/uploads\/2021\/07\/Gu\u0308hweintassebCover-791x1024.png 791w, https:\/\/www.mohaba.de\/relaunch\/wp-content\/uploads\/2021\/07\/Gu\u0308hweintassebCover-232x300.png 232w, https:\/\/www.mohaba.de\/relaunch\/wp-content\/uploads\/2021\/07\/Gu\u0308hweintassebCover-768x995.png 768w, https:\/\/www.mohaba.de\/relaunch\/wp-content\/uploads\/2021\/07\/Gu\u0308hweintassebCover.png 813w\" sizes=\"(max-width: 791px) 100vw, 791px\" \/>\t\t\t\t\t\t\t\t\t\t\t\t\t\t\t<\/div>\n\t\t\t\t<\/div>\n\t\t\t\t\t<\/div>\n\t\t<\/div>\n\t\t\t\t<div class=\"elementor-column elementor-col-33 elementor-top-column elementor-element elementor-element-0ab9de1\" data-id=\"0ab9de1\" data-element_type=\"column\" data-e-type=\"column\">\n\t\t\t<div class=\"elementor-widget-wrap elementor-element-populated\">\n\t\t\t\t\t\t<div class=\"elementor-element elementor-element-4b98a57 elementor-widget elementor-widget-image\" data-id=\"4b98a57\" data-element_type=\"widget\" data-e-type=\"widget\" data-widget_type=\"image.default\">\n\t\t\t\t<div class=\"elementor-widget-container\">\n\t\t\t\t\t\t\t\t\t\t\t\t\t\t\t<img decoding=\"async\" width=\"790\" height=\"1024\" src=\"https:\/\/www.mohaba.de\/relaunch\/wp-content\/uploads\/2021\/07\/Stiel-Cover-790x1024.png\" class=\"attachment-large size-large wp-image-543\" alt=\"Stielgl\u00e4ser, Cocktailglas, Sektglas, Sektfl\u00f6te, Weinglas\" srcset=\"https:\/\/www.mohaba.de\/relaunch\/wp-content\/uploads\/2021\/07\/Stiel-Cover-790x1024.png 790w, https:\/\/www.mohaba.de\/relaunch\/wp-content\/uploads\/2021\/07\/Stiel-Cover-231x300.png 231w, https:\/\/www.mohaba.de\/relaunch\/wp-content\/uploads\/2021\/07\/Stiel-Cover-768x996.png 768w, https:\/\/www.mohaba.de\/relaunch\/wp-content\/uploads\/2021\/07\/Stiel-Cover.png 812w\" sizes=\"(max-width: 790px) 100vw, 790px\" \/>\t\t\t\t\t\t\t\t\t\t\t\t\t\t\t<\/div>\n\t\t\t\t<\/div>\n\t\t\t\t\t<\/div>\n\t\t<\/div>\n\t\t\t\t<div class=\"elementor-column elementor-col-33 elementor-top-column elementor-element elementor-element-1056c9f\" data-id=\"1056c9f\" data-element_type=\"column\" data-e-type=\"column\">\n\t\t\t<div class=\"elementor-widget-wrap elementor-element-populated\">\n\t\t\t\t\t\t<div class=\"elementor-element elementor-element-fbadc0f elementor-widget elementor-widget-image\" data-id=\"fbadc0f\" data-element_type=\"widget\" data-e-type=\"widget\" data-widget_type=\"image.default\">\n\t\t\t\t<div class=\"elementor-widget-container\">\n\t\t\t\t\t\t\t\t\t\t\t\t\t\t\t<img decoding=\"async\" width=\"790\" height=\"1024\" src=\"https:\/\/www.mohaba.de\/relaunch\/wp-content\/uploads\/2021\/07\/Barwarecover-790x1024.png\" class=\"attachment-large size-large wp-image-554\" alt=\"Barware, Schnapsglas, Cocktailgl\u00e4ser, bedruckte Barware, Barware bedrucken\" srcset=\"https:\/\/www.mohaba.de\/relaunch\/wp-content\/uploads\/2021\/07\/Barwarecover-790x1024.png 790w, https:\/\/www.mohaba.de\/relaunch\/wp-content\/uploads\/2021\/07\/Barwarecover-231x300.png 231w, https:\/\/www.mohaba.de\/relaunch\/wp-content\/uploads\/2021\/07\/Barwarecover-768x996.png 768w, https:\/\/www.mohaba.de\/relaunch\/wp-content\/uploads\/2021\/07\/Barwarecover.png 812w\" sizes=\"(max-width: 790px) 100vw, 790px\" \/>\t\t\t\t\t\t\t\t\t\t\t\t\t\t\t<\/div>\n\t\t\t\t<\/div>\n\t\t\t\t\t<\/div>\n\t\t<\/div>\n\t\t\t\t\t<\/div>\n\t\t<\/section>\n\t\t\t\t<section class=\"elementor-section elementor-top-section elementor-element elementor-element-c6ba368 elementor-section-boxed elementor-section-height-default elementor-section-height-default\" data-id=\"c6ba368\" data-element_type=\"section\" data-e-type=\"section\">\n\t\t\t\t\t\t<div class=\"elementor-container elementor-column-gap-default\">\n\t\t\t\t\t<div class=\"elementor-column elementor-col-33 elementor-top-column elementor-element elementor-element-06f0c4a\" data-id=\"06f0c4a\" data-element_type=\"column\" data-e-type=\"column\">\n\t\t\t<div class=\"elementor-widget-wrap elementor-element-populated\">\n\t\t\t\t\t\t<div class=\"elementor-element elementor-element-c6f3040 elementor-widget elementor-widget-image\" data-id=\"c6f3040\" data-element_type=\"widget\" data-e-type=\"widget\" data-widget_type=\"image.default\">\n\t\t\t\t<div class=\"elementor-widget-container\">\n\t\t\t\t\t\t\t\t\t\t\t\t\t\t\t<img loading=\"lazy\" decoding=\"async\" width=\"790\" height=\"1024\" src=\"https:\/\/www.mohaba.de\/relaunch\/wp-content\/uploads\/2021\/07\/BeerCover-790x1024.png\" class=\"attachment-large size-large wp-image-567\" alt=\"Bierglas, Biergl\u00e4ser.\" srcset=\"https:\/\/www.mohaba.de\/relaunch\/wp-content\/uploads\/2021\/07\/BeerCover-790x1024.png 790w, https:\/\/www.mohaba.de\/relaunch\/wp-content\/uploads\/2021\/07\/BeerCover-231x300.png 231w, https:\/\/www.mohaba.de\/relaunch\/wp-content\/uploads\/2021\/07\/BeerCover-768x996.png 768w, https:\/\/www.mohaba.de\/relaunch\/wp-content\/uploads\/2021\/07\/BeerCover.png 812w\" sizes=\"(max-width: 790px) 100vw, 790px\" \/>\t\t\t\t\t\t\t\t\t\t\t\t\t\t\t<\/div>\n\t\t\t\t<\/div>\n\t\t\t\t\t<\/div>\n\t\t<\/div>\n\t\t\t\t<div class=\"elementor-column elementor-col-33 elementor-top-column elementor-element elementor-element-d6c3f22\" data-id=\"d6c3f22\" data-element_type=\"column\" data-e-type=\"column\">\n\t\t\t<div class=\"elementor-widget-wrap elementor-element-populated\">\n\t\t\t\t\t\t<div class=\"elementor-element elementor-element-cb9747b elementor-widget elementor-widget-image\" data-id=\"cb9747b\" data-element_type=\"widget\" data-e-type=\"widget\" data-widget_type=\"image.default\">\n\t\t\t\t<div class=\"elementor-widget-container\">\n\t\t\t\t\t\t\t\t\t\t\t\t\t\t\t<img loading=\"lazy\" decoding=\"async\" width=\"790\" height=\"1024\" src=\"https:\/\/www.mohaba.de\/relaunch\/wp-content\/uploads\/2021\/07\/hotcover-790x1024.png\" class=\"attachment-large size-large wp-image-571\" alt=\"Tassen, Glastassen, Kaffeebecher\" srcset=\"https:\/\/www.mohaba.de\/relaunch\/wp-content\/uploads\/2021\/07\/hotcover-790x1024.png 790w, https:\/\/www.mohaba.de\/relaunch\/wp-content\/uploads\/2021\/07\/hotcover-231x300.png 231w, https:\/\/www.mohaba.de\/relaunch\/wp-content\/uploads\/2021\/07\/hotcover-768x996.png 768w, https:\/\/www.mohaba.de\/relaunch\/wp-content\/uploads\/2021\/07\/hotcover.png 812w\" sizes=\"(max-width: 790px) 100vw, 790px\" \/>\t\t\t\t\t\t\t\t\t\t\t\t\t\t\t<\/div>\n\t\t\t\t<\/div>\n\t\t\t\t\t<\/div>\n\t\t<\/div>\n\t\t\t\t<div class=\"elementor-column elementor-col-33 elementor-top-column elementor-element elementor-element-2ab3b86\" data-id=\"2ab3b86\" data-element_type=\"column\" data-e-type=\"column\">\n\t\t\t<div class=\"elementor-widget-wrap elementor-element-populated\">\n\t\t\t\t\t\t<div class=\"elementor-element elementor-element-a14f528 elementor-widget elementor-widget-image\" data-id=\"a14f528\" data-element_type=\"widget\" data-e-type=\"widget\" data-widget_type=\"image.default\">\n\t\t\t\t<div class=\"elementor-widget-container\">\n\t\t\t\t\t\t\t\t\t\t\t\t\t\t\t<img loading=\"lazy\" decoding=\"async\" width=\"352\" height=\"522\" src=\"https:\/\/www.mohaba.de\/relaunch\/wp-content\/uploads\/2021\/07\/Flaschen-cover.png\" class=\"attachment-large size-large wp-image-575\" alt=\"Flaschen, Bottles, Flaschen bedrucken\" srcset=\"https:\/\/www.mohaba.de\/relaunch\/wp-content\/uploads\/2021\/07\/Flaschen-cover.png 352w, https:\/\/www.mohaba.de\/relaunch\/wp-content\/uploads\/2021\/07\/Flaschen-cover-202x300.png 202w\" sizes=\"(max-width: 352px) 100vw, 352px\" \/>\t\t\t\t\t\t\t\t\t\t\t\t\t\t\t<\/div>\n\t\t\t\t<\/div>\n\t\t\t\t\t<\/div>\n\t\t<\/div>\n\t\t\t\t\t<\/div>\n\t\t<\/section>\n\t\t\t\t<\/div>","protected":false},"excerpt":{"rendered":"<p>Nos catalogues en PDF \u00e0 t\u00e9l\u00e9charger<\/p>","protected":false},"author":3,"featured_media":0,"parent":0,"menu_order":0,"comment_status":"closed","ping_status":"closed","template":"","meta":{"site-sidebar-layout":"no-sidebar","site-content-layout":"page-builder","ast-site-content-layout":"default","site-content-style":"default","site-sidebar-style":"default","ast-global-header-display":"","ast-banner-title-visibility":"","ast-main-header-display":"","ast-hfb-above-header-display":"","ast-hfb-below-header-display":"","ast-hfb-mobile-header-display":"","site-post-title":"disabled","ast-breadcrumbs-content":"","ast-featured-img":"disabled","footer-sml-layout":"","ast-disable-related-posts":"","theme-transparent-header-meta":"default","adv-header-id-meta":"","stick-header-meta":"","header-above-stick-meta":"","header-main-stick-meta":"","header-below-stick-meta":"","astra-migrate-meta-layouts":"default","ast-page-background-enabled":"default","ast-page-background-meta":{"desktop":{"background-color":"","background-image":"","background-repeat":"repeat","background-position":"center center","background-size":"auto","background-attachment":"scroll","background-type":"","background-media":"","overlay-type":"","overlay-color":"","overlay-opacity":"","overlay-gradient":""},"tablet":{"background-color":"","background-image":"","background-repeat":"repeat","background-position":"center center","background-size":"auto","background-attachment":"scroll","background-type":"","background-media":"","overlay-type":"","overlay-color":"","overlay-opacity":"","overlay-gradient":""},"mobile":{"background-color":"","background-image":"","background-repeat":"repeat","background-position":"center center","background-size":"auto","background-attachment":"scroll","background-type":"","background-media":"","overlay-type":"","overlay-color":"","overlay-opacity":"","overlay-gradient":""}},"ast-content-background-meta":{"desktop":{"background-color":"var(--ast-global-color-5)","background-image":"","background-repeat":"repeat","background-position":"center center","background-size":"auto","background-attachment":"scroll","background-type":"","background-media":"","overlay-type":"","overlay-color":"","overlay-opacity":"","overlay-gradient":""},"tablet":{"background-color":"var(--ast-global-color-5)","background-image":"","background-repeat":"repeat","background-position":"center center","background-size":"auto","background-attachment":"scroll","background-type":"","background-media":"","overlay-type":"","overlay-color":"","overlay-opacity":"","overlay-gradient":""},"mobile":{"background-color":"var(--ast-global-color-5)","background-image":"","background-repeat":"repeat","background-position":"center center","background-size":"auto","background-attachment":"scroll","background-type":"","background-media":"","overlay-type":"","overlay-color":"","overlay-opacity":"","overlay-gradient":""}},"footnotes":""},"class_list":["post-775","page","type-page","status-publish","hentry"],"yoast_head":"<!-- This site is optimized with the Yoast SEO plugin v27.3 - https:\/\/yoast.com\/product\/yoast-seo-wordpress\/ -->\n<title>Kataloge - Mohaba<\/title>\n<meta name=\"robots\" content=\"index, follow, max-snippet:-1, max-image-preview:large, max-video-preview:-1\" \/>\n<link rel=\"canonical\" href=\"https:\/\/www.mohaba.de\/fr\/kataloge\/\" \/>\n<meta property=\"og:locale\" content=\"fr_FR\" \/>\n<meta property=\"og:type\" content=\"article\" \/>\n<meta property=\"og:title\" content=\"Kataloge - Mohaba\" \/>\n<meta property=\"og:description\" content=\"Unsere Kataloge als PDF zum Download\" \/>\n<meta property=\"og:url\" content=\"https:\/\/www.mohaba.de\/fr\/kataloge\/\" \/>\n<meta property=\"og:site_name\" content=\"Mohaba\" \/>\n<meta property=\"article:modified_time\" content=\"2021-07-06T15:51:34+00:00\" \/>\n<meta property=\"og:image\" content=\"https:\/\/www.mohaba.de\/relaunch\/wp-content\/uploads\/2021\/07\/Gu\u0308hweintassebCover-791x1024.png\" \/>\n<meta name=\"twitter:card\" content=\"summary_large_image\" \/>\n<meta name=\"twitter:label1\" content=\"Dur\u00e9e de lecture estim\u00e9e\" \/>\n\t<meta name=\"twitter:data1\" content=\"2 minutes\" \/>\n<script type=\"application\/ld+json\" class=\"yoast-schema-graph\">{\"@context\":\"https:\\\/\\\/schema.org\",\"@graph\":[{\"@type\":\"WebPage\",\"@id\":\"https:\\\/\\\/www.mohaba.de\\\/en\\\/kataloge\\\/\",\"url\":\"https:\\\/\\\/www.mohaba.de\\\/en\\\/kataloge\\\/\",\"name\":\"Kataloge - Mohaba\",\"isPartOf\":{\"@id\":\"https:\\\/\\\/www.mohaba.de\\\/#website\"},\"primaryImageOfPage\":{\"@id\":\"https:\\\/\\\/www.mohaba.de\\\/en\\\/kataloge\\\/#primaryimage\"},\"image\":{\"@id\":\"https:\\\/\\\/www.mohaba.de\\\/en\\\/kataloge\\\/#primaryimage\"},\"thumbnailUrl\":\"https:\\\/\\\/www.mohaba.de\\\/relaunch\\\/wp-content\\\/uploads\\\/2021\\\/07\\\/Stiel-Cover-790x1024.png\",\"datePublished\":\"2021-07-06T15:45:35+00:00\",\"dateModified\":\"2021-07-06T15:51:34+00:00\",\"breadcrumb\":{\"@id\":\"https:\\\/\\\/www.mohaba.de\\\/en\\\/kataloge\\\/#breadcrumb\"},\"inLanguage\":\"fr-FR\",\"potentialAction\":[{\"@type\":\"ReadAction\",\"target\":[\"https:\\\/\\\/www.mohaba.de\\\/en\\\/kataloge\\\/\"]}]},{\"@type\":\"ImageObject\",\"inLanguage\":\"fr-FR\",\"@id\":\"https:\\\/\\\/www.mohaba.de\\\/en\\\/kataloge\\\/#primaryimage\",\"url\":\"https:\\\/\\\/www.mohaba.de\\\/relaunch\\\/wp-content\\\/uploads\\\/2021\\\/07\\\/Stiel-Cover-790x1024.png\",\"contentUrl\":\"https:\\\/\\\/www.mohaba.de\\\/relaunch\\\/wp-content\\\/uploads\\\/2021\\\/07\\\/Stiel-Cover-790x1024.png\"},{\"@type\":\"BreadcrumbList\",\"@id\":\"https:\\\/\\\/www.mohaba.de\\\/en\\\/kataloge\\\/#breadcrumb\",\"itemListElement\":[{\"@type\":\"ListItem\",\"position\":1,\"name\":\"Home\",\"item\":\"https:\\\/\\\/www.mohaba.de\\\/\"},{\"@type\":\"ListItem\",\"position\":2,\"name\":\"Kataloge\"}]},{\"@type\":\"WebSite\",\"@id\":\"https:\\\/\\\/www.mohaba.de\\\/#website\",\"url\":\"https:\\\/\\\/www.mohaba.de\\\/\",\"name\":\"Mohaba\",\"description\":\"\",\"publisher\":{\"@id\":\"https:\\\/\\\/www.mohaba.de\\\/#organization\"},\"potentialAction\":[{\"@type\":\"SearchAction\",\"target\":{\"@type\":\"EntryPoint\",\"urlTemplate\":\"https:\\\/\\\/www.mohaba.de\\\/?s={search_term_string}\"},\"query-input\":{\"@type\":\"PropertyValueSpecification\",\"valueRequired\":true,\"valueName\":\"search_term_string\"}}],\"inLanguage\":\"fr-FR\"},{\"@type\":\"Organization\",\"@id\":\"https:\\\/\\\/www.mohaba.de\\\/#organization\",\"name\":\"Mohaba\",\"url\":\"https:\\\/\\\/www.mohaba.de\\\/\",\"logo\":{\"@type\":\"ImageObject\",\"inLanguage\":\"fr-FR\",\"@id\":\"https:\\\/\\\/www.mohaba.de\\\/#\\\/schema\\\/logo\\\/image\\\/\",\"url\":\"https:\\\/\\\/www.mohaba.de\\\/relaunch\\\/wp-content\\\/uploads\\\/2020\\\/11\\\/Logo-1.png\",\"contentUrl\":\"https:\\\/\\\/www.mohaba.de\\\/relaunch\\\/wp-content\\\/uploads\\\/2020\\\/11\\\/Logo-1.png\",\"width\":1080,\"height\":1080,\"caption\":\"Mohaba\"},\"image\":{\"@id\":\"https:\\\/\\\/www.mohaba.de\\\/#\\\/schema\\\/logo\\\/image\\\/\"}}]}<\/script>\n<!-- \/ Yoast SEO plugin. -->","yoast_head_json":{"title":"Kataloge - Mohaba","robots":{"index":"index","follow":"follow","max-snippet":"max-snippet:-1","max-image-preview":"max-image-preview:large","max-video-preview":"max-video-preview:-1"},"canonical":"https:\/\/www.mohaba.de\/fr\/kataloge\/","og_locale":"fr_FR","og_type":"article","og_title":"Kataloge - Mohaba","og_description":"Unsere Kataloge als PDF zum Download","og_url":"https:\/\/www.mohaba.de\/fr\/kataloge\/","og_site_name":"Mohaba","article_modified_time":"2021-07-06T15:51:34+00:00","og_image":[{"url":"https:\/\/www.mohaba.de\/relaunch\/wp-content\/uploads\/2021\/07\/Gu\u0308hweintassebCover-791x1024.png","type":"","width":"","height":""}],"twitter_card":"summary_large_image","twitter_misc":{"Dur\u00e9e de lecture estim\u00e9e":"2 minutes"},"schema":{"@context":"https:\/\/schema.org","@graph":[{"@type":"WebPage","@id":"https:\/\/www.mohaba.de\/en\/kataloge\/","url":"https:\/\/www.mohaba.de\/en\/kataloge\/","name":"Kataloge - Mohaba","isPartOf":{"@id":"https:\/\/www.mohaba.de\/#website"},"primaryImageOfPage":{"@id":"https:\/\/www.mohaba.de\/en\/kataloge\/#primaryimage"},"image":{"@id":"https:\/\/www.mohaba.de\/en\/kataloge\/#primaryimage"},"thumbnailUrl":"https:\/\/www.mohaba.de\/relaunch\/wp-content\/uploads\/2021\/07\/Stiel-Cover-790x1024.png","datePublished":"2021-07-06T15:45:35+00:00","dateModified":"2021-07-06T15:51:34+00:00","breadcrumb":{"@id":"https:\/\/www.mohaba.de\/en\/kataloge\/#breadcrumb"},"inLanguage":"fr-FR","potentialAction":[{"@type":"ReadAction","target":["https:\/\/www.mohaba.de\/en\/kataloge\/"]}]},{"@type":"ImageObject","inLanguage":"fr-FR","@id":"https:\/\/www.mohaba.de\/en\/kataloge\/#primaryimage","url":"https:\/\/www.mohaba.de\/relaunch\/wp-content\/uploads\/2021\/07\/Stiel-Cover-790x1024.png","contentUrl":"https:\/\/www.mohaba.de\/relaunch\/wp-content\/uploads\/2021\/07\/Stiel-Cover-790x1024.png"},{"@type":"BreadcrumbList","@id":"https:\/\/www.mohaba.de\/en\/kataloge\/#breadcrumb","itemListElement":[{"@type":"ListItem","position":1,"name":"Home","item":"https:\/\/www.mohaba.de\/"},{"@type":"ListItem","position":2,"name":"Kataloge"}]},{"@type":"WebSite","@id":"https:\/\/www.mohaba.de\/#website","url":"https:\/\/www.mohaba.de\/","name":"Mohaba","description":"","publisher":{"@id":"https:\/\/www.mohaba.de\/#organization"},"potentialAction":[{"@type":"SearchAction","target":{"@type":"EntryPoint","urlTemplate":"https:\/\/www.mohaba.de\/?s={search_term_string}"},"query-input":{"@type":"PropertyValueSpecification","valueRequired":true,"valueName":"search_term_string"}}],"inLanguage":"fr-FR"},{"@type":"Organization","@id":"https:\/\/www.mohaba.de\/#organization","name":"Mohaba","url":"https:\/\/www.mohaba.de\/","logo":{"@type":"ImageObject","inLanguage":"fr-FR","@id":"https:\/\/www.mohaba.de\/#\/schema\/logo\/image\/","url":"https:\/\/www.mohaba.de\/relaunch\/wp-content\/uploads\/2020\/11\/Logo-1.png","contentUrl":"https:\/\/www.mohaba.de\/relaunch\/wp-content\/uploads\/2020\/11\/Logo-1.png","width":1080,"height":1080,"caption":"Mohaba"},"image":{"@id":"https:\/\/www.mohaba.de\/#\/schema\/logo\/image\/"}}]}},"_links":{"self":[{"href":"https:\/\/www.mohaba.de\/fr\/wp-json\/wp\/v2\/pages\/775","targetHints":{"allow":["GET"]}}],"collection":[{"href":"https:\/\/www.mohaba.de\/fr\/wp-json\/wp\/v2\/pages"}],"about":[{"href":"https:\/\/www.mohaba.de\/fr\/wp-json\/wp\/v2\/types\/page"}],"author":[{"embeddable":true,"href":"https:\/\/www.mohaba.de\/fr\/wp-json\/wp\/v2\/users\/3"}],"replies":[{"embeddable":true,"href":"https:\/\/www.mohaba.de\/fr\/wp-json\/wp\/v2\/comments?post=775"}],"version-history":[{"count":7,"href":"https:\/\/www.mohaba.de\/fr\/wp-json\/wp\/v2\/pages\/775\/revisions"}],"predecessor-version":[{"id":783,"href":"https:\/\/www.mohaba.de\/fr\/wp-json\/wp\/v2\/pages\/775\/revisions\/783"}],"wp:attachment":[{"href":"https:\/\/www.mohaba.de\/fr\/wp-json\/wp\/v2\/media?parent=775"}],"curies":[{"name":"wp","href":"https:\/\/api.w.org\/{rel}","templated":true}]}}