{"id":378,"date":"2021-07-01T10:17:57","date_gmt":"2021-07-01T08:17:57","guid":{"rendered":"https:\/\/www.mohaba.de\/relaunch\/stielglaeser\/"},"modified":"2022-05-10T09:34:23","modified_gmt":"2022-05-10T07:34:23","slug":"stielglaeser","status":"publish","type":"page","link":"https:\/\/www.mohaba.de\/fr\/stielglaeser\/","title":{"rendered":"Verres \u00e0 pied"},"content":{"rendered":"<div data-elementor-type=\"wp-page\" data-elementor-id=\"378\" class=\"elementor elementor-378\" data-elementor-post-type=\"page\">\n\t\t\t\t\t\t<section class=\"elementor-section elementor-top-section elementor-element elementor-element-1874dc12 elementor-section-full_width elementor-section-height-default elementor-section-height-default\" data-id=\"1874dc12\" data-element_type=\"section\" data-e-type=\"section\">\n\t\t\t\t\t\t<div class=\"elementor-container elementor-column-gap-default\">\n\t\t\t\t\t<div class=\"elementor-column elementor-col-100 elementor-top-column elementor-element elementor-element-73043c71\" data-id=\"73043c71\" data-element_type=\"column\" data-e-type=\"column\">\n\t\t\t<div class=\"elementor-widget-wrap elementor-element-populated\">\n\t\t\t\t\t\t<div class=\"elementor-element elementor-element-2183f97f elementor-widget elementor-widget-image\" data-id=\"2183f97f\" data-element_type=\"widget\" data-e-type=\"widget\" data-widget_type=\"image.default\">\n\t\t\t\t<div class=\"elementor-widget-container\">\n\t\t\t\t\t\t\t\t\t\t\t\t\t\t\t<img fetchpriority=\"high\" decoding=\"async\" width=\"2560\" height=\"962\" src=\"https:\/\/www.mohaba.de\/relaunch\/wp-content\/uploads\/2021\/09\/Stiel_Hero_HiDPI-scaled.jpg\" class=\"attachment-full size-full wp-image-1751\" alt=\"Stielgl\u00e4ser, Champagnerglas Sektglas\" srcset=\"https:\/\/www.mohaba.de\/relaunch\/wp-content\/uploads\/2021\/09\/Stiel_Hero_HiDPI-scaled.jpg 2560w, https:\/\/www.mohaba.de\/relaunch\/wp-content\/uploads\/2021\/09\/Stiel_Hero_HiDPI-300x113.jpg 300w, https:\/\/www.mohaba.de\/relaunch\/wp-content\/uploads\/2021\/09\/Stiel_Hero_HiDPI-1024x385.jpg 1024w, https:\/\/www.mohaba.de\/relaunch\/wp-content\/uploads\/2021\/09\/Stiel_Hero_HiDPI-768x289.jpg 768w, https:\/\/www.mohaba.de\/relaunch\/wp-content\/uploads\/2021\/09\/Stiel_Hero_HiDPI-1536x577.jpg 1536w, https:\/\/www.mohaba.de\/relaunch\/wp-content\/uploads\/2021\/09\/Stiel_Hero_HiDPI-2048x769.jpg 2048w\" sizes=\"(max-width: 2560px) 100vw, 2560px\" \/>\t\t\t\t\t\t\t\t\t\t\t\t\t\t\t<\/div>\n\t\t\t\t<\/div>\n\t\t\t\t\t<\/div>\n\t\t<\/div>\n\t\t\t\t\t<\/div>\n\t\t<\/section>\n\t\t\t\t<section class=\"elementor-section elementor-top-section elementor-element elementor-element-4c61a3ab elementor-section-boxed elementor-section-height-default elementor-section-height-default\" data-id=\"4c61a3ab\" data-element_type=\"section\" data-e-type=\"section\">\n\t\t\t\t\t\t<div class=\"elementor-container elementor-column-gap-default\">\n\t\t\t\t\t<div class=\"elementor-column elementor-col-100 elementor-top-column elementor-element elementor-element-448c10da\" data-id=\"448c10da\" data-element_type=\"column\" data-e-type=\"column\">\n\t\t\t<div class=\"elementor-widget-wrap elementor-element-populated\">\n\t\t\t\t\t\t<div class=\"elementor-element elementor-element-a4e4fcb elementor-hidden-tablet elementor-hidden-phone elementor-widget elementor-widget-image\" data-id=\"a4e4fcb\" data-element_type=\"widget\" data-e-type=\"widget\" data-widget_type=\"image.default\">\n\t\t\t\t<div class=\"elementor-widget-container\">\n\t\t\t\t\t\t\t\t\t\t\t\t\t\t\t<img decoding=\"async\" width=\"150\" height=\"150\" src=\"https:\/\/www.mohaba.de\/relaunch\/wp-content\/uploads\/2021\/07\/Zeichenfla\u0308che-1_9-150x150.png\" class=\"attachment-thumbnail size-thumbnail wp-image-719\" alt=\"\" srcset=\"https:\/\/www.mohaba.de\/relaunch\/wp-content\/uploads\/2021\/07\/Zeichenfla\u0308che-1_9-150x150.png 150w, https:\/\/www.mohaba.de\/relaunch\/wp-content\/uploads\/2021\/07\/Zeichenfla\u0308che-1_9-300x300.png 300w, https:\/\/www.mohaba.de\/relaunch\/wp-content\/uploads\/2021\/07\/Zeichenfla\u0308che-1_9-1024x1024.png 1024w, https:\/\/www.mohaba.de\/relaunch\/wp-content\/uploads\/2021\/07\/Zeichenfla\u0308che-1_9-768x768.png 768w, https:\/\/www.mohaba.de\/relaunch\/wp-content\/uploads\/2021\/07\/Zeichenfla\u0308che-1_9.png 1081w\" sizes=\"(max-width: 150px) 100vw, 150px\" \/>\t\t\t\t\t\t\t\t\t\t\t\t\t\t\t<\/div>\n\t\t\t\t<\/div>\n\t\t\t\t<div class=\"elementor-element elementor-element-3de4810 elementor-hidden-desktop elementor-widget elementor-widget-image\" data-id=\"3de4810\" data-element_type=\"widget\" data-e-type=\"widget\" data-widget_type=\"image.default\">\n\t\t\t\t<div class=\"elementor-widget-container\">\n\t\t\t\t\t\t\t\t\t\t\t\t\t\t\t<img decoding=\"async\" width=\"150\" height=\"150\" src=\"https:\/\/www.mohaba.de\/relaunch\/wp-content\/uploads\/2021\/08\/Stielglas_Icon_White-150x150.png\" class=\"attachment-thumbnail size-thumbnail wp-image-1321\" alt=\"\" \/>\t\t\t\t\t\t\t\t\t\t\t\t\t\t\t<\/div>\n\t\t\t\t<\/div>\n\t\t\t\t\t<\/div>\n\t\t<\/div>\n\t\t\t\t\t<\/div>\n\t\t<\/section>\n\t\t\t\t<section class=\"elementor-section elementor-top-section elementor-element elementor-element-232949b6 elementor-section-boxed elementor-section-height-default elementor-section-height-default\" data-id=\"232949b6\" data-element_type=\"section\" data-e-type=\"section\">\n\t\t\t\t\t\t<div class=\"elementor-container elementor-column-gap-default\">\n\t\t\t\t\t<div class=\"elementor-column elementor-col-50 elementor-top-column elementor-element elementor-element-7d33cc37\" data-id=\"7d33cc37\" data-element_type=\"column\" data-e-type=\"column\" data-settings=\"{&quot;background_background&quot;:&quot;classic&quot;}\">\n\t\t\t<div class=\"elementor-widget-wrap elementor-element-populated\">\n\t\t\t\t\t\t<div class=\"elementor-element elementor-element-1e41964 elementor-widget elementor-widget-heading\" data-id=\"1e41964\" data-element_type=\"widget\" data-e-type=\"widget\" data-widget_type=\"heading.default\">\n\t\t\t\t<div class=\"elementor-widget-container\">\n\t\t\t\t\t<h1 class=\"elementor-heading-title elementor-size-default\">Verres \u00e0 pied<\/h1>\t\t\t\t<\/div>\n\t\t\t\t<\/div>\n\t\t\t\t<div class=\"elementor-element elementor-element-1699bca7 elementor-widget elementor-widget-text-editor\" data-id=\"1699bca7\" data-element_type=\"widget\" data-e-type=\"widget\" data-widget_type=\"text-editor.default\">\n\t\t\t\t<div class=\"elementor-widget-container\">\n\t\t\t\t\t\t\t\t\t<p>La culture du vin et la joie de vivre - deux notions qui vont sans aucun doute de pair. Le bon vin s'accompagne sans aucun doute d'un verre adapt\u00e9 pour soutenir de mani\u00e8re optimale le go\u00fbt et l'aspect du vin. Qu'il s'agisse de vin blanc, de vin rouge ou de vin mousseux, vous trouverez dans notre catalogue \"Verres \u00e0 pied\" des variantes de verres \u00e9l\u00e9gantes et pratiques pour votre utilisation. Si vous ne trouvez pas ce que vous cherchez, n'h\u00e9sitez pas \u00e0 nous contacter, nous trouverons le verre qui vous convient.<\/p>\t\t\t\t\t\t\t\t<\/div>\n\t\t\t\t<\/div>\n\t\t\t\t<div class=\"elementor-element elementor-element-20c3d5c9 elementor-align-center elementor-absolute elementor-hidden-tablet elementor-hidden-phone elementor-widget elementor-widget-button\" data-id=\"20c3d5c9\" data-element_type=\"widget\" data-e-type=\"widget\" data-settings=\"{&quot;_position&quot;:&quot;absolute&quot;}\" data-widget_type=\"button.default\">\n\t\t\t\t<div class=\"elementor-widget-container\">\n\t\t\t\t\t\t\t\t\t<div class=\"elementor-button-wrapper\">\n\t\t\t\t\t<a class=\"elementor-button elementor-button-link elementor-size-xs\" href=\"https:\/\/www.mohaba.de\/relaunch\/wp-content\/uploads\/2022\/05\/Katalog_Stielgla\u0308ser_DE.pdf\" target=\"_blank\">\n\t\t\t\t\t\t<span class=\"elementor-button-content-wrapper\">\n\t\t\t\t\t\t\t\t\t<span class=\"elementor-button-text\">Catalogue \u00e0 t\u00e9l\u00e9charger<\/span>\n\t\t\t\t\t<\/span>\n\t\t\t\t\t<\/a>\n\t\t\t\t<\/div>\n\t\t\t\t\t\t\t\t<\/div>\n\t\t\t\t<\/div>\n\t\t\t\t\t<\/div>\n\t\t<\/div>\n\t\t\t\t<div class=\"elementor-column elementor-col-50 elementor-top-column elementor-element elementor-element-ecd64a9\" data-id=\"ecd64a9\" data-element_type=\"column\" data-e-type=\"column\">\n\t\t\t<div class=\"elementor-widget-wrap elementor-element-populated\">\n\t\t\t\t\t\t<div class=\"elementor-element elementor-element-41f07757 elementor-align-center elementor-absolute elementor-hidden-desktop hide-en elementor-widget elementor-widget-button\" data-id=\"41f07757\" data-element_type=\"widget\" data-e-type=\"widget\" data-settings=\"{&quot;_position&quot;:&quot;absolute&quot;}\" data-widget_type=\"button.default\">\n\t\t\t\t<div class=\"elementor-widget-container\">\n\t\t\t\t\t\t\t\t\t<div class=\"elementor-button-wrapper\">\n\t\t\t\t\t<a class=\"elementor-button elementor-button-link elementor-size-xs\" href=\"\/fr\/3d-flip-book\/stielglaeser\/\" target=\"_blank\">\n\t\t\t\t\t\t<span class=\"elementor-button-content-wrapper\">\n\t\t\t\t\t\t\t\t\t<span class=\"elementor-button-text\">ZUM KATALOG<\/span>\n\t\t\t\t\t<\/span>\n\t\t\t\t\t<\/a>\n\t\t\t\t<\/div>\n\t\t\t\t\t\t\t\t<\/div>\n\t\t\t\t<\/div>\n\t\t\t\t<div class=\"elementor-element elementor-element-336f09d elementor-align-center elementor-absolute elementor-hidden-desktop hide-de elementor-widget elementor-widget-button\" data-id=\"336f09d\" data-element_type=\"widget\" data-e-type=\"widget\" data-settings=\"{&quot;_position&quot;:&quot;absolute&quot;}\" data-widget_type=\"button.default\">\n\t\t\t\t<div class=\"elementor-widget-container\">\n\t\t\t\t\t\t\t\t\t<div class=\"elementor-button-wrapper\">\n\t\t\t\t\t<a class=\"elementor-button elementor-button-link elementor-size-xs\" href=\"\/fr\/3d-flip-book\/stemware\/\" target=\"_blank\">\n\t\t\t\t\t\t<span class=\"elementor-button-content-wrapper\">\n\t\t\t\t\t\t\t\t\t<span class=\"elementor-button-text\">ZUM KATALOG<\/span>\n\t\t\t\t\t<\/span>\n\t\t\t\t\t<\/a>\n\t\t\t\t<\/div>\n\t\t\t\t\t\t\t\t<\/div>\n\t\t\t\t<\/div>\n\t\t\t\t<div class=\"elementor-element elementor-element-f23bd65 elementor-align-center elementor-absolute elementor-hidden-tablet elementor-hidden-phone hide-en elementor-widget elementor-widget-button\" data-id=\"f23bd65\" data-element_type=\"widget\" data-e-type=\"widget\" data-settings=\"{&quot;_position&quot;:&quot;absolute&quot;}\" data-widget_type=\"button.default\">\n\t\t\t\t<div class=\"elementor-widget-container\">\n\t\t\t\t\t\t\t\t\t<div class=\"elementor-button-wrapper\">\n\t\t\t\t\t<a class=\"elementor-button elementor-button-link elementor-size-xs\" href=\"\/fr\/3d-flip-book\/stielglaeser\/\" target=\"_blank\">\n\t\t\t\t\t\t<span class=\"elementor-button-content-wrapper\">\n\t\t\t\t\t\t\t\t\t<span class=\"elementor-button-text\">Consulter le catalogue en ligne<\/span>\n\t\t\t\t\t<\/span>\n\t\t\t\t\t<\/a>\n\t\t\t\t<\/div>\n\t\t\t\t\t\t\t\t<\/div>\n\t\t\t\t<\/div>\n\t\t\t\t<div class=\"elementor-element elementor-element-23091ad elementor-align-center elementor-absolute elementor-hidden-tablet elementor-hidden-phone hide-de elementor-widget elementor-widget-button\" data-id=\"23091ad\" data-element_type=\"widget\" data-e-type=\"widget\" data-settings=\"{&quot;_position&quot;:&quot;absolute&quot;}\" data-widget_type=\"button.default\">\n\t\t\t\t<div class=\"elementor-widget-container\">\n\t\t\t\t\t\t\t\t\t<div class=\"elementor-button-wrapper\">\n\t\t\t\t\t<a class=\"elementor-button elementor-button-link elementor-size-xs\" href=\"\/fr\/3d-flip-book\/stemware\/\" target=\"_blank\">\n\t\t\t\t\t\t<span class=\"elementor-button-content-wrapper\">\n\t\t\t\t\t\t\t\t\t<span class=\"elementor-button-text\">Consulter le catalogue en ligne<\/span>\n\t\t\t\t\t<\/span>\n\t\t\t\t\t<\/a>\n\t\t\t\t<\/div>\n\t\t\t\t\t\t\t\t<\/div>\n\t\t\t\t<\/div>\n\t\t\t\t<div class=\"elementor-element elementor-element-38b105f elementor-widget elementor-widget-image\" data-id=\"38b105f\" data-element_type=\"widget\" data-e-type=\"widget\" data-widget_type=\"image.default\">\n\t\t\t\t<div class=\"elementor-widget-container\">\n\t\t\t\t\t\t\t\t\t\t\t\t\t\t\t<img loading=\"lazy\" decoding=\"async\" width=\"1240\" height=\"1754\" src=\"https:\/\/www.mohaba.de\/relaunch\/wp-content\/uploads\/2021\/08\/StielglaeserCover.jpg\" class=\"attachment-full size-full wp-image-1257\" alt=\"Stielgl\u00e4ser, Stemware, Cocktailglas, Sektglas, Sektfl\u00f6te, Weinglas\" srcset=\"https:\/\/www.mohaba.de\/relaunch\/wp-content\/uploads\/2021\/08\/StielglaeserCover.jpg 1240w, https:\/\/www.mohaba.de\/relaunch\/wp-content\/uploads\/2021\/08\/StielglaeserCover-212x300.jpg 212w, https:\/\/www.mohaba.de\/relaunch\/wp-content\/uploads\/2021\/08\/StielglaeserCover-724x1024.jpg 724w, https:\/\/www.mohaba.de\/relaunch\/wp-content\/uploads\/2021\/08\/StielglaeserCover-768x1086.jpg 768w, https:\/\/www.mohaba.de\/relaunch\/wp-content\/uploads\/2021\/08\/StielglaeserCover-1086x1536.jpg 1086w\" sizes=\"(max-width: 1240px) 100vw, 1240px\" \/>\t\t\t\t\t\t\t\t\t\t\t\t\t\t\t<\/div>\n\t\t\t\t<\/div>\n\t\t\t\t\t<\/div>\n\t\t<\/div>\n\t\t\t\t\t<\/div>\n\t\t<\/section>\n\t\t\t\t<\/div>","protected":false},"excerpt":{"rendered":"<p>Stielgl\u00e4ser Weinkultur und Lebensgef\u00fchl \u2013 zwei Begriffe die zweifellos zusammengeh\u00f6ren. Zum richtigen Wein geh\u00f6rt ebenfalls zweifellos das passende Glas um Geschmack und Optik des Weines optimal zu unterst\u00fctzen. Ob Wei\u00dfwein, Rotwein oder Schaumwein, in unserem Katalog \u201eStielgl\u00e4ser\u201c finden Sie sowohl elegante als auch praktische Glasvarianten f\u00fcr Ihren Einsatzzweck. Sollten Sie hier nicht f\u00fcndig werden, scheuen [&hellip;]<\/p>\n","protected":false},"author":3,"featured_media":0,"parent":0,"menu_order":0,"comment_status":"closed","ping_status":"closed","template":"","meta":{"site-sidebar-layout":"no-sidebar","site-content-layout":"page-builder","ast-site-content-layout":"default","site-content-style":"default","site-sidebar-style":"default","ast-global-header-display":"","ast-banner-title-visibility":"","ast-main-header-display":"","ast-hfb-above-header-display":"","ast-hfb-below-header-display":"","ast-hfb-mobile-header-display":"","site-post-title":"disabled","ast-breadcrumbs-content":"","ast-featured-img":"disabled","footer-sml-layout":"","ast-disable-related-posts":"","theme-transparent-header-meta":"default","adv-header-id-meta":"","stick-header-meta":"","header-above-stick-meta":"","header-main-stick-meta":"","header-below-stick-meta":"","astra-migrate-meta-layouts":"default","ast-page-background-enabled":"default","ast-page-background-meta":{"desktop":{"background-color":"","background-image":"","background-repeat":"repeat","background-position":"center center","background-size":"auto","background-attachment":"scroll","background-type":"","background-media":"","overlay-type":"","overlay-color":"","overlay-opacity":"","overlay-gradient":""},"tablet":{"background-color":"","background-image":"","background-repeat":"repeat","background-position":"center center","background-size":"auto","background-attachment":"scroll","background-type":"","background-media":"","overlay-type":"","overlay-color":"","overlay-opacity":"","overlay-gradient":""},"mobile":{"background-color":"","background-image":"","background-repeat":"repeat","background-position":"center center","background-size":"auto","background-attachment":"scroll","background-type":"","background-media":"","overlay-type":"","overlay-color":"","overlay-opacity":"","overlay-gradient":""}},"ast-content-background-meta":{"desktop":{"background-color":"var(--ast-global-color-5)","background-image":"","background-repeat":"repeat","background-position":"center center","background-size":"auto","background-attachment":"scroll","background-type":"","background-media":"","overlay-type":"","overlay-color":"","overlay-opacity":"","overlay-gradient":""},"tablet":{"background-color":"var(--ast-global-color-5)","background-image":"","background-repeat":"repeat","background-position":"center center","background-size":"auto","background-attachment":"scroll","background-type":"","background-media":"","overlay-type":"","overlay-color":"","overlay-opacity":"","overlay-gradient":""},"mobile":{"background-color":"var(--ast-global-color-5)","background-image":"","background-repeat":"repeat","background-position":"center center","background-size":"auto","background-attachment":"scroll","background-type":"","background-media":"","overlay-type":"","overlay-color":"","overlay-opacity":"","overlay-gradient":""}},"footnotes":""},"class_list":["post-378","page","type-page","status-publish","hentry"],"yoast_head":"<!-- This site is optimized with the Yoast SEO plugin v27.5 - https:\/\/yoast.com\/product\/yoast-seo-wordpress\/ -->\n<title>Mohaba - Ihr Spezialist &amp; Partner im Stielgl\u00e4ser bedrucken<\/title>\n<meta name=\"description\" content=\"Ob mit Standardmotiv oder ihrem ganz eigenen Design, wir gestalten Ihre Stielgl\u00e4ser. \u2713Stielgl\u00e4ser bedrucken \u2713Eigenes Design\" \/>\n<meta name=\"robots\" content=\"index, follow, max-snippet:-1, max-image-preview:large, max-video-preview:-1\" \/>\n<link rel=\"canonical\" href=\"https:\/\/www.mohaba.de\/fr\/stielglaeser\/\" \/>\n<meta property=\"og:locale\" content=\"fr_FR\" \/>\n<meta property=\"og:type\" content=\"article\" \/>\n<meta property=\"og:title\" content=\"Mohaba - Ihr Spezialist &amp; Partner im Stielgl\u00e4ser bedrucken\" \/>\n<meta property=\"og:description\" content=\"Ob mit Standardmotiv oder ihrem ganz eigenen Design, wir gestalten Ihre Stielgl\u00e4ser. \u2713Stielgl\u00e4ser bedrucken \u2713Eigenes Design\" \/>\n<meta property=\"og:url\" content=\"https:\/\/www.mohaba.de\/fr\/stielglaeser\/\" \/>\n<meta property=\"og:site_name\" content=\"Mohaba\" \/>\n<meta property=\"article:modified_time\" content=\"2022-05-10T07:34:23+00:00\" \/>\n<meta property=\"og:image\" content=\"https:\/\/www.mohaba.de\/relaunch\/wp-content\/uploads\/2021\/09\/Stiel_Hero_HiDPI-scaled.jpg\" \/>\n<meta name=\"twitter:card\" content=\"summary_large_image\" \/>\n<meta name=\"twitter:label1\" content=\"Dur\u00e9e de lecture estim\u00e9e\" \/>\n\t<meta name=\"twitter:data1\" content=\"2 minutes\" \/>\n<script type=\"application\/ld+json\" class=\"yoast-schema-graph\">{\"@context\":\"https:\\\/\\\/schema.org\",\"@graph\":[{\"@type\":\"WebPage\",\"@id\":\"https:\\\/\\\/www.mohaba.de\\\/stielglaeser\\\/\",\"url\":\"https:\\\/\\\/www.mohaba.de\\\/stielglaeser\\\/\",\"name\":\"Mohaba - Ihr Spezialist & Partner im Stielgl\u00e4ser bedrucken\",\"isPartOf\":{\"@id\":\"https:\\\/\\\/www.mohaba.de\\\/#website\"},\"primaryImageOfPage\":{\"@id\":\"https:\\\/\\\/www.mohaba.de\\\/stielglaeser\\\/#primaryimage\"},\"image\":{\"@id\":\"https:\\\/\\\/www.mohaba.de\\\/stielglaeser\\\/#primaryimage\"},\"thumbnailUrl\":\"https:\\\/\\\/www.mohaba.de\\\/relaunch\\\/wp-content\\\/uploads\\\/2021\\\/09\\\/Stiel_Hero_HiDPI-scaled.jpg\",\"datePublished\":\"2021-07-01T08:17:57+00:00\",\"dateModified\":\"2022-05-10T07:34:23+00:00\",\"description\":\"Ob mit Standardmotiv oder ihrem ganz eigenen Design, wir gestalten Ihre Stielgl\u00e4ser. \u2713Stielgl\u00e4ser bedrucken \u2713Eigenes Design\",\"breadcrumb\":{\"@id\":\"https:\\\/\\\/www.mohaba.de\\\/stielglaeser\\\/#breadcrumb\"},\"inLanguage\":\"fr-FR\",\"potentialAction\":[{\"@type\":\"ReadAction\",\"target\":[\"https:\\\/\\\/www.mohaba.de\\\/stielglaeser\\\/\"]}]},{\"@type\":\"ImageObject\",\"inLanguage\":\"fr-FR\",\"@id\":\"https:\\\/\\\/www.mohaba.de\\\/stielglaeser\\\/#primaryimage\",\"url\":\"https:\\\/\\\/www.mohaba.de\\\/relaunch\\\/wp-content\\\/uploads\\\/2021\\\/09\\\/Stiel_Hero_HiDPI-scaled.jpg\",\"contentUrl\":\"https:\\\/\\\/www.mohaba.de\\\/relaunch\\\/wp-content\\\/uploads\\\/2021\\\/09\\\/Stiel_Hero_HiDPI-scaled.jpg\"},{\"@type\":\"BreadcrumbList\",\"@id\":\"https:\\\/\\\/www.mohaba.de\\\/stielglaeser\\\/#breadcrumb\",\"itemListElement\":[{\"@type\":\"ListItem\",\"position\":1,\"name\":\"Home\",\"item\":\"https:\\\/\\\/www.mohaba.de\\\/\"},{\"@type\":\"ListItem\",\"position\":2,\"name\":\"Stielgl\u00e4ser\"}]},{\"@type\":\"WebSite\",\"@id\":\"https:\\\/\\\/www.mohaba.de\\\/#website\",\"url\":\"https:\\\/\\\/www.mohaba.de\\\/\",\"name\":\"Mohaba\",\"description\":\"\",\"publisher\":{\"@id\":\"https:\\\/\\\/www.mohaba.de\\\/#organization\"},\"potentialAction\":[{\"@type\":\"SearchAction\",\"target\":{\"@type\":\"EntryPoint\",\"urlTemplate\":\"https:\\\/\\\/www.mohaba.de\\\/?s={search_term_string}\"},\"query-input\":{\"@type\":\"PropertyValueSpecification\",\"valueRequired\":true,\"valueName\":\"search_term_string\"}}],\"inLanguage\":\"fr-FR\"},{\"@type\":\"Organization\",\"@id\":\"https:\\\/\\\/www.mohaba.de\\\/#organization\",\"name\":\"Mohaba\",\"url\":\"https:\\\/\\\/www.mohaba.de\\\/\",\"logo\":{\"@type\":\"ImageObject\",\"inLanguage\":\"fr-FR\",\"@id\":\"https:\\\/\\\/www.mohaba.de\\\/#\\\/schema\\\/logo\\\/image\\\/\",\"url\":\"https:\\\/\\\/www.mohaba.de\\\/relaunch\\\/wp-content\\\/uploads\\\/2020\\\/11\\\/Logo-1.png\",\"contentUrl\":\"https:\\\/\\\/www.mohaba.de\\\/relaunch\\\/wp-content\\\/uploads\\\/2020\\\/11\\\/Logo-1.png\",\"width\":1080,\"height\":1080,\"caption\":\"Mohaba\"},\"image\":{\"@id\":\"https:\\\/\\\/www.mohaba.de\\\/#\\\/schema\\\/logo\\\/image\\\/\"}}]}<\/script>\n<!-- \/ Yoast SEO plugin. -->","yoast_head_json":{"title":"Mohaba - Ihr Spezialist & Partner im Stielgl\u00e4ser bedrucken","description":"Ob mit Standardmotiv oder ihrem ganz eigenen Design, wir gestalten Ihre Stielgl\u00e4ser. \u2713Stielgl\u00e4ser bedrucken \u2713Eigenes Design","robots":{"index":"index","follow":"follow","max-snippet":"max-snippet:-1","max-image-preview":"max-image-preview:large","max-video-preview":"max-video-preview:-1"},"canonical":"https:\/\/www.mohaba.de\/fr\/stielglaeser\/","og_locale":"fr_FR","og_type":"article","og_title":"Mohaba - Ihr Spezialist & Partner im Stielgl\u00e4ser bedrucken","og_description":"Ob mit Standardmotiv oder ihrem ganz eigenen Design, wir gestalten Ihre Stielgl\u00e4ser. \u2713Stielgl\u00e4ser bedrucken \u2713Eigenes Design","og_url":"https:\/\/www.mohaba.de\/fr\/stielglaeser\/","og_site_name":"Mohaba","article_modified_time":"2022-05-10T07:34:23+00:00","og_image":[{"url":"https:\/\/www.mohaba.de\/relaunch\/wp-content\/uploads\/2021\/09\/Stiel_Hero_HiDPI-scaled.jpg","type":"","width":"","height":""}],"twitter_card":"summary_large_image","twitter_misc":{"Dur\u00e9e de lecture estim\u00e9e":"2 minutes"},"schema":{"@context":"https:\/\/schema.org","@graph":[{"@type":"WebPage","@id":"https:\/\/www.mohaba.de\/stielglaeser\/","url":"https:\/\/www.mohaba.de\/stielglaeser\/","name":"Mohaba - Ihr Spezialist & Partner im Stielgl\u00e4ser bedrucken","isPartOf":{"@id":"https:\/\/www.mohaba.de\/#website"},"primaryImageOfPage":{"@id":"https:\/\/www.mohaba.de\/stielglaeser\/#primaryimage"},"image":{"@id":"https:\/\/www.mohaba.de\/stielglaeser\/#primaryimage"},"thumbnailUrl":"https:\/\/www.mohaba.de\/relaunch\/wp-content\/uploads\/2021\/09\/Stiel_Hero_HiDPI-scaled.jpg","datePublished":"2021-07-01T08:17:57+00:00","dateModified":"2022-05-10T07:34:23+00:00","description":"Ob mit Standardmotiv oder ihrem ganz eigenen Design, wir gestalten Ihre Stielgl\u00e4ser. \u2713Stielgl\u00e4ser bedrucken \u2713Eigenes Design","breadcrumb":{"@id":"https:\/\/www.mohaba.de\/stielglaeser\/#breadcrumb"},"inLanguage":"fr-FR","potentialAction":[{"@type":"ReadAction","target":["https:\/\/www.mohaba.de\/stielglaeser\/"]}]},{"@type":"ImageObject","inLanguage":"fr-FR","@id":"https:\/\/www.mohaba.de\/stielglaeser\/#primaryimage","url":"https:\/\/www.mohaba.de\/relaunch\/wp-content\/uploads\/2021\/09\/Stiel_Hero_HiDPI-scaled.jpg","contentUrl":"https:\/\/www.mohaba.de\/relaunch\/wp-content\/uploads\/2021\/09\/Stiel_Hero_HiDPI-scaled.jpg"},{"@type":"BreadcrumbList","@id":"https:\/\/www.mohaba.de\/stielglaeser\/#breadcrumb","itemListElement":[{"@type":"ListItem","position":1,"name":"Home","item":"https:\/\/www.mohaba.de\/"},{"@type":"ListItem","position":2,"name":"Stielgl\u00e4ser"}]},{"@type":"WebSite","@id":"https:\/\/www.mohaba.de\/#website","url":"https:\/\/www.mohaba.de\/","name":"Mohaba","description":"","publisher":{"@id":"https:\/\/www.mohaba.de\/#organization"},"potentialAction":[{"@type":"SearchAction","target":{"@type":"EntryPoint","urlTemplate":"https:\/\/www.mohaba.de\/?s={search_term_string}"},"query-input":{"@type":"PropertyValueSpecification","valueRequired":true,"valueName":"search_term_string"}}],"inLanguage":"fr-FR"},{"@type":"Organization","@id":"https:\/\/www.mohaba.de\/#organization","name":"Mohaba","url":"https:\/\/www.mohaba.de\/","logo":{"@type":"ImageObject","inLanguage":"fr-FR","@id":"https:\/\/www.mohaba.de\/#\/schema\/logo\/image\/","url":"https:\/\/www.mohaba.de\/relaunch\/wp-content\/uploads\/2020\/11\/Logo-1.png","contentUrl":"https:\/\/www.mohaba.de\/relaunch\/wp-content\/uploads\/2020\/11\/Logo-1.png","width":1080,"height":1080,"caption":"Mohaba"},"image":{"@id":"https:\/\/www.mohaba.de\/#\/schema\/logo\/image\/"}}]}},"_links":{"self":[{"href":"https:\/\/www.mohaba.de\/fr\/wp-json\/wp\/v2\/pages\/378","targetHints":{"allow":["GET"]}}],"collection":[{"href":"https:\/\/www.mohaba.de\/fr\/wp-json\/wp\/v2\/pages"}],"about":[{"href":"https:\/\/www.mohaba.de\/fr\/wp-json\/wp\/v2\/types\/page"}],"author":[{"embeddable":true,"href":"https:\/\/www.mohaba.de\/fr\/wp-json\/wp\/v2\/users\/3"}],"replies":[{"embeddable":true,"href":"https:\/\/www.mohaba.de\/fr\/wp-json\/wp\/v2\/comments?post=378"}],"version-history":[{"count":89,"href":"https:\/\/www.mohaba.de\/fr\/wp-json\/wp\/v2\/pages\/378\/revisions"}],"predecessor-version":[{"id":3937,"href":"https:\/\/www.mohaba.de\/fr\/wp-json\/wp\/v2\/pages\/378\/revisions\/3937"}],"wp:attachment":[{"href":"https:\/\/www.mohaba.de\/fr\/wp-json\/wp\/v2\/media?parent=378"}],"curies":[{"name":"wp","href":"https:\/\/api.w.org\/{rel}","templated":true}]}}