{"id":374,"date":"2021-07-01T10:17:57","date_gmt":"2021-07-01T08:17:57","guid":{"rendered":"https:\/\/www.mohaba.de\/relaunch\/impressum\/"},"modified":"2024-12-03T15:17:50","modified_gmt":"2024-12-03T14:17:50","slug":"impressum","status":"publish","type":"page","link":"https:\/\/www.mohaba.de\/fr\/impressum\/","title":{"rendered":"Mentions l\u00e9gales"},"content":{"rendered":"<div data-elementor-type=\"wp-page\" data-elementor-id=\"374\" class=\"elementor elementor-374\" data-elementor-post-type=\"page\">\n\t\t\t\t\t\t<section class=\"elementor-section elementor-top-section elementor-element elementor-element-5e36f66 elementor-section-boxed elementor-section-height-default elementor-section-height-default\" data-id=\"5e36f66\" data-element_type=\"section\" data-e-type=\"section\">\n\t\t\t\t\t\t<div class=\"elementor-container elementor-column-gap-default\">\n\t\t\t\t\t<div class=\"elementor-column elementor-col-100 elementor-top-column elementor-element elementor-element-dbf3646\" data-id=\"dbf3646\" data-element_type=\"column\" data-e-type=\"column\">\n\t\t\t<div class=\"elementor-widget-wrap elementor-element-populated\">\n\t\t\t\t\t\t<div class=\"elementor-element elementor-element-e24bba5 elementor-widget elementor-widget-heading\" data-id=\"e24bba5\" data-element_type=\"widget\" data-e-type=\"widget\" data-widget_type=\"heading.default\">\n\t\t\t\t<div class=\"elementor-widget-container\">\n\t\t\t\t\t<h1 class=\"elementor-heading-title elementor-size-default\">Mentions l\u00e9gales<\/h1>\t\t\t\t<\/div>\n\t\t\t\t<\/div>\n\t\t\t\t<div class=\"elementor-element elementor-element-4479dab elementor-widget elementor-widget-image\" data-id=\"4479dab\" data-element_type=\"widget\" data-e-type=\"widget\" data-widget_type=\"image.default\">\n\t\t\t\t<div class=\"elementor-widget-container\">\n\t\t\t\t\t\t\t\t\t\t\t\t\t\t\t<img decoding=\"async\" width=\"383\" height=\"87\" src=\"https:\/\/www.mohaba.de\/relaunch\/wp-content\/uploads\/2021\/08\/Main-Logo.png\" class=\"attachment-full size-full wp-image-1240\" alt=\"Mohaba Logo\" srcset=\"https:\/\/www.mohaba.de\/relaunch\/wp-content\/uploads\/2021\/08\/Main-Logo.png 383w, https:\/\/www.mohaba.de\/relaunch\/wp-content\/uploads\/2021\/08\/Main-Logo-300x68.png 300w\" sizes=\"(max-width: 383px) 100vw, 383px\" \/>\t\t\t\t\t\t\t\t\t\t\t\t\t\t\t<\/div>\n\t\t\t\t<\/div>\n\t\t\t\t<div class=\"elementor-element elementor-element-e5f0a13 elementor-widget elementor-widget-text-editor\" data-id=\"e5f0a13\" data-element_type=\"widget\" data-e-type=\"widget\" data-widget_type=\"text-editor.default\">\n\t\t\t\t<div class=\"elementor-widget-container\">\n\t\t\t\t\t\t\t\t\tMohaba GmbH &amp; Co. KG\n<br>Mirweilerweg 8\n<br>52349 D\u00fcren\n<br><br>Tel.: +49 2421 9111-0\n<br>Fax.: +49 2421 9111-66\n<br>Mail: info@mohaba.de\n<br><br>Vertreten durch die gesch\u00e4ftsf\u00fchrende und pers\u00f6nlich haftende Gesellschafterin MOHABA Verwaltungs GmbH, AG D\u00fcren, HRB 45, diese vertreten durch den\n<br><br>Gesch\u00e4ftsf\u00fchrer: Guido Schlep\u00fctz\n<br>Prokuristen: Ines Wagner, Simone Schlep\u00fctz\n<br><br><br>Registergericht der KG: AG D\u00fcren\n<br>Register-Nr. der KG: HRA 117\nUStIDNr.: DE122277296<\/p>\nUmsetzung und Realisierung durch\u00a0<a href=\"https:\/\/www.chaerry.com\/\">Content Agentur chaerry<\/a>\u00a0\u2013\u00a0<a href=\"https:\/\/www.chaerry.com\/\">www.chaerry.com<\/a><\/p>\t\t\t\t\t\t\t\t<\/div>\n\t\t\t\t<\/div>\n\t\t\t\t<div class=\"elementor-element elementor-element-10eb09d elementor-widget elementor-widget-heading\" data-id=\"10eb09d\" data-element_type=\"widget\" data-e-type=\"widget\" data-widget_type=\"heading.default\">\n\t\t\t\t<div class=\"elementor-widget-container\">\n\t\t\t\t\t<h2 class=\"elementor-heading-title elementor-size-default\">Clause de non-responsabilit\u00e9 (Disclaimer) <\/h2>\t\t\t\t<\/div>\n\t\t\t\t<\/div>\n\t\t\t\t<div class=\"elementor-element elementor-element-23297c0 elementor-hidden-tablet elementor-hidden-phone elementor-widget elementor-widget-spacer\" data-id=\"23297c0\" data-element_type=\"widget\" data-e-type=\"widget\" data-widget_type=\"spacer.default\">\n\t\t\t\t<div class=\"elementor-widget-container\">\n\t\t\t\t\t\t\t<div class=\"elementor-spacer\">\n\t\t\t<div class=\"elementor-spacer-inner\"><\/div>\n\t\t<\/div>\n\t\t\t\t\t\t<\/div>\n\t\t\t\t<\/div>\n\t\t\t\t<div class=\"elementor-element elementor-element-5541131 elementor-widget elementor-widget-text-editor\" data-id=\"5541131\" data-element_type=\"widget\" data-e-type=\"widget\" data-widget_type=\"text-editor.default\">\n\t\t\t\t<div class=\"elementor-widget-container\">\n\t\t\t\t\t\t\t\t\t<p><strong>Responsabilit\u00e9 du contenu<\/strong><\/p><p>Les contenus des sites web \u00e9trangers auxquels nous renvoyons directement ou indirectement sur notre site web (par des \"hyperliens\" ou des \"liens profonds\") ne rel\u00e8vent pas de notre responsabilit\u00e9 et nous ne nous les approprions pas. Nous pouvons toutefois d\u00e9clarer qu'au moment de l'\u00e9tablissement des liens, aucun contenu ill\u00e9gal n'\u00e9tait identifiable sur les sites web li\u00e9s. Nous n'avons aucune influence sur la conception actuelle et future des contenus ou sur la paternit\u00e9 des sites web li\u00e9s.<\/p><p>C'est pourquoi nous nous distan\u00e7ons express\u00e9ment de tous les contenus de tous les sites Internet li\u00e9s qui ont \u00e9t\u00e9 modifi\u00e9s apr\u00e8s la cr\u00e9ation des liens. Cette constatation s'applique \u00e0 tous les liens et renvois cr\u00e9\u00e9s dans le cadre de notre propre offre Internet. Seul le fournisseur de la page \u00e0 laquelle il est fait r\u00e9f\u00e9rence est responsable des contenus ill\u00e9gaux, erron\u00e9s ou incomplets et, en particulier, des dommages r\u00e9sultant de l'utilisation des informations pouvant \u00eatre consult\u00e9es sur les pages web auxquelles il est fait r\u00e9f\u00e9rence. Si nous prenons connaissance de contenus ill\u00e9gaux, illicites ou erron\u00e9s sur des sites web auxquels nous renvoyons, nous supprimerons le lien.<\/p>\t\t\t\t\t\t\t\t<\/div>\n\t\t\t\t<\/div>\n\t\t\t\t<div class=\"elementor-element elementor-element-4f2bf44 elementor-widget elementor-widget-heading\" data-id=\"4f2bf44\" data-element_type=\"widget\" data-e-type=\"widget\" data-widget_type=\"heading.default\">\n\t\t\t\t<div class=\"elementor-widget-container\">\n\t\t\t\t\t<h2 class=\"elementor-heading-title elementor-size-default\">Droit d'auteur<\/h2>\t\t\t\t<\/div>\n\t\t\t\t<\/div>\n\t\t\t\t<div class=\"elementor-element elementor-element-694da2a elementor-hidden-tablet elementor-hidden-phone elementor-widget elementor-widget-spacer\" data-id=\"694da2a\" data-element_type=\"widget\" data-e-type=\"widget\" data-widget_type=\"spacer.default\">\n\t\t\t\t<div class=\"elementor-widget-container\">\n\t\t\t\t\t\t\t<div class=\"elementor-spacer\">\n\t\t\t<div class=\"elementor-spacer-inner\"><\/div>\n\t\t<\/div>\n\t\t\t\t\t\t<\/div>\n\t\t\t\t<\/div>\n\t\t\t\t<div class=\"elementor-element elementor-element-367602c elementor-widget elementor-widget-text-editor\" data-id=\"367602c\" data-element_type=\"widget\" data-e-type=\"widget\" data-widget_type=\"text-editor.default\">\n\t\t\t\t<div class=\"elementor-widget-container\">\n\t\t\t\t\t\t\t\t\t<p>Les contenus et les \u0153uvres cr\u00e9\u00e9s par les exploitants de ces pages sont soumis au droit d'auteur allemand. La reproduction, le traitement, la diffusion et toute forme d'exploitation en dehors des limites du droit d'auteur requi\u00e8rent l'accord \u00e9crit de l'auteur ou du cr\u00e9ateur concern\u00e9. Les t\u00e9l\u00e9chargements et les copies de ce site ne doivent pas \u00eatre diffus\u00e9s \u00e0 titre on\u00e9reux. Dans la mesure o\u00f9 les contenus de ce site n'ont pas \u00e9t\u00e9 cr\u00e9\u00e9s par l'exploitant, les droits d'auteur de tiers sont respect\u00e9s. Les contenus de tiers sont notamment identifi\u00e9s comme tels. Si vous deviez n\u00e9anmoins constater une violation des droits d'auteur, nous vous prions de nous en informer. D\u00e8s la prise de connaissance d'une violation de la loi, nous supprimerons imm\u00e9diatement les contenus concern\u00e9s.<\/p><p>Les photos de ce site (\u00e0 l'exception des photos de produits) sont soumises au droit d'auteur.<\/p>\t\t\t\t\t\t\t\t<\/div>\n\t\t\t\t<\/div>\n\t\t\t\t\t<\/div>\n\t\t<\/div>\n\t\t\t\t\t<\/div>\n\t\t<\/section>\n\t\t\t\t<\/div>","protected":false},"excerpt":{"rendered":"<p>Impressum Mohaba GmbH &amp; Co. KG Mirweilerweg 8 52349 D\u00fcren Tel.: +49 2421 9111-0 Fax.: +49 2421 9111-66 Mail: info@mohaba.de Vertreten durch die gesch\u00e4ftsf\u00fchrende und pers\u00f6nlich haftende Gesellschafterin MOHABA Verwaltungs GmbH, AG D\u00fcren, HRB 45, diese vertreten durch den Gesch\u00e4ftsf\u00fchrer: Guido Schlep\u00fctz Prokuristen: Ines Wagner, Simone Schlep\u00fctz Registergericht der KG: AG D\u00fcren Register-Nr. der KG: [&hellip;]<\/p>\n","protected":false},"author":3,"featured_media":0,"parent":0,"menu_order":0,"comment_status":"closed","ping_status":"closed","template":"","meta":{"site-sidebar-layout":"no-sidebar","site-content-layout":"page-builder","ast-site-content-layout":"default","site-content-style":"default","site-sidebar-style":"default","ast-global-header-display":"","ast-banner-title-visibility":"","ast-main-header-display":"","ast-hfb-above-header-display":"","ast-hfb-below-header-display":"","ast-hfb-mobile-header-display":"","site-post-title":"disabled","ast-breadcrumbs-content":"","ast-featured-img":"disabled","footer-sml-layout":"","ast-disable-related-posts":"","theme-transparent-header-meta":"","adv-header-id-meta":"","stick-header-meta":"","header-above-stick-meta":"","header-main-stick-meta":"","header-below-stick-meta":"","astra-migrate-meta-layouts":"default","ast-page-background-enabled":"default","ast-page-background-meta":{"desktop":{"background-color":"","background-image":"","background-repeat":"repeat","background-position":"center center","background-size":"auto","background-attachment":"scroll","background-type":"","background-media":"","overlay-type":"","overlay-color":"","overlay-opacity":"","overlay-gradient":""},"tablet":{"background-color":"","background-image":"","background-repeat":"repeat","background-position":"center center","background-size":"auto","background-attachment":"scroll","background-type":"","background-media":"","overlay-type":"","overlay-color":"","overlay-opacity":"","overlay-gradient":""},"mobile":{"background-color":"","background-image":"","background-repeat":"repeat","background-position":"center center","background-size":"auto","background-attachment":"scroll","background-type":"","background-media":"","overlay-type":"","overlay-color":"","overlay-opacity":"","overlay-gradient":""}},"ast-content-background-meta":{"desktop":{"background-color":"var(--ast-global-color-5)","background-image":"","background-repeat":"repeat","background-position":"center center","background-size":"auto","background-attachment":"scroll","background-type":"","background-media":"","overlay-type":"","overlay-color":"","overlay-opacity":"","overlay-gradient":""},"tablet":{"background-color":"var(--ast-global-color-5)","background-image":"","background-repeat":"repeat","background-position":"center center","background-size":"auto","background-attachment":"scroll","background-type":"","background-media":"","overlay-type":"","overlay-color":"","overlay-opacity":"","overlay-gradient":""},"mobile":{"background-color":"var(--ast-global-color-5)","background-image":"","background-repeat":"repeat","background-position":"center center","background-size":"auto","background-attachment":"scroll","background-type":"","background-media":"","overlay-type":"","overlay-color":"","overlay-opacity":"","overlay-gradient":""}},"footnotes":""},"class_list":["post-374","page","type-page","status-publish","hentry"],"yoast_head":"<!-- This site is optimized with the Yoast SEO plugin v27.3 - https:\/\/yoast.com\/product\/yoast-seo-wordpress\/ -->\n<title>Impressum - Mohaba<\/title>\n<meta name=\"robots\" content=\"index, follow, max-snippet:-1, max-image-preview:large, max-video-preview:-1\" \/>\n<link rel=\"canonical\" href=\"https:\/\/www.mohaba.de\/fr\/impressum\/\" \/>\n<meta property=\"og:locale\" content=\"fr_FR\" \/>\n<meta property=\"og:type\" content=\"article\" \/>\n<meta property=\"og:title\" content=\"Impressum - Mohaba\" \/>\n<meta property=\"og:description\" content=\"Impressum Mohaba GmbH &amp; Co. KG Mirweilerweg 8 52349 D\u00fcren Tel.: +49 2421 9111-0 Fax.: +49 2421 9111-66 Mail: info@mohaba.de Vertreten durch die gesch\u00e4ftsf\u00fchrende und pers\u00f6nlich haftende Gesellschafterin MOHABA Verwaltungs GmbH, AG D\u00fcren, HRB 45, diese vertreten durch den Gesch\u00e4ftsf\u00fchrer: Guido Schlep\u00fctz Prokuristen: Ines Wagner, Simone Schlep\u00fctz Registergericht der KG: AG D\u00fcren Register-Nr. der KG: [&hellip;]\" \/>\n<meta property=\"og:url\" content=\"https:\/\/www.mohaba.de\/fr\/impressum\/\" \/>\n<meta property=\"og:site_name\" content=\"Mohaba\" \/>\n<meta property=\"article:modified_time\" content=\"2024-12-03T14:17:50+00:00\" \/>\n<meta property=\"og:image\" content=\"https:\/\/www.mohaba.de\/relaunch\/wp-content\/uploads\/2021\/08\/Main-Logo.png\" \/>\n\t<meta property=\"og:image:width\" content=\"383\" \/>\n\t<meta property=\"og:image:height\" content=\"87\" \/>\n\t<meta property=\"og:image:type\" content=\"image\/png\" \/>\n<meta name=\"twitter:card\" content=\"summary_large_image\" \/>\n<meta name=\"twitter:label1\" content=\"Dur\u00e9e de lecture estim\u00e9e\" \/>\n\t<meta name=\"twitter:data1\" content=\"2 minutes\" \/>\n<script type=\"application\/ld+json\" class=\"yoast-schema-graph\">{\"@context\":\"https:\\\/\\\/schema.org\",\"@graph\":[{\"@type\":\"WebPage\",\"@id\":\"https:\\\/\\\/www.mohaba.de\\\/impressum\\\/\",\"url\":\"https:\\\/\\\/www.mohaba.de\\\/impressum\\\/\",\"name\":\"Impressum - Mohaba\",\"isPartOf\":{\"@id\":\"https:\\\/\\\/www.mohaba.de\\\/#website\"},\"primaryImageOfPage\":{\"@id\":\"https:\\\/\\\/www.mohaba.de\\\/impressum\\\/#primaryimage\"},\"image\":{\"@id\":\"https:\\\/\\\/www.mohaba.de\\\/impressum\\\/#primaryimage\"},\"thumbnailUrl\":\"https:\\\/\\\/www.mohaba.de\\\/relaunch\\\/wp-content\\\/uploads\\\/2021\\\/08\\\/Main-Logo.png\",\"datePublished\":\"2021-07-01T08:17:57+00:00\",\"dateModified\":\"2024-12-03T14:17:50+00:00\",\"breadcrumb\":{\"@id\":\"https:\\\/\\\/www.mohaba.de\\\/impressum\\\/#breadcrumb\"},\"inLanguage\":\"fr-FR\",\"potentialAction\":[{\"@type\":\"ReadAction\",\"target\":[\"https:\\\/\\\/www.mohaba.de\\\/impressum\\\/\"]}]},{\"@type\":\"ImageObject\",\"inLanguage\":\"fr-FR\",\"@id\":\"https:\\\/\\\/www.mohaba.de\\\/impressum\\\/#primaryimage\",\"url\":\"https:\\\/\\\/www.mohaba.de\\\/relaunch\\\/wp-content\\\/uploads\\\/2021\\\/08\\\/Main-Logo.png\",\"contentUrl\":\"https:\\\/\\\/www.mohaba.de\\\/relaunch\\\/wp-content\\\/uploads\\\/2021\\\/08\\\/Main-Logo.png\"},{\"@type\":\"BreadcrumbList\",\"@id\":\"https:\\\/\\\/www.mohaba.de\\\/impressum\\\/#breadcrumb\",\"itemListElement\":[{\"@type\":\"ListItem\",\"position\":1,\"name\":\"Home\",\"item\":\"https:\\\/\\\/www.mohaba.de\\\/\"},{\"@type\":\"ListItem\",\"position\":2,\"name\":\"Impressum\"}]},{\"@type\":\"WebSite\",\"@id\":\"https:\\\/\\\/www.mohaba.de\\\/#website\",\"url\":\"https:\\\/\\\/www.mohaba.de\\\/\",\"name\":\"Mohaba\",\"description\":\"\",\"publisher\":{\"@id\":\"https:\\\/\\\/www.mohaba.de\\\/#organization\"},\"potentialAction\":[{\"@type\":\"SearchAction\",\"target\":{\"@type\":\"EntryPoint\",\"urlTemplate\":\"https:\\\/\\\/www.mohaba.de\\\/?s={search_term_string}\"},\"query-input\":{\"@type\":\"PropertyValueSpecification\",\"valueRequired\":true,\"valueName\":\"search_term_string\"}}],\"inLanguage\":\"fr-FR\"},{\"@type\":\"Organization\",\"@id\":\"https:\\\/\\\/www.mohaba.de\\\/#organization\",\"name\":\"Mohaba\",\"url\":\"https:\\\/\\\/www.mohaba.de\\\/\",\"logo\":{\"@type\":\"ImageObject\",\"inLanguage\":\"fr-FR\",\"@id\":\"https:\\\/\\\/www.mohaba.de\\\/#\\\/schema\\\/logo\\\/image\\\/\",\"url\":\"https:\\\/\\\/www.mohaba.de\\\/relaunch\\\/wp-content\\\/uploads\\\/2020\\\/11\\\/Logo-1.png\",\"contentUrl\":\"https:\\\/\\\/www.mohaba.de\\\/relaunch\\\/wp-content\\\/uploads\\\/2020\\\/11\\\/Logo-1.png\",\"width\":1080,\"height\":1080,\"caption\":\"Mohaba\"},\"image\":{\"@id\":\"https:\\\/\\\/www.mohaba.de\\\/#\\\/schema\\\/logo\\\/image\\\/\"}}]}<\/script>\n<!-- \/ Yoast SEO plugin. -->","yoast_head_json":{"title":"Impressum - Mohaba","robots":{"index":"index","follow":"follow","max-snippet":"max-snippet:-1","max-image-preview":"max-image-preview:large","max-video-preview":"max-video-preview:-1"},"canonical":"https:\/\/www.mohaba.de\/fr\/impressum\/","og_locale":"fr_FR","og_type":"article","og_title":"Impressum - Mohaba","og_description":"Impressum Mohaba GmbH &amp; Co. KG Mirweilerweg 8 52349 D\u00fcren Tel.: +49 2421 9111-0 Fax.: +49 2421 9111-66 Mail: info@mohaba.de Vertreten durch die gesch\u00e4ftsf\u00fchrende und pers\u00f6nlich haftende Gesellschafterin MOHABA Verwaltungs GmbH, AG D\u00fcren, HRB 45, diese vertreten durch den Gesch\u00e4ftsf\u00fchrer: Guido Schlep\u00fctz Prokuristen: Ines Wagner, Simone Schlep\u00fctz Registergericht der KG: AG D\u00fcren Register-Nr. der KG: [&hellip;]","og_url":"https:\/\/www.mohaba.de\/fr\/impressum\/","og_site_name":"Mohaba","article_modified_time":"2024-12-03T14:17:50+00:00","og_image":[{"width":383,"height":87,"url":"https:\/\/www.mohaba.de\/relaunch\/wp-content\/uploads\/2021\/08\/Main-Logo.png","type":"image\/png"}],"twitter_card":"summary_large_image","twitter_misc":{"Dur\u00e9e de lecture estim\u00e9e":"2 minutes"},"schema":{"@context":"https:\/\/schema.org","@graph":[{"@type":"WebPage","@id":"https:\/\/www.mohaba.de\/impressum\/","url":"https:\/\/www.mohaba.de\/impressum\/","name":"Impressum - Mohaba","isPartOf":{"@id":"https:\/\/www.mohaba.de\/#website"},"primaryImageOfPage":{"@id":"https:\/\/www.mohaba.de\/impressum\/#primaryimage"},"image":{"@id":"https:\/\/www.mohaba.de\/impressum\/#primaryimage"},"thumbnailUrl":"https:\/\/www.mohaba.de\/relaunch\/wp-content\/uploads\/2021\/08\/Main-Logo.png","datePublished":"2021-07-01T08:17:57+00:00","dateModified":"2024-12-03T14:17:50+00:00","breadcrumb":{"@id":"https:\/\/www.mohaba.de\/impressum\/#breadcrumb"},"inLanguage":"fr-FR","potentialAction":[{"@type":"ReadAction","target":["https:\/\/www.mohaba.de\/impressum\/"]}]},{"@type":"ImageObject","inLanguage":"fr-FR","@id":"https:\/\/www.mohaba.de\/impressum\/#primaryimage","url":"https:\/\/www.mohaba.de\/relaunch\/wp-content\/uploads\/2021\/08\/Main-Logo.png","contentUrl":"https:\/\/www.mohaba.de\/relaunch\/wp-content\/uploads\/2021\/08\/Main-Logo.png"},{"@type":"BreadcrumbList","@id":"https:\/\/www.mohaba.de\/impressum\/#breadcrumb","itemListElement":[{"@type":"ListItem","position":1,"name":"Home","item":"https:\/\/www.mohaba.de\/"},{"@type":"ListItem","position":2,"name":"Impressum"}]},{"@type":"WebSite","@id":"https:\/\/www.mohaba.de\/#website","url":"https:\/\/www.mohaba.de\/","name":"Mohaba","description":"","publisher":{"@id":"https:\/\/www.mohaba.de\/#organization"},"potentialAction":[{"@type":"SearchAction","target":{"@type":"EntryPoint","urlTemplate":"https:\/\/www.mohaba.de\/?s={search_term_string}"},"query-input":{"@type":"PropertyValueSpecification","valueRequired":true,"valueName":"search_term_string"}}],"inLanguage":"fr-FR"},{"@type":"Organization","@id":"https:\/\/www.mohaba.de\/#organization","name":"Mohaba","url":"https:\/\/www.mohaba.de\/","logo":{"@type":"ImageObject","inLanguage":"fr-FR","@id":"https:\/\/www.mohaba.de\/#\/schema\/logo\/image\/","url":"https:\/\/www.mohaba.de\/relaunch\/wp-content\/uploads\/2020\/11\/Logo-1.png","contentUrl":"https:\/\/www.mohaba.de\/relaunch\/wp-content\/uploads\/2020\/11\/Logo-1.png","width":1080,"height":1080,"caption":"Mohaba"},"image":{"@id":"https:\/\/www.mohaba.de\/#\/schema\/logo\/image\/"}}]}},"_links":{"self":[{"href":"https:\/\/www.mohaba.de\/fr\/wp-json\/wp\/v2\/pages\/374","targetHints":{"allow":["GET"]}}],"collection":[{"href":"https:\/\/www.mohaba.de\/fr\/wp-json\/wp\/v2\/pages"}],"about":[{"href":"https:\/\/www.mohaba.de\/fr\/wp-json\/wp\/v2\/types\/page"}],"author":[{"embeddable":true,"href":"https:\/\/www.mohaba.de\/fr\/wp-json\/wp\/v2\/users\/3"}],"replies":[{"embeddable":true,"href":"https:\/\/www.mohaba.de\/fr\/wp-json\/wp\/v2\/comments?post=374"}],"version-history":[{"count":30,"href":"https:\/\/www.mohaba.de\/fr\/wp-json\/wp\/v2\/pages\/374\/revisions"}],"predecessor-version":[{"id":5519,"href":"https:\/\/www.mohaba.de\/fr\/wp-json\/wp\/v2\/pages\/374\/revisions\/5519"}],"wp:attachment":[{"href":"https:\/\/www.mohaba.de\/fr\/wp-json\/wp\/v2\/media?parent=374"}],"curies":[{"name":"wp","href":"https:\/\/api.w.org\/{rel}","templated":true}]}}