{"id":366,"date":"2021-07-01T10:17:57","date_gmt":"2021-07-01T08:17:57","guid":{"rendered":"https:\/\/www.mohaba.de\/relaunch\/bierglaeser\/"},"modified":"2024-07-17T11:32:09","modified_gmt":"2024-07-17T09:32:09","slug":"bierglaeser","status":"publish","type":"page","link":"https:\/\/www.mohaba.de\/fr\/bierglaeser\/","title":{"rendered":"Verres \u00e0 bi\u00e8re"},"content":{"rendered":"<div data-elementor-type=\"wp-page\" data-elementor-id=\"366\" class=\"elementor elementor-366\" data-elementor-post-type=\"page\">\n\t\t\t\t\t\t<section class=\"elementor-section elementor-top-section elementor-element elementor-element-10fc6561 elementor-section-full_width elementor-section-height-default elementor-section-height-default\" data-id=\"10fc6561\" data-element_type=\"section\" data-e-type=\"section\">\n\t\t\t\t\t\t<div class=\"elementor-container elementor-column-gap-default\">\n\t\t\t\t\t<div class=\"elementor-column elementor-col-100 elementor-top-column elementor-element elementor-element-54cc4ef9\" data-id=\"54cc4ef9\" data-element_type=\"column\" data-e-type=\"column\">\n\t\t\t<div class=\"elementor-widget-wrap elementor-element-populated\">\n\t\t\t\t\t\t<div class=\"elementor-element elementor-element-4c8bcae4 elementor-widget elementor-widget-image\" data-id=\"4c8bcae4\" data-element_type=\"widget\" data-e-type=\"widget\" data-widget_type=\"image.default\">\n\t\t\t\t<div class=\"elementor-widget-container\">\n\t\t\t\t\t\t\t\t\t\t\t\t\t\t\t<img fetchpriority=\"high\" decoding=\"async\" width=\"2560\" height=\"962\" src=\"https:\/\/www.mohaba.de\/relaunch\/wp-content\/uploads\/2021\/09\/Beer_Hero_HiDPI-scaled.jpg\" class=\"attachment-full size-full wp-image-1753\" alt=\"Bierkr\u00fcge, Biergl\u00e4ser, BIerglas\" srcset=\"https:\/\/www.mohaba.de\/relaunch\/wp-content\/uploads\/2021\/09\/Beer_Hero_HiDPI-scaled.jpg 2560w, https:\/\/www.mohaba.de\/relaunch\/wp-content\/uploads\/2021\/09\/Beer_Hero_HiDPI-300x113.jpg 300w, https:\/\/www.mohaba.de\/relaunch\/wp-content\/uploads\/2021\/09\/Beer_Hero_HiDPI-1024x385.jpg 1024w, https:\/\/www.mohaba.de\/relaunch\/wp-content\/uploads\/2021\/09\/Beer_Hero_HiDPI-768x289.jpg 768w, https:\/\/www.mohaba.de\/relaunch\/wp-content\/uploads\/2021\/09\/Beer_Hero_HiDPI-1536x577.jpg 1536w, https:\/\/www.mohaba.de\/relaunch\/wp-content\/uploads\/2021\/09\/Beer_Hero_HiDPI-2048x769.jpg 2048w\" sizes=\"(max-width: 2560px) 100vw, 2560px\" \/>\t\t\t\t\t\t\t\t\t\t\t\t\t\t\t<\/div>\n\t\t\t\t<\/div>\n\t\t\t\t\t<\/div>\n\t\t<\/div>\n\t\t\t\t\t<\/div>\n\t\t<\/section>\n\t\t\t\t<section class=\"elementor-section elementor-top-section elementor-element elementor-element-5c950d2f elementor-section-boxed elementor-section-height-default elementor-section-height-default\" data-id=\"5c950d2f\" data-element_type=\"section\" data-e-type=\"section\">\n\t\t\t\t\t\t<div class=\"elementor-container elementor-column-gap-default\">\n\t\t\t\t\t<div class=\"elementor-column elementor-col-100 elementor-top-column elementor-element elementor-element-6a9f66c9\" data-id=\"6a9f66c9\" data-element_type=\"column\" data-e-type=\"column\">\n\t\t\t<div class=\"elementor-widget-wrap elementor-element-populated\">\n\t\t\t\t\t\t<div class=\"elementor-element elementor-element-b85188f elementor-hidden-tablet elementor-hidden-phone elementor-widget elementor-widget-image\" data-id=\"b85188f\" data-element_type=\"widget\" data-e-type=\"widget\" data-widget_type=\"image.default\">\n\t\t\t\t<div class=\"elementor-widget-container\">\n\t\t\t\t\t\t\t\t\t\t\t\t\t\t\t<img decoding=\"async\" width=\"150\" height=\"150\" src=\"https:\/\/www.mohaba.de\/relaunch\/wp-content\/uploads\/2021\/07\/Zeichenfla\u0308che-1_1-150x150.png\" class=\"attachment-thumbnail size-thumbnail wp-image-711\" alt=\"\" srcset=\"https:\/\/www.mohaba.de\/relaunch\/wp-content\/uploads\/2021\/07\/Zeichenfla\u0308che-1_1-150x150.png 150w, https:\/\/www.mohaba.de\/relaunch\/wp-content\/uploads\/2021\/07\/Zeichenfla\u0308che-1_1-300x300.png 300w, https:\/\/www.mohaba.de\/relaunch\/wp-content\/uploads\/2021\/07\/Zeichenfla\u0308che-1_1-1024x1024.png 1024w, https:\/\/www.mohaba.de\/relaunch\/wp-content\/uploads\/2021\/07\/Zeichenfla\u0308che-1_1-768x768.png 768w, https:\/\/www.mohaba.de\/relaunch\/wp-content\/uploads\/2021\/07\/Zeichenfla\u0308che-1_1.png 1081w\" sizes=\"(max-width: 150px) 100vw, 150px\" \/>\t\t\t\t\t\t\t\t\t\t\t\t\t\t\t<\/div>\n\t\t\t\t<\/div>\n\t\t\t\t<div class=\"elementor-element elementor-element-e688ac2 elementor-hidden-desktop elementor-widget elementor-widget-image\" data-id=\"e688ac2\" data-element_type=\"widget\" data-e-type=\"widget\" data-widget_type=\"image.default\">\n\t\t\t\t<div class=\"elementor-widget-container\">\n\t\t\t\t\t\t\t\t\t\t\t\t\t\t\t<img decoding=\"async\" width=\"150\" height=\"150\" src=\"https:\/\/www.mohaba.de\/relaunch\/wp-content\/uploads\/2021\/08\/Bier_Icon_White-150x150.png\" class=\"attachment-thumbnail size-thumbnail wp-image-1333\" alt=\"\" \/>\t\t\t\t\t\t\t\t\t\t\t\t\t\t\t<\/div>\n\t\t\t\t<\/div>\n\t\t\t\t\t<\/div>\n\t\t<\/div>\n\t\t\t\t\t<\/div>\n\t\t<\/section>\n\t\t\t\t<section class=\"elementor-section elementor-top-section elementor-element elementor-element-25f696ab elementor-section-boxed elementor-section-height-default elementor-section-height-default\" data-id=\"25f696ab\" data-element_type=\"section\" data-e-type=\"section\">\n\t\t\t\t\t\t<div class=\"elementor-container elementor-column-gap-default\">\n\t\t\t\t\t<div class=\"elementor-column elementor-col-50 elementor-top-column elementor-element elementor-element-1f666a1e\" data-id=\"1f666a1e\" data-element_type=\"column\" data-e-type=\"column\" data-settings=\"{&quot;background_background&quot;:&quot;classic&quot;}\">\n\t\t\t<div class=\"elementor-widget-wrap elementor-element-populated\">\n\t\t\t\t\t\t<div class=\"elementor-element elementor-element-d0737ee elementor-widget elementor-widget-heading\" data-id=\"d0737ee\" data-element_type=\"widget\" data-e-type=\"widget\" data-widget_type=\"heading.default\">\n\t\t\t\t<div class=\"elementor-widget-container\">\n\t\t\t\t\t<h2 class=\"elementor-heading-title elementor-size-default\">Verres \u00e0 bi\u00e8re<\/h2>\t\t\t\t<\/div>\n\t\t\t\t<\/div>\n\t\t\t\t<div class=\"elementor-element elementor-element-53de0b86 elementor-widget elementor-widget-text-editor\" data-id=\"53de0b86\" data-element_type=\"widget\" data-e-type=\"widget\" data-widget_type=\"text-editor.default\">\n\t\t\t\t<div class=\"elementor-widget-container\">\n\t\t\t\t\t\t\t\t\t<h5>Notre offre de formes de verres diff\u00e9rentes est aussi variable et vari\u00e9e que l'offre de boissons. Long drink, cocktail, whisky ou spiritueux - chaque boisson doit \u00eatre d\u00e9gust\u00e9e de mani\u00e8re appropri\u00e9e dans le verre ad\u00e9quat - apr\u00e8s tout, l'\u0153il boit aussi. Dans notre catalogue \"Barware\", vous trouverez quelques exemples de verres \u00e0 boire esth\u00e9tiques qui se pr\u00eatent merveilleusement bien \u00e0 l'utilisation de votre propre design afin d'enthousiasmer visuellement vos clients. Que vous optiez pour des couleurs vives ou une \u00e9l\u00e9gance discr\u00e8te, nous trouverons certainement ce qui vous convient. N'h\u00e9sitez pas \u00e0 nous contacter.<\/h5>\t\t\t\t\t\t\t\t<\/div>\n\t\t\t\t<\/div>\n\t\t\t\t<div class=\"elementor-element elementor-element-5b2e2f30 elementor-align-center elementor-absolute elementor-hidden-tablet elementor-hidden-phone elementor-widget elementor-widget-button\" data-id=\"5b2e2f30\" data-element_type=\"widget\" data-e-type=\"widget\" data-settings=\"{&quot;_position&quot;:&quot;absolute&quot;}\" data-widget_type=\"button.default\">\n\t\t\t\t<div class=\"elementor-widget-container\">\n\t\t\t\t\t\t\t\t\t<div class=\"elementor-button-wrapper\">\n\t\t\t\t\t<a class=\"elementor-button elementor-button-link elementor-size-xs\" href=\"https:\/\/www.mohaba.de\/relaunch\/wp-content\/uploads\/2022\/05\/Katalog_Bier_DE.pdf\" target=\"_blank\">\n\t\t\t\t\t\t<span class=\"elementor-button-content-wrapper\">\n\t\t\t\t\t\t\t\t\t<span class=\"elementor-button-text\">Catalogue \u00e0 t\u00e9l\u00e9charger<\/span>\n\t\t\t\t\t<\/span>\n\t\t\t\t\t<\/a>\n\t\t\t\t<\/div>\n\t\t\t\t\t\t\t\t<\/div>\n\t\t\t\t<\/div>\n\t\t\t\t\t<\/div>\n\t\t<\/div>\n\t\t\t\t<div class=\"elementor-column elementor-col-50 elementor-top-column elementor-element elementor-element-1dc8d5ff\" data-id=\"1dc8d5ff\" data-element_type=\"column\" data-e-type=\"column\">\n\t\t\t<div class=\"elementor-widget-wrap elementor-element-populated\">\n\t\t\t\t\t\t<div class=\"elementor-element elementor-element-536f9946 elementor-align-center elementor-absolute elementor-hidden-tablet elementor-hidden-phone hide-en elementor-widget elementor-widget-button\" data-id=\"536f9946\" data-element_type=\"widget\" data-e-type=\"widget\" data-settings=\"{&quot;_position&quot;:&quot;absolute&quot;}\" data-widget_type=\"button.default\">\n\t\t\t\t<div class=\"elementor-widget-container\">\n\t\t\t\t\t\t\t\t\t<div class=\"elementor-button-wrapper\">\n\t\t\t\t\t<a class=\"elementor-button elementor-button-link elementor-size-xs\" href=\"\/fr\/3d-flip-book\/bier\/\" target=\"_blank\">\n\t\t\t\t\t\t<span class=\"elementor-button-content-wrapper\">\n\t\t\t\t\t\t\t\t\t<span class=\"elementor-button-text\">Consulter le catalogue en ligne<\/span>\n\t\t\t\t\t<\/span>\n\t\t\t\t\t<\/a>\n\t\t\t\t<\/div>\n\t\t\t\t\t\t\t\t<\/div>\n\t\t\t\t<\/div>\n\t\t\t\t<div class=\"elementor-element elementor-element-c2b1ab9 elementor-align-center elementor-absolute elementor-hidden-tablet elementor-hidden-phone hide-de elementor-widget elementor-widget-button\" data-id=\"c2b1ab9\" data-element_type=\"widget\" data-e-type=\"widget\" data-settings=\"{&quot;_position&quot;:&quot;absolute&quot;}\" data-widget_type=\"button.default\">\n\t\t\t\t<div class=\"elementor-widget-container\">\n\t\t\t\t\t\t\t\t\t<div class=\"elementor-button-wrapper\">\n\t\t\t\t\t<a class=\"elementor-button elementor-button-link elementor-size-xs\" href=\"\/fr\/3d-flip-book\/beer\/\" target=\"_blank\">\n\t\t\t\t\t\t<span class=\"elementor-button-content-wrapper\">\n\t\t\t\t\t\t\t\t\t<span class=\"elementor-button-text\">Consulter le catalogue en ligne<\/span>\n\t\t\t\t\t<\/span>\n\t\t\t\t\t<\/a>\n\t\t\t\t<\/div>\n\t\t\t\t\t\t\t\t<\/div>\n\t\t\t\t<\/div>\n\t\t\t\t<div class=\"elementor-element elementor-element-0353886 elementor-align-center elementor-absolute elementor-hidden-desktop hide-en elementor-widget elementor-widget-button\" data-id=\"0353886\" data-element_type=\"widget\" data-e-type=\"widget\" data-settings=\"{&quot;_position&quot;:&quot;absolute&quot;}\" data-widget_type=\"button.default\">\n\t\t\t\t<div class=\"elementor-widget-container\">\n\t\t\t\t\t\t\t\t\t<div class=\"elementor-button-wrapper\">\n\t\t\t\t\t<a class=\"elementor-button elementor-button-link elementor-size-xs\" href=\"\/fr\/3d-flip-book\/bier\/\" target=\"_blank\">\n\t\t\t\t\t\t<span class=\"elementor-button-content-wrapper\">\n\t\t\t\t\t\t\t\t\t<span class=\"elementor-button-text\">ZUM KATALOG<\/span>\n\t\t\t\t\t<\/span>\n\t\t\t\t\t<\/a>\n\t\t\t\t<\/div>\n\t\t\t\t\t\t\t\t<\/div>\n\t\t\t\t<\/div>\n\t\t\t\t<div class=\"elementor-element elementor-element-d23bbdd elementor-align-center elementor-absolute elementor-hidden-desktop hide-de elementor-widget elementor-widget-button\" data-id=\"d23bbdd\" data-element_type=\"widget\" data-e-type=\"widget\" data-settings=\"{&quot;_position&quot;:&quot;absolute&quot;}\" data-widget_type=\"button.default\">\n\t\t\t\t<div class=\"elementor-widget-container\">\n\t\t\t\t\t\t\t\t\t<div class=\"elementor-button-wrapper\">\n\t\t\t\t\t<a class=\"elementor-button elementor-button-link elementor-size-xs\" href=\"\/fr\/3d-flip-book\/beer\/\" target=\"_blank\">\n\t\t\t\t\t\t<span class=\"elementor-button-content-wrapper\">\n\t\t\t\t\t\t\t\t\t<span class=\"elementor-button-text\">ZUM KATALOG<\/span>\n\t\t\t\t\t<\/span>\n\t\t\t\t\t<\/a>\n\t\t\t\t<\/div>\n\t\t\t\t\t\t\t\t<\/div>\n\t\t\t\t<\/div>\n\t\t\t\t<div class=\"elementor-element elementor-element-e8745ab elementor-widget elementor-widget-image\" data-id=\"e8745ab\" data-element_type=\"widget\" data-e-type=\"widget\" data-widget_type=\"image.default\">\n\t\t\t\t<div class=\"elementor-widget-container\">\n\t\t\t\t\t\t\t\t\t\t\t\t\t\t\t<img loading=\"lazy\" decoding=\"async\" width=\"1240\" height=\"1754\" src=\"https:\/\/www.mohaba.de\/relaunch\/wp-content\/uploads\/2021\/08\/BeerCover.jpg\" class=\"attachment-full size-full wp-image-1267\" alt=\"Bierglas, Biergl\u00e4ser, bedruckte Biergl\u00e4ser\" srcset=\"https:\/\/www.mohaba.de\/relaunch\/wp-content\/uploads\/2021\/08\/BeerCover.jpg 1240w, https:\/\/www.mohaba.de\/relaunch\/wp-content\/uploads\/2021\/08\/BeerCover-212x300.jpg 212w, https:\/\/www.mohaba.de\/relaunch\/wp-content\/uploads\/2021\/08\/BeerCover-724x1024.jpg 724w, https:\/\/www.mohaba.de\/relaunch\/wp-content\/uploads\/2021\/08\/BeerCover-768x1086.jpg 768w, https:\/\/www.mohaba.de\/relaunch\/wp-content\/uploads\/2021\/08\/BeerCover-1086x1536.jpg 1086w\" sizes=\"(max-width: 1240px) 100vw, 1240px\" \/>\t\t\t\t\t\t\t\t\t\t\t\t\t\t\t<\/div>\n\t\t\t\t<\/div>\n\t\t\t\t\t<\/div>\n\t\t<\/div>\n\t\t\t\t\t<\/div>\n\t\t<\/section>\n\t\t\t\t<\/div>","protected":false},"excerpt":{"rendered":"<p>Biergl\u00e4ser Hoch die Humpen\u2026oder Tulpen\u2026oder Kr\u00fcge\u2026 Bier- das wohl geselligste Getr\u00e4nk aller Zeiten. Wer genie\u00dft nicht gerne ein k\u00fchles Bier seiner Lieblingssorte aus dem passenden Bierglas? Genauso vielf\u00e4ltig wie die unterschiedlichen Sorten, sind auch die Gef\u00e4\u00dfe in denen unser Lieblingsbr\u00e4u ausgeschenkt wird. In unserem Katalog finden Sie die unterschiedlichsten Glasbeispiele. Sollte hier nicht das Passende [&hellip;]<\/p>\n","protected":false},"author":3,"featured_media":0,"parent":0,"menu_order":0,"comment_status":"closed","ping_status":"closed","template":"","meta":{"site-sidebar-layout":"no-sidebar","site-content-layout":"page-builder","ast-site-content-layout":"default","site-content-style":"default","site-sidebar-style":"default","ast-global-header-display":"","ast-banner-title-visibility":"","ast-main-header-display":"","ast-hfb-above-header-display":"","ast-hfb-below-header-display":"","ast-hfb-mobile-header-display":"","site-post-title":"disabled","ast-breadcrumbs-content":"","ast-featured-img":"disabled","footer-sml-layout":"","ast-disable-related-posts":"","theme-transparent-header-meta":"default","adv-header-id-meta":"","stick-header-meta":"","header-above-stick-meta":"","header-main-stick-meta":"","header-below-stick-meta":"","astra-migrate-meta-layouts":"default","ast-page-background-enabled":"default","ast-page-background-meta":{"desktop":{"background-color":"","background-image":"","background-repeat":"repeat","background-position":"center center","background-size":"auto","background-attachment":"scroll","background-type":"","background-media":"","overlay-type":"","overlay-color":"","overlay-opacity":"","overlay-gradient":""},"tablet":{"background-color":"","background-image":"","background-repeat":"repeat","background-position":"center center","background-size":"auto","background-attachment":"scroll","background-type":"","background-media":"","overlay-type":"","overlay-color":"","overlay-opacity":"","overlay-gradient":""},"mobile":{"background-color":"","background-image":"","background-repeat":"repeat","background-position":"center center","background-size":"auto","background-attachment":"scroll","background-type":"","background-media":"","overlay-type":"","overlay-color":"","overlay-opacity":"","overlay-gradient":""}},"ast-content-background-meta":{"desktop":{"background-color":"var(--ast-global-color-5)","background-image":"","background-repeat":"repeat","background-position":"center center","background-size":"auto","background-attachment":"scroll","background-type":"","background-media":"","overlay-type":"","overlay-color":"","overlay-opacity":"","overlay-gradient":""},"tablet":{"background-color":"var(--ast-global-color-5)","background-image":"","background-repeat":"repeat","background-position":"center center","background-size":"auto","background-attachment":"scroll","background-type":"","background-media":"","overlay-type":"","overlay-color":"","overlay-opacity":"","overlay-gradient":""},"mobile":{"background-color":"var(--ast-global-color-5)","background-image":"","background-repeat":"repeat","background-position":"center center","background-size":"auto","background-attachment":"scroll","background-type":"","background-media":"","overlay-type":"","overlay-color":"","overlay-opacity":"","overlay-gradient":""}},"footnotes":""},"class_list":["post-366","page","type-page","status-publish","hentry"],"yoast_head":"<!-- This site is optimized with the Yoast SEO plugin v27.5 - https:\/\/yoast.com\/product\/yoast-seo-wordpress\/ -->\n<title>Mohaba - Ihr Spezialist &amp; Partner im Biergl\u00e4ser bedrucken<\/title>\n<meta name=\"description\" content=\"Ob mit Standardmotiv oder ihrem ganz eigenen Design, wir gestalten Ihre Biergl\u00e4ser. \u2713Biergl\u00e4ser bedrucken \u2713Eigenes Design\" \/>\n<meta name=\"robots\" content=\"index, follow, max-snippet:-1, max-image-preview:large, max-video-preview:-1\" \/>\n<link rel=\"canonical\" href=\"https:\/\/www.mohaba.de\/fr\/bierglaeser\/\" \/>\n<meta property=\"og:locale\" content=\"fr_FR\" \/>\n<meta property=\"og:type\" content=\"article\" \/>\n<meta property=\"og:title\" content=\"Mohaba - Ihr Spezialist &amp; Partner im Biergl\u00e4ser bedrucken\" \/>\n<meta property=\"og:description\" content=\"Ob mit Standardmotiv oder ihrem ganz eigenen Design, wir gestalten Ihre Biergl\u00e4ser. \u2713Biergl\u00e4ser bedrucken \u2713Eigenes Design\" \/>\n<meta property=\"og:url\" content=\"https:\/\/www.mohaba.de\/fr\/bierglaeser\/\" \/>\n<meta property=\"og:site_name\" content=\"Mohaba\" \/>\n<meta property=\"article:modified_time\" content=\"2024-07-17T09:32:09+00:00\" \/>\n<meta property=\"og:image\" content=\"https:\/\/www.mohaba.de\/relaunch\/wp-content\/uploads\/2021\/09\/Beer_Hero_HiDPI-scaled.jpg\" \/>\n<meta name=\"twitter:card\" content=\"summary_large_image\" \/>\n<meta name=\"twitter:label1\" content=\"Dur\u00e9e de lecture estim\u00e9e\" \/>\n\t<meta name=\"twitter:data1\" content=\"2 minutes\" \/>\n<script type=\"application\/ld+json\" class=\"yoast-schema-graph\">{\"@context\":\"https:\\\/\\\/schema.org\",\"@graph\":[{\"@type\":\"WebPage\",\"@id\":\"https:\\\/\\\/www.mohaba.de\\\/bierglaeser\\\/\",\"url\":\"https:\\\/\\\/www.mohaba.de\\\/bierglaeser\\\/\",\"name\":\"Mohaba - Ihr Spezialist & Partner im Biergl\u00e4ser bedrucken\",\"isPartOf\":{\"@id\":\"https:\\\/\\\/www.mohaba.de\\\/#website\"},\"primaryImageOfPage\":{\"@id\":\"https:\\\/\\\/www.mohaba.de\\\/bierglaeser\\\/#primaryimage\"},\"image\":{\"@id\":\"https:\\\/\\\/www.mohaba.de\\\/bierglaeser\\\/#primaryimage\"},\"thumbnailUrl\":\"https:\\\/\\\/www.mohaba.de\\\/relaunch\\\/wp-content\\\/uploads\\\/2021\\\/09\\\/Beer_Hero_HiDPI-scaled.jpg\",\"datePublished\":\"2021-07-01T08:17:57+00:00\",\"dateModified\":\"2024-07-17T09:32:09+00:00\",\"description\":\"Ob mit Standardmotiv oder ihrem ganz eigenen Design, wir gestalten Ihre Biergl\u00e4ser. \u2713Biergl\u00e4ser bedrucken \u2713Eigenes Design\",\"breadcrumb\":{\"@id\":\"https:\\\/\\\/www.mohaba.de\\\/bierglaeser\\\/#breadcrumb\"},\"inLanguage\":\"fr-FR\",\"potentialAction\":[{\"@type\":\"ReadAction\",\"target\":[\"https:\\\/\\\/www.mohaba.de\\\/bierglaeser\\\/\"]}]},{\"@type\":\"ImageObject\",\"inLanguage\":\"fr-FR\",\"@id\":\"https:\\\/\\\/www.mohaba.de\\\/bierglaeser\\\/#primaryimage\",\"url\":\"https:\\\/\\\/www.mohaba.de\\\/relaunch\\\/wp-content\\\/uploads\\\/2021\\\/09\\\/Beer_Hero_HiDPI-scaled.jpg\",\"contentUrl\":\"https:\\\/\\\/www.mohaba.de\\\/relaunch\\\/wp-content\\\/uploads\\\/2021\\\/09\\\/Beer_Hero_HiDPI-scaled.jpg\"},{\"@type\":\"BreadcrumbList\",\"@id\":\"https:\\\/\\\/www.mohaba.de\\\/bierglaeser\\\/#breadcrumb\",\"itemListElement\":[{\"@type\":\"ListItem\",\"position\":1,\"name\":\"Home\",\"item\":\"https:\\\/\\\/www.mohaba.de\\\/\"},{\"@type\":\"ListItem\",\"position\":2,\"name\":\"Biergl\u00e4ser\"}]},{\"@type\":\"WebSite\",\"@id\":\"https:\\\/\\\/www.mohaba.de\\\/#website\",\"url\":\"https:\\\/\\\/www.mohaba.de\\\/\",\"name\":\"Mohaba\",\"description\":\"\",\"publisher\":{\"@id\":\"https:\\\/\\\/www.mohaba.de\\\/#organization\"},\"potentialAction\":[{\"@type\":\"SearchAction\",\"target\":{\"@type\":\"EntryPoint\",\"urlTemplate\":\"https:\\\/\\\/www.mohaba.de\\\/?s={search_term_string}\"},\"query-input\":{\"@type\":\"PropertyValueSpecification\",\"valueRequired\":true,\"valueName\":\"search_term_string\"}}],\"inLanguage\":\"fr-FR\"},{\"@type\":\"Organization\",\"@id\":\"https:\\\/\\\/www.mohaba.de\\\/#organization\",\"name\":\"Mohaba\",\"url\":\"https:\\\/\\\/www.mohaba.de\\\/\",\"logo\":{\"@type\":\"ImageObject\",\"inLanguage\":\"fr-FR\",\"@id\":\"https:\\\/\\\/www.mohaba.de\\\/#\\\/schema\\\/logo\\\/image\\\/\",\"url\":\"https:\\\/\\\/www.mohaba.de\\\/relaunch\\\/wp-content\\\/uploads\\\/2020\\\/11\\\/Logo-1.png\",\"contentUrl\":\"https:\\\/\\\/www.mohaba.de\\\/relaunch\\\/wp-content\\\/uploads\\\/2020\\\/11\\\/Logo-1.png\",\"width\":1080,\"height\":1080,\"caption\":\"Mohaba\"},\"image\":{\"@id\":\"https:\\\/\\\/www.mohaba.de\\\/#\\\/schema\\\/logo\\\/image\\\/\"}}]}<\/script>\n<!-- \/ Yoast SEO plugin. -->","yoast_head_json":{"title":"Mohaba - Ihr Spezialist & Partner im Biergl\u00e4ser bedrucken","description":"Ob mit Standardmotiv oder ihrem ganz eigenen Design, wir gestalten Ihre Biergl\u00e4ser. \u2713Biergl\u00e4ser bedrucken \u2713Eigenes Design","robots":{"index":"index","follow":"follow","max-snippet":"max-snippet:-1","max-image-preview":"max-image-preview:large","max-video-preview":"max-video-preview:-1"},"canonical":"https:\/\/www.mohaba.de\/fr\/bierglaeser\/","og_locale":"fr_FR","og_type":"article","og_title":"Mohaba - Ihr Spezialist & Partner im Biergl\u00e4ser bedrucken","og_description":"Ob mit Standardmotiv oder ihrem ganz eigenen Design, wir gestalten Ihre Biergl\u00e4ser. \u2713Biergl\u00e4ser bedrucken \u2713Eigenes Design","og_url":"https:\/\/www.mohaba.de\/fr\/bierglaeser\/","og_site_name":"Mohaba","article_modified_time":"2024-07-17T09:32:09+00:00","og_image":[{"url":"https:\/\/www.mohaba.de\/relaunch\/wp-content\/uploads\/2021\/09\/Beer_Hero_HiDPI-scaled.jpg","type":"","width":"","height":""}],"twitter_card":"summary_large_image","twitter_misc":{"Dur\u00e9e de lecture estim\u00e9e":"2 minutes"},"schema":{"@context":"https:\/\/schema.org","@graph":[{"@type":"WebPage","@id":"https:\/\/www.mohaba.de\/bierglaeser\/","url":"https:\/\/www.mohaba.de\/bierglaeser\/","name":"Mohaba - Ihr Spezialist & Partner im Biergl\u00e4ser bedrucken","isPartOf":{"@id":"https:\/\/www.mohaba.de\/#website"},"primaryImageOfPage":{"@id":"https:\/\/www.mohaba.de\/bierglaeser\/#primaryimage"},"image":{"@id":"https:\/\/www.mohaba.de\/bierglaeser\/#primaryimage"},"thumbnailUrl":"https:\/\/www.mohaba.de\/relaunch\/wp-content\/uploads\/2021\/09\/Beer_Hero_HiDPI-scaled.jpg","datePublished":"2021-07-01T08:17:57+00:00","dateModified":"2024-07-17T09:32:09+00:00","description":"Ob mit Standardmotiv oder ihrem ganz eigenen Design, wir gestalten Ihre Biergl\u00e4ser. \u2713Biergl\u00e4ser bedrucken \u2713Eigenes Design","breadcrumb":{"@id":"https:\/\/www.mohaba.de\/bierglaeser\/#breadcrumb"},"inLanguage":"fr-FR","potentialAction":[{"@type":"ReadAction","target":["https:\/\/www.mohaba.de\/bierglaeser\/"]}]},{"@type":"ImageObject","inLanguage":"fr-FR","@id":"https:\/\/www.mohaba.de\/bierglaeser\/#primaryimage","url":"https:\/\/www.mohaba.de\/relaunch\/wp-content\/uploads\/2021\/09\/Beer_Hero_HiDPI-scaled.jpg","contentUrl":"https:\/\/www.mohaba.de\/relaunch\/wp-content\/uploads\/2021\/09\/Beer_Hero_HiDPI-scaled.jpg"},{"@type":"BreadcrumbList","@id":"https:\/\/www.mohaba.de\/bierglaeser\/#breadcrumb","itemListElement":[{"@type":"ListItem","position":1,"name":"Home","item":"https:\/\/www.mohaba.de\/"},{"@type":"ListItem","position":2,"name":"Biergl\u00e4ser"}]},{"@type":"WebSite","@id":"https:\/\/www.mohaba.de\/#website","url":"https:\/\/www.mohaba.de\/","name":"Mohaba","description":"","publisher":{"@id":"https:\/\/www.mohaba.de\/#organization"},"potentialAction":[{"@type":"SearchAction","target":{"@type":"EntryPoint","urlTemplate":"https:\/\/www.mohaba.de\/?s={search_term_string}"},"query-input":{"@type":"PropertyValueSpecification","valueRequired":true,"valueName":"search_term_string"}}],"inLanguage":"fr-FR"},{"@type":"Organization","@id":"https:\/\/www.mohaba.de\/#organization","name":"Mohaba","url":"https:\/\/www.mohaba.de\/","logo":{"@type":"ImageObject","inLanguage":"fr-FR","@id":"https:\/\/www.mohaba.de\/#\/schema\/logo\/image\/","url":"https:\/\/www.mohaba.de\/relaunch\/wp-content\/uploads\/2020\/11\/Logo-1.png","contentUrl":"https:\/\/www.mohaba.de\/relaunch\/wp-content\/uploads\/2020\/11\/Logo-1.png","width":1080,"height":1080,"caption":"Mohaba"},"image":{"@id":"https:\/\/www.mohaba.de\/#\/schema\/logo\/image\/"}}]}},"_links":{"self":[{"href":"https:\/\/www.mohaba.de\/fr\/wp-json\/wp\/v2\/pages\/366","targetHints":{"allow":["GET"]}}],"collection":[{"href":"https:\/\/www.mohaba.de\/fr\/wp-json\/wp\/v2\/pages"}],"about":[{"href":"https:\/\/www.mohaba.de\/fr\/wp-json\/wp\/v2\/types\/page"}],"author":[{"embeddable":true,"href":"https:\/\/www.mohaba.de\/fr\/wp-json\/wp\/v2\/users\/3"}],"replies":[{"embeddable":true,"href":"https:\/\/www.mohaba.de\/fr\/wp-json\/wp\/v2\/comments?post=366"}],"version-history":[{"count":82,"href":"https:\/\/www.mohaba.de\/fr\/wp-json\/wp\/v2\/pages\/366\/revisions"}],"predecessor-version":[{"id":5179,"href":"https:\/\/www.mohaba.de\/fr\/wp-json\/wp\/v2\/pages\/366\/revisions\/5179"}],"wp:attachment":[{"href":"https:\/\/www.mohaba.de\/fr\/wp-json\/wp\/v2\/media?parent=366"}],"curies":[{"name":"wp","href":"https:\/\/api.w.org\/{rel}","templated":true}]}}