{"id":5007,"date":"2024-02-22T16:32:39","date_gmt":"2024-02-22T15:32:39","guid":{"rendered":"https:\/\/www.mohaba.de\/?page_id=5007"},"modified":"2024-02-22T16:40:14","modified_gmt":"2024-02-22T15:40:14","slug":"grafikservice","status":"publish","type":"page","link":"https:\/\/www.mohaba.de\/en\/grafikservice\/","title":{"rendered":"Grafikservice"},"content":{"rendered":"<div data-elementor-type=\"wp-page\" data-elementor-id=\"5007\" class=\"elementor elementor-5007\" data-elementor-post-type=\"page\">\n\t\t\t\t\t\t<section class=\"elementor-section elementor-top-section elementor-element elementor-element-a733946 elementor-section-boxed elementor-section-height-default elementor-section-height-default\" data-id=\"a733946\" data-element_type=\"section\" data-e-type=\"section\">\n\t\t\t\t\t\t<div class=\"elementor-container elementor-column-gap-default\">\n\t\t\t\t\t<div class=\"elementor-column elementor-col-100 elementor-top-column elementor-element elementor-element-08c4a65\" data-id=\"08c4a65\" data-element_type=\"column\" data-e-type=\"column\">\n\t\t\t<div class=\"elementor-widget-wrap\">\n\t\t\t\t\t\t\t<\/div>\n\t\t<\/div>\n\t\t\t\t\t<\/div>\n\t\t<\/section>\n\t\t\t\t<section class=\"elementor-section elementor-top-section elementor-element elementor-element-3ca2843 elementor-section-boxed elementor-section-height-default elementor-section-height-default\" data-id=\"3ca2843\" data-element_type=\"section\" data-e-type=\"section\">\n\t\t\t\t\t\t<div class=\"elementor-container elementor-column-gap-default\">\n\t\t\t\t\t<div class=\"elementor-column elementor-col-100 elementor-top-column elementor-element elementor-element-1c72b14\" data-id=\"1c72b14\" data-element_type=\"column\" data-e-type=\"column\">\n\t\t\t<div class=\"elementor-widget-wrap elementor-element-populated\">\n\t\t\t\t\t\t<div class=\"elementor-element elementor-element-cd7eae0 elementor-widget elementor-widget-heading\" data-id=\"cd7eae0\" data-element_type=\"widget\" data-e-type=\"widget\" data-widget_type=\"heading.default\">\n\t\t\t\t<div class=\"elementor-widget-container\">\n\t\t\t\t\t<h2 class=\"elementor-heading-title elementor-size-default\">Gestalten Sie Ihre einzigartigen Weihnachtstassen mit unserem pers\u00f6nlichen Full-Service<\/h2>\t\t\t\t<\/div>\n\t\t\t\t<\/div>\n\t\t\t\t\t<\/div>\n\t\t<\/div>\n\t\t\t\t\t<\/div>\n\t\t<\/section>\n\t\t\t\t<section class=\"elementor-section elementor-top-section elementor-element elementor-element-ad2aec2 elementor-section-boxed elementor-section-height-default elementor-section-height-default\" data-id=\"ad2aec2\" data-element_type=\"section\" data-e-type=\"section\">\n\t\t\t\t\t\t<div class=\"elementor-container elementor-column-gap-default\">\n\t\t\t\t\t<div class=\"elementor-column elementor-col-100 elementor-top-column elementor-element elementor-element-2643c61\" data-id=\"2643c61\" data-element_type=\"column\" data-e-type=\"column\">\n\t\t\t<div class=\"elementor-widget-wrap elementor-element-populated\">\n\t\t\t\t\t\t<div class=\"elementor-element elementor-element-c199f01 elementor-widget elementor-widget-text-editor\" data-id=\"c199f01\" data-element_type=\"widget\" data-e-type=\"widget\" data-widget_type=\"text-editor.default\">\n\t\t\t\t<div class=\"elementor-widget-container\">\n\t\t\t\t\t\t\t\t\t<p class=\"p1\">Wir sind voller Vorfreude darauf, gemeinsam mit Ihnen die festliche Jahreszeit mit individuellen Tassen zu versch\u00f6nern. Bei uns stehen Ihre W\u00fcnsche und Bed\u00fcrfnisse im Mittelpunkt, und wir sind hier, um Ihre winterlichen Ideen zum Leben zu erwecken. Mit unserer Leidenschaft f\u00fcr Design und Druck bieten wir Ihnen die M\u00f6glichkeit, Weihnachtstassen zu gestalten, die perfekt zu Ihren festlichen Anl\u00e4ssen passen. Tauchen Sie ein in die zauberhafte Welt der Weihnachtstassen und erleben Sie, wie wir mit kreativen Grafiken und hochwertigem Druck unverwechselbare Blickf\u00e4nge f\u00fcr die festliche Zeit schaffen k\u00f6nnen. Ihr ganz pers\u00f6nlicher Weihnachtsstil kombiniert mit unserer professionellen Umsetzung \u2013 gemeinsam zaubern wir eine festliche Atmosph\u00e4re!<\/p>\t\t\t\t\t\t\t\t<\/div>\n\t\t\t\t<\/div>\n\t\t\t\t\t<\/div>\n\t\t<\/div>\n\t\t\t\t\t<\/div>\n\t\t<\/section>\n\t\t\t\t<section class=\"elementor-section elementor-top-section elementor-element elementor-element-53054f0 elementor-section-boxed elementor-section-height-default elementor-section-height-default\" data-id=\"53054f0\" data-element_type=\"section\" data-e-type=\"section\">\n\t\t\t\t\t\t<div class=\"elementor-container elementor-column-gap-default\">\n\t\t\t\t\t<div class=\"elementor-column elementor-col-100 elementor-top-column elementor-element elementor-element-213d3ba\" data-id=\"213d3ba\" data-element_type=\"column\" data-e-type=\"column\">\n\t\t\t<div class=\"elementor-widget-wrap elementor-element-populated\">\n\t\t\t\t\t\t<div class=\"elementor-element elementor-element-3e215c8 elementor-widget elementor-widget-heading\" data-id=\"3e215c8\" data-element_type=\"widget\" data-e-type=\"widget\" data-widget_type=\"heading.default\">\n\t\t\t\t<div class=\"elementor-widget-container\">\n\t\t\t\t\t<h2 class=\"elementor-heading-title elementor-size-default\">1. Pers\u00f6nliche Beratung f\u00fcr Ihre perfekte Tasse<\/h2>\t\t\t\t<\/div>\n\t\t\t\t<\/div>\n\t\t\t\t\t<\/div>\n\t\t<\/div>\n\t\t\t\t\t<\/div>\n\t\t<\/section>\n\t\t\t\t<section class=\"elementor-section elementor-top-section elementor-element elementor-element-ee293f5 elementor-section-boxed elementor-section-height-default elementor-section-height-default\" data-id=\"ee293f5\" data-element_type=\"section\" data-e-type=\"section\">\n\t\t\t\t\t\t<div class=\"elementor-container elementor-column-gap-default\">\n\t\t\t\t\t<div class=\"elementor-column elementor-col-100 elementor-top-column elementor-element elementor-element-4da36d5\" data-id=\"4da36d5\" data-element_type=\"column\" data-e-type=\"column\">\n\t\t\t<div class=\"elementor-widget-wrap elementor-element-populated\">\n\t\t\t\t\t\t<div class=\"elementor-element elementor-element-b444d6d elementor-widget elementor-widget-text-editor\" data-id=\"b444d6d\" data-element_type=\"widget\" data-e-type=\"widget\" data-widget_type=\"text-editor.default\">\n\t\t\t\t<div class=\"elementor-widget-container\">\n\t\t\t\t\t\t\t\t\t<p class=\"p1\">In dieser besonderen Jahreszeit laden wir Sie herzlich ein, die ideale Tasse f\u00fcr Ihre festlichen Bed\u00fcrfnisse zu entdecken. Unser Beratungsservice steht Ihnen zur Seite, um Ihre einzigartigen Weihnachtsideen in individuelle und unvergessliche Tassen umzusetzen. Durch professionelle Beratung in Bezug auf Design, Material und Druckqualit\u00e4t sorgen wir daf\u00fcr, dass Ihre Weihnachtstassen nicht nur sch\u00f6n anzusehen sind, sondern auch eine festliche Atmosph\u00e4re verbreiten.<\/p>\t\t\t\t\t\t\t\t<\/div>\n\t\t\t\t<\/div>\n\t\t\t\t\t<\/div>\n\t\t<\/div>\n\t\t\t\t\t<\/div>\n\t\t<\/section>\n\t\t\t\t<section class=\"elementor-section elementor-top-section elementor-element elementor-element-ffe9aad elementor-section-boxed elementor-section-height-default elementor-section-height-default\" data-id=\"ffe9aad\" data-element_type=\"section\" data-e-type=\"section\">\n\t\t\t\t\t\t<div class=\"elementor-container elementor-column-gap-default\">\n\t\t\t\t\t<div class=\"elementor-column elementor-col-100 elementor-top-column elementor-element elementor-element-8f14147\" data-id=\"8f14147\" data-element_type=\"column\" data-e-type=\"column\">\n\t\t\t<div class=\"elementor-widget-wrap elementor-element-populated\">\n\t\t\t\t\t\t<div class=\"elementor-element elementor-element-877ee5e elementor-widget elementor-widget-heading\" data-id=\"877ee5e\" data-element_type=\"widget\" data-e-type=\"widget\" data-widget_type=\"heading.default\">\n\t\t\t\t<div class=\"elementor-widget-container\">\n\t\t\t\t\t<h2 class=\"elementor-heading-title elementor-size-default\">2. Ihre individuellen Entw\u00fcrfe in h\u00f6chster Qualit\u00e4t<\/h2>\t\t\t\t<\/div>\n\t\t\t\t<\/div>\n\t\t\t\t<div class=\"elementor-element elementor-element-811a404 elementor-widget elementor-widget-text-editor\" data-id=\"811a404\" data-element_type=\"widget\" data-e-type=\"widget\" data-widget_type=\"text-editor.default\">\n\t\t\t\t<div class=\"elementor-widget-container\">\n\t\t\t\t\t\t\t\t\t<p class=\"p1\">Unser transparenter Angebotsprozess gibt Ihnen Sicherheit und Flexibilit\u00e4t. Wir legen Wert auf Qualit\u00e4t in jedem Schritt des Prozesses, von der Auswahl der Tassen bis zur pr\u00e4zisen Umsetzung Ihrer Designs. Unser Team erfahrener Grafikdesigner steht Ihnen zur Seite, um Ihre einzigartigen Ideen in wundersch\u00f6ne Entw\u00fcrfe zu verwandeln. Unsere Grafikdesigner sind hier, um Ihre einzigartigen Ideen in wundersch\u00f6ne Entw\u00fcrfe zu verwandeln. Von festlichen Motiven bis hin zu au\u00dfergew\u00f6hnlichen Sonderanfertigungen \u2013 wir arbeiten eng mit Ihnen zusammen, um sicherzustellen, dass Ihr Entwurf genau Ihren Vorstellungen entspricht.<\/p>\t\t\t\t\t\t\t\t<\/div>\n\t\t\t\t<\/div>\n\t\t\t\t\t<\/div>\n\t\t<\/div>\n\t\t\t\t\t<\/div>\n\t\t<\/section>\n\t\t\t\t<section class=\"elementor-section elementor-top-section elementor-element elementor-element-119de28 elementor-section-boxed elementor-section-height-default elementor-section-height-default\" data-id=\"119de28\" data-element_type=\"section\" data-e-type=\"section\">\n\t\t\t\t\t\t<div class=\"elementor-container elementor-column-gap-default\">\n\t\t\t\t\t<div class=\"elementor-column elementor-col-100 elementor-top-column elementor-element elementor-element-3b2ebd2\" data-id=\"3b2ebd2\" data-element_type=\"column\" data-e-type=\"column\">\n\t\t\t<div class=\"elementor-widget-wrap elementor-element-populated\">\n\t\t\t\t\t\t<div class=\"elementor-element elementor-element-6e6a8b1 elementor-widget elementor-widget-heading\" data-id=\"6e6a8b1\" data-element_type=\"widget\" data-e-type=\"widget\" data-widget_type=\"heading.default\">\n\t\t\t\t<div class=\"elementor-widget-container\">\n\t\t\t\t\t<h2 class=\"elementor-heading-title elementor-size-default\">3. Perfekte Druckergebnisse dank unserer Expertise<\/h2>\t\t\t\t<\/div>\n\t\t\t\t<\/div>\n\t\t\t\t\t<\/div>\n\t\t<\/div>\n\t\t\t\t\t<\/div>\n\t\t<\/section>\n\t\t\t\t<section class=\"elementor-section elementor-top-section elementor-element elementor-element-39738da elementor-section-boxed elementor-section-height-default elementor-section-height-default\" data-id=\"39738da\" data-element_type=\"section\" data-e-type=\"section\">\n\t\t\t\t\t\t<div class=\"elementor-container elementor-column-gap-default\">\n\t\t\t\t\t<div class=\"elementor-column elementor-col-100 elementor-top-column elementor-element elementor-element-6e1c730\" data-id=\"6e1c730\" data-element_type=\"column\" data-e-type=\"column\">\n\t\t\t<div class=\"elementor-widget-wrap elementor-element-populated\">\n\t\t\t\t\t\t<div class=\"elementor-element elementor-element-18e65bf elementor-widget elementor-widget-text-editor\" data-id=\"18e65bf\" data-element_type=\"widget\" data-e-type=\"widget\" data-widget_type=\"text-editor.default\">\n\t\t\t\t<div class=\"elementor-widget-container\">\n\t\t\t\t\t\t\t\t\t<p class=\"p1\">In unserer Druckvorstufe legen wir h\u00f6chsten Wert darauf, sicherzustellen, dass Ihre Weihnachtstassen perfekt nach Ihren Vorstellungen bedruckt werden. Unsere erfahrenen Experten pr\u00fcfen Entw\u00fcrfe sorgf\u00e4ltig, optimieren sie f\u00fcr den Druck und erstellen hochwertige Proofs, damit Sie eine Vorschau auf das Endergebnis erhalten. Unser Ziel ist es, sicherzustellen, dass jeder Aspekt, sei es Farbgenauigkeit, Sch\u00e4rfe oder Positionierung, exakt Ihren Anforderungen entspricht. Die erstellten Proofs erm\u00f6glichen es Ihnen, das Design vor dem eigentlichen Druck zu begutachten und gegebenenfalls Anpassungen vorzunehmen.<\/p>\t\t\t\t\t\t\t\t<\/div>\n\t\t\t\t<\/div>\n\t\t\t\t\t<\/div>\n\t\t<\/div>\n\t\t\t\t\t<\/div>\n\t\t<\/section>\n\t\t\t\t<section class=\"elementor-section elementor-top-section elementor-element elementor-element-c207bb8 elementor-section-boxed elementor-section-height-default elementor-section-height-default\" data-id=\"c207bb8\" data-element_type=\"section\" data-e-type=\"section\">\n\t\t\t\t\t\t<div class=\"elementor-container elementor-column-gap-default\">\n\t\t\t\t\t<div class=\"elementor-column elementor-col-100 elementor-top-column elementor-element elementor-element-1e4e185\" data-id=\"1e4e185\" data-element_type=\"column\" data-e-type=\"column\">\n\t\t\t<div class=\"elementor-widget-wrap elementor-element-populated\">\n\t\t\t\t\t\t<div class=\"elementor-element elementor-element-5cb7a2e elementor-widget elementor-widget-text-editor\" data-id=\"5cb7a2e\" data-element_type=\"widget\" data-e-type=\"widget\" data-widget_type=\"text-editor.default\">\n\t\t\t\t<div class=\"elementor-widget-container\">\n\t\t\t\t\t\t\t\t\t<p class=\"p1\">Mit unserem pers\u00f6nlichen Full-Service stehen wir bereit, um Ihre Weihnachtstassen zu etwas ganz Besonderem zu machen. Kontaktieren Sie uns noch heute, um Ihre individuellen Weihnachtstassen zu gestalten und die festliche Stimmung zu verbreiten!<\/p>\t\t\t\t\t\t\t\t<\/div>\n\t\t\t\t<\/div>\n\t\t\t\t\t<\/div>\n\t\t<\/div>\n\t\t\t\t\t<\/div>\n\t\t<\/section>\n\t\t\t\t<\/div>","protected":false},"excerpt":{"rendered":"<p>Gestalten Sie Ihre einzigartigen Weihnachtstassen mit unserem pers\u00f6nlichen Full-Service Wir sind voller Vorfreude darauf, gemeinsam mit Ihnen die festliche Jahreszeit mit individuellen Tassen zu versch\u00f6nern. Bei uns stehen Ihre W\u00fcnsche und Bed\u00fcrfnisse im Mittelpunkt, und wir sind hier, um Ihre winterlichen Ideen zum Leben zu erwecken. Mit unserer Leidenschaft f\u00fcr Design und Druck bieten wir [&hellip;]<\/p>\n","protected":false},"author":7,"featured_media":0,"parent":0,"menu_order":0,"comment_status":"closed","ping_status":"closed","template":"","meta":{"site-sidebar-layout":"no-sidebar","site-content-layout":"page-builder","ast-site-content-layout":"full-width-container","site-content-style":"default","site-sidebar-style":"default","ast-global-header-display":"","ast-banner-title-visibility":"","ast-main-header-display":"","ast-hfb-above-header-display":"","ast-hfb-below-header-display":"","ast-hfb-mobile-header-display":"","site-post-title":"disabled","ast-breadcrumbs-content":"","ast-featured-img":"disabled","footer-sml-layout":"","ast-disable-related-posts":"","theme-transparent-header-meta":"","adv-header-id-meta":"","stick-header-meta":"","header-above-stick-meta":"","header-main-stick-meta":"","header-below-stick-meta":"","astra-migrate-meta-layouts":"set","ast-page-background-enabled":"default","ast-page-background-meta":{"desktop":{"background-color":"","background-image":"","background-repeat":"repeat","background-position":"center center","background-size":"auto","background-attachment":"scroll","background-type":"","background-media":"","overlay-type":"","overlay-color":"","overlay-opacity":"","overlay-gradient":""},"tablet":{"background-color":"","background-image":"","background-repeat":"repeat","background-position":"center center","background-size":"auto","background-attachment":"scroll","background-type":"","background-media":"","overlay-type":"","overlay-color":"","overlay-opacity":"","overlay-gradient":""},"mobile":{"background-color":"","background-image":"","background-repeat":"repeat","background-position":"center center","background-size":"auto","background-attachment":"scroll","background-type":"","background-media":"","overlay-type":"","overlay-color":"","overlay-opacity":"","overlay-gradient":""}},"ast-content-background-meta":{"desktop":{"background-color":"var(--ast-global-color-5)","background-image":"","background-repeat":"repeat","background-position":"center center","background-size":"auto","background-attachment":"scroll","background-type":"","background-media":"","overlay-type":"","overlay-color":"","overlay-opacity":"","overlay-gradient":""},"tablet":{"background-color":"var(--ast-global-color-5)","background-image":"","background-repeat":"repeat","background-position":"center center","background-size":"auto","background-attachment":"scroll","background-type":"","background-media":"","overlay-type":"","overlay-color":"","overlay-opacity":"","overlay-gradient":""},"mobile":{"background-color":"var(--ast-global-color-5)","background-image":"","background-repeat":"repeat","background-position":"center center","background-size":"auto","background-attachment":"scroll","background-type":"","background-media":"","overlay-type":"","overlay-color":"","overlay-opacity":"","overlay-gradient":""}},"footnotes":""},"class_list":["post-5007","page","type-page","status-publish","hentry"],"yoast_head":"<!-- This site is optimized with the Yoast SEO plugin v27.3 - https:\/\/yoast.com\/product\/yoast-seo-wordpress\/ -->\n<title>Grafikservice - Mohaba<\/title>\n<meta name=\"robots\" content=\"index, follow, max-snippet:-1, max-image-preview:large, max-video-preview:-1\" \/>\n<link rel=\"canonical\" href=\"https:\/\/www.mohaba.de\/en\/grafikservice\/\" \/>\n<meta property=\"og:locale\" content=\"en_US\" \/>\n<meta property=\"og:type\" content=\"article\" \/>\n<meta property=\"og:title\" content=\"Grafikservice - Mohaba\" \/>\n<meta property=\"og:description\" content=\"Gestalten Sie Ihre einzigartigen Weihnachtstassen mit unserem pers\u00f6nlichen Full-Service Wir sind voller Vorfreude darauf, gemeinsam mit Ihnen die festliche Jahreszeit mit individuellen Tassen zu versch\u00f6nern. Bei uns stehen Ihre W\u00fcnsche und Bed\u00fcrfnisse im Mittelpunkt, und wir sind hier, um Ihre winterlichen Ideen zum Leben zu erwecken. Mit unserer Leidenschaft f\u00fcr Design und Druck bieten wir [&hellip;]\" \/>\n<meta property=\"og:url\" content=\"https:\/\/www.mohaba.de\/en\/grafikservice\/\" \/>\n<meta property=\"og:site_name\" content=\"Mohaba\" \/>\n<meta property=\"article:modified_time\" content=\"2024-02-22T15:40:14+00:00\" \/>\n<meta name=\"twitter:card\" content=\"summary_large_image\" \/>\n<meta name=\"twitter:label1\" content=\"Est. reading time\" \/>\n\t<meta name=\"twitter:data1\" content=\"3 minutes\" \/>\n<script type=\"application\/ld+json\" class=\"yoast-schema-graph\">{\"@context\":\"https:\\\/\\\/schema.org\",\"@graph\":[{\"@type\":\"WebPage\",\"@id\":\"https:\\\/\\\/www.mohaba.de\\\/grafikservice\\\/\",\"url\":\"https:\\\/\\\/www.mohaba.de\\\/grafikservice\\\/\",\"name\":\"Grafikservice - Mohaba\",\"isPartOf\":{\"@id\":\"https:\\\/\\\/www.mohaba.de\\\/#website\"},\"datePublished\":\"2024-02-22T15:32:39+00:00\",\"dateModified\":\"2024-02-22T15:40:14+00:00\",\"breadcrumb\":{\"@id\":\"https:\\\/\\\/www.mohaba.de\\\/grafikservice\\\/#breadcrumb\"},\"inLanguage\":\"en-EN\",\"potentialAction\":[{\"@type\":\"ReadAction\",\"target\":[\"https:\\\/\\\/www.mohaba.de\\\/grafikservice\\\/\"]}]},{\"@type\":\"BreadcrumbList\",\"@id\":\"https:\\\/\\\/www.mohaba.de\\\/grafikservice\\\/#breadcrumb\",\"itemListElement\":[{\"@type\":\"ListItem\",\"position\":1,\"name\":\"Home\",\"item\":\"https:\\\/\\\/www.mohaba.de\\\/\"},{\"@type\":\"ListItem\",\"position\":2,\"name\":\"Grafikservice\"}]},{\"@type\":\"WebSite\",\"@id\":\"https:\\\/\\\/www.mohaba.de\\\/#website\",\"url\":\"https:\\\/\\\/www.mohaba.de\\\/\",\"name\":\"Mohaba\",\"description\":\"\",\"publisher\":{\"@id\":\"https:\\\/\\\/www.mohaba.de\\\/#organization\"},\"potentialAction\":[{\"@type\":\"SearchAction\",\"target\":{\"@type\":\"EntryPoint\",\"urlTemplate\":\"https:\\\/\\\/www.mohaba.de\\\/?s={search_term_string}\"},\"query-input\":{\"@type\":\"PropertyValueSpecification\",\"valueRequired\":true,\"valueName\":\"search_term_string\"}}],\"inLanguage\":\"en-EN\"},{\"@type\":\"Organization\",\"@id\":\"https:\\\/\\\/www.mohaba.de\\\/#organization\",\"name\":\"Mohaba\",\"url\":\"https:\\\/\\\/www.mohaba.de\\\/\",\"logo\":{\"@type\":\"ImageObject\",\"inLanguage\":\"en-EN\",\"@id\":\"https:\\\/\\\/www.mohaba.de\\\/#\\\/schema\\\/logo\\\/image\\\/\",\"url\":\"https:\\\/\\\/www.mohaba.de\\\/relaunch\\\/wp-content\\\/uploads\\\/2020\\\/11\\\/Logo-1.png\",\"contentUrl\":\"https:\\\/\\\/www.mohaba.de\\\/relaunch\\\/wp-content\\\/uploads\\\/2020\\\/11\\\/Logo-1.png\",\"width\":1080,\"height\":1080,\"caption\":\"Mohaba\"},\"image\":{\"@id\":\"https:\\\/\\\/www.mohaba.de\\\/#\\\/schema\\\/logo\\\/image\\\/\"}}]}<\/script>\n<!-- \/ Yoast SEO plugin. -->","yoast_head_json":{"title":"Grafikservice - Mohaba","robots":{"index":"index","follow":"follow","max-snippet":"max-snippet:-1","max-image-preview":"max-image-preview:large","max-video-preview":"max-video-preview:-1"},"canonical":"https:\/\/www.mohaba.de\/en\/grafikservice\/","og_locale":"en_US","og_type":"article","og_title":"Grafikservice - Mohaba","og_description":"Gestalten Sie Ihre einzigartigen Weihnachtstassen mit unserem pers\u00f6nlichen Full-Service Wir sind voller Vorfreude darauf, gemeinsam mit Ihnen die festliche Jahreszeit mit individuellen Tassen zu versch\u00f6nern. Bei uns stehen Ihre W\u00fcnsche und Bed\u00fcrfnisse im Mittelpunkt, und wir sind hier, um Ihre winterlichen Ideen zum Leben zu erwecken. Mit unserer Leidenschaft f\u00fcr Design und Druck bieten wir [&hellip;]","og_url":"https:\/\/www.mohaba.de\/en\/grafikservice\/","og_site_name":"Mohaba","article_modified_time":"2024-02-22T15:40:14+00:00","twitter_card":"summary_large_image","twitter_misc":{"Est. reading time":"3 minutes"},"schema":{"@context":"https:\/\/schema.org","@graph":[{"@type":"WebPage","@id":"https:\/\/www.mohaba.de\/grafikservice\/","url":"https:\/\/www.mohaba.de\/grafikservice\/","name":"Grafikservice - Mohaba","isPartOf":{"@id":"https:\/\/www.mohaba.de\/#website"},"datePublished":"2024-02-22T15:32:39+00:00","dateModified":"2024-02-22T15:40:14+00:00","breadcrumb":{"@id":"https:\/\/www.mohaba.de\/grafikservice\/#breadcrumb"},"inLanguage":"en-EN","potentialAction":[{"@type":"ReadAction","target":["https:\/\/www.mohaba.de\/grafikservice\/"]}]},{"@type":"BreadcrumbList","@id":"https:\/\/www.mohaba.de\/grafikservice\/#breadcrumb","itemListElement":[{"@type":"ListItem","position":1,"name":"Home","item":"https:\/\/www.mohaba.de\/"},{"@type":"ListItem","position":2,"name":"Grafikservice"}]},{"@type":"WebSite","@id":"https:\/\/www.mohaba.de\/#website","url":"https:\/\/www.mohaba.de\/","name":"Mohaba","description":"","publisher":{"@id":"https:\/\/www.mohaba.de\/#organization"},"potentialAction":[{"@type":"SearchAction","target":{"@type":"EntryPoint","urlTemplate":"https:\/\/www.mohaba.de\/?s={search_term_string}"},"query-input":{"@type":"PropertyValueSpecification","valueRequired":true,"valueName":"search_term_string"}}],"inLanguage":"en-EN"},{"@type":"Organization","@id":"https:\/\/www.mohaba.de\/#organization","name":"Mohaba","url":"https:\/\/www.mohaba.de\/","logo":{"@type":"ImageObject","inLanguage":"en-EN","@id":"https:\/\/www.mohaba.de\/#\/schema\/logo\/image\/","url":"https:\/\/www.mohaba.de\/relaunch\/wp-content\/uploads\/2020\/11\/Logo-1.png","contentUrl":"https:\/\/www.mohaba.de\/relaunch\/wp-content\/uploads\/2020\/11\/Logo-1.png","width":1080,"height":1080,"caption":"Mohaba"},"image":{"@id":"https:\/\/www.mohaba.de\/#\/schema\/logo\/image\/"}}]}},"_links":{"self":[{"href":"https:\/\/www.mohaba.de\/en\/wp-json\/wp\/v2\/pages\/5007","targetHints":{"allow":["GET"]}}],"collection":[{"href":"https:\/\/www.mohaba.de\/en\/wp-json\/wp\/v2\/pages"}],"about":[{"href":"https:\/\/www.mohaba.de\/en\/wp-json\/wp\/v2\/types\/page"}],"author":[{"embeddable":true,"href":"https:\/\/www.mohaba.de\/en\/wp-json\/wp\/v2\/users\/7"}],"replies":[{"embeddable":true,"href":"https:\/\/www.mohaba.de\/en\/wp-json\/wp\/v2\/comments?post=5007"}],"version-history":[{"count":8,"href":"https:\/\/www.mohaba.de\/en\/wp-json\/wp\/v2\/pages\/5007\/revisions"}],"predecessor-version":[{"id":5016,"href":"https:\/\/www.mohaba.de\/en\/wp-json\/wp\/v2\/pages\/5007\/revisions\/5016"}],"wp:attachment":[{"href":"https:\/\/www.mohaba.de\/en\/wp-json\/wp\/v2\/media?parent=5007"}],"curies":[{"name":"wp","href":"https:\/\/api.w.org\/{rel}","templated":true}]}}