{"id":4451,"date":"2023-08-17T15:56:41","date_gmt":"2023-08-17T13:56:41","guid":{"rendered":"https:\/\/www.mohaba.de\/?page_id=4451"},"modified":"2024-11-27T11:36:07","modified_gmt":"2024-11-27T10:36:07","slug":"neuigkeiten","status":"publish","type":"page","link":"https:\/\/www.mohaba.de\/en\/neuigkeiten\/","title":{"rendered":"News"},"content":{"rendered":"<div data-elementor-type=\"wp-page\" data-elementor-id=\"4451\" class=\"elementor elementor-4451\" data-elementor-post-type=\"page\">\n\t\t\t\t\t\t<section class=\"elementor-section elementor-top-section elementor-element elementor-element-3bb9400 elementor-section-boxed elementor-section-height-default elementor-section-height-default\" data-id=\"3bb9400\" data-element_type=\"section\" data-e-type=\"section\">\n\t\t\t\t\t\t<div class=\"elementor-container elementor-column-gap-default\">\n\t\t\t\t\t<div class=\"elementor-column elementor-col-100 elementor-top-column elementor-element elementor-element-06d3161\" data-id=\"06d3161\" data-element_type=\"column\" data-e-type=\"column\">\n\t\t\t<div class=\"elementor-widget-wrap elementor-element-populated\">\n\t\t\t\t\t\t<div class=\"elementor-element elementor-element-7b1f53e elementor-widget elementor-widget-spacer\" data-id=\"7b1f53e\" data-element_type=\"widget\" data-e-type=\"widget\" data-widget_type=\"spacer.default\">\n\t\t\t\t<div class=\"elementor-widget-container\">\n\t\t\t\t\t\t\t<div class=\"elementor-spacer\">\n\t\t\t<div class=\"elementor-spacer-inner\"><\/div>\n\t\t<\/div>\n\t\t\t\t\t\t<\/div>\n\t\t\t\t<\/div>\n\t\t\t\t\t<\/div>\n\t\t<\/div>\n\t\t\t\t\t<\/div>\n\t\t<\/section>\n\t\t\t\t<section class=\"elementor-section elementor-top-section elementor-element elementor-element-9e747a1 elementor-section-boxed elementor-section-height-default elementor-section-height-default\" data-id=\"9e747a1\" data-element_type=\"section\" data-e-type=\"section\">\n\t\t\t\t\t\t<div class=\"elementor-container elementor-column-gap-default\">\n\t\t\t\t\t<div class=\"elementor-column elementor-col-100 elementor-top-column elementor-element elementor-element-a899739\" data-id=\"a899739\" data-element_type=\"column\" data-e-type=\"column\">\n\t\t\t<div class=\"elementor-widget-wrap elementor-element-populated\">\n\t\t\t\t\t\t<div class=\"elementor-element elementor-element-5b07e69 elementor-widget elementor-widget-heading\" data-id=\"5b07e69\" data-element_type=\"widget\" data-e-type=\"widget\" data-widget_type=\"heading.default\">\n\t\t\t\t<div class=\"elementor-widget-container\">\n\t\t\t\t\t<h1 class=\"elementor-heading-title elementor-size-default\">Bleiben Sie auf dem Laufenden!<\/h1>\t\t\t\t<\/div>\n\t\t\t\t<\/div>\n\t\t\t\t<div class=\"elementor-element elementor-element-38ec54e elementor-widget elementor-widget-text-editor\" data-id=\"38ec54e\" data-element_type=\"widget\" data-e-type=\"widget\" data-widget_type=\"text-editor.default\">\n\t\t\t\t<div class=\"elementor-widget-container\">\n\t\t\t\t\t\t\t\t\t<p class=\"p1\">Verpassen Sie keine Neuigkeiten und Events, indem Sie uns auf Facebook folgen. Dort teilen wir regelm\u00e4\u00dfig interessante Beitr\u00e4ge, Aktionen und Einblicke in unser Unternehmen.<\/p><p class=\"p1\">Klicken Sie auf den &#8222;Gef\u00e4llt mir&#8220;-Button und bleiben Sie mit uns in Kontakt!<\/p>\t\t\t\t\t\t\t\t<\/div>\n\t\t\t\t<\/div>\n\t\t\t\t\t<\/div>\n\t\t<\/div>\n\t\t\t\t\t<\/div>\n\t\t<\/section>\n\t\t\t\t<section class=\"elementor-section elementor-top-section elementor-element elementor-element-951a45c elementor-section-boxed elementor-section-height-default elementor-section-height-default\" data-id=\"951a45c\" data-element_type=\"section\" data-e-type=\"section\">\n\t\t\t\t\t\t<div class=\"elementor-container elementor-column-gap-default\">\n\t\t\t\t\t<div class=\"elementor-column elementor-col-100 elementor-top-column elementor-element elementor-element-7f6a7ee\" data-id=\"7f6a7ee\" data-element_type=\"column\" data-e-type=\"column\">\n\t\t\t<div class=\"elementor-widget-wrap elementor-element-populated\">\n\t\t\t\t\t\t<div class=\"elementor-element elementor-element-2c2bc37 elementor-widget__width-inherit elementor-widget elementor-widget-facebook-page\" data-id=\"2c2bc37\" data-element_type=\"widget\" data-e-type=\"widget\" data-widget_type=\"facebook-page.default\">\n\t\t\t\t<div class=\"elementor-widget-container\">\n\t\t\t\t\t<div class=\"elementor-facebook-widget fb-page\" data-href=\"https:\/\/www.facebook.com\/MohabaGmbH\/\" data-tabs=\"timeline\" data-height=\"1000px\" data-width=\"500px\" data-small-header=\"false\" data-hide-cover=\"false\" data-show-facepile=\"true\" data-hide-cta=\"false\" style=\"min-height: 1px;height:1000px\"><\/div>\t\t\t\t<\/div>\n\t\t\t\t<\/div>\n\t\t\t\t\t<\/div>\n\t\t<\/div>\n\t\t\t\t\t<\/div>\n\t\t<\/section>\n\t\t\t\t<section class=\"elementor-section elementor-top-section elementor-element elementor-element-9c9350b elementor-section-boxed elementor-section-height-default elementor-section-height-default\" data-id=\"9c9350b\" data-element_type=\"section\" data-e-type=\"section\">\n\t\t\t\t\t\t<div class=\"elementor-container elementor-column-gap-default\">\n\t\t\t\t\t<div class=\"elementor-column elementor-col-100 elementor-top-column elementor-element elementor-element-bf0f759\" data-id=\"bf0f759\" data-element_type=\"column\" data-e-type=\"column\">\n\t\t\t<div class=\"elementor-widget-wrap\">\n\t\t\t\t\t\t\t<\/div>\n\t\t<\/div>\n\t\t\t\t\t<\/div>\n\t\t<\/section>\n\t\t\t\t<\/div>","protected":false},"excerpt":{"rendered":"<p>Bleiben Sie auf dem Laufenden! Verpassen Sie keine Neuigkeiten und Events, indem Sie uns auf Facebook folgen. Dort teilen wir regelm\u00e4\u00dfig interessante Beitr\u00e4ge, Aktionen und Einblicke in unser Unternehmen. Klicken Sie auf den &#8222;Gef\u00e4llt mir&#8220;-Button und bleiben Sie mit uns in Kontakt!<\/p>","protected":false},"author":7,"featured_media":0,"parent":0,"menu_order":0,"comment_status":"closed","ping_status":"closed","template":"","meta":{"site-sidebar-layout":"no-sidebar","site-content-layout":"page-builder","ast-site-content-layout":"default","site-content-style":"default","site-sidebar-style":"default","ast-global-header-display":"","ast-banner-title-visibility":"","ast-main-header-display":"","ast-hfb-above-header-display":"","ast-hfb-below-header-display":"","ast-hfb-mobile-header-display":"","site-post-title":"disabled","ast-breadcrumbs-content":"","ast-featured-img":"disabled","footer-sml-layout":"","ast-disable-related-posts":"","theme-transparent-header-meta":"","adv-header-id-meta":"","stick-header-meta":"","header-above-stick-meta":"","header-main-stick-meta":"","header-below-stick-meta":"","astra-migrate-meta-layouts":"default","ast-page-background-enabled":"default","ast-page-background-meta":{"desktop":{"background-color":"","background-image":"","background-repeat":"repeat","background-position":"center center","background-size":"auto","background-attachment":"scroll","background-type":"","background-media":"","overlay-type":"","overlay-color":"","overlay-opacity":"","overlay-gradient":""},"tablet":{"background-color":"","background-image":"","background-repeat":"repeat","background-position":"center center","background-size":"auto","background-attachment":"scroll","background-type":"","background-media":"","overlay-type":"","overlay-color":"","overlay-opacity":"","overlay-gradient":""},"mobile":{"background-color":"","background-image":"","background-repeat":"repeat","background-position":"center center","background-size":"auto","background-attachment":"scroll","background-type":"","background-media":"","overlay-type":"","overlay-color":"","overlay-opacity":"","overlay-gradient":""}},"ast-content-background-meta":{"desktop":{"background-color":"var(--ast-global-color-5)","background-image":"","background-repeat":"repeat","background-position":"center center","background-size":"auto","background-attachment":"scroll","background-type":"","background-media":"","overlay-type":"","overlay-color":"","overlay-opacity":"","overlay-gradient":""},"tablet":{"background-color":"var(--ast-global-color-5)","background-image":"","background-repeat":"repeat","background-position":"center center","background-size":"auto","background-attachment":"scroll","background-type":"","background-media":"","overlay-type":"","overlay-color":"","overlay-opacity":"","overlay-gradient":""},"mobile":{"background-color":"var(--ast-global-color-5)","background-image":"","background-repeat":"repeat","background-position":"center center","background-size":"auto","background-attachment":"scroll","background-type":"","background-media":"","overlay-type":"","overlay-color":"","overlay-opacity":"","overlay-gradient":""}},"footnotes":""},"class_list":["post-4451","page","type-page","status-publish","hentry"],"yoast_head":"<!-- This site is optimized with the Yoast SEO plugin v27.3 - https:\/\/yoast.com\/product\/yoast-seo-wordpress\/ -->\n<title>Neuigkeiten - Mohaba<\/title>\n<meta name=\"robots\" content=\"index, follow, max-snippet:-1, max-image-preview:large, max-video-preview:-1\" \/>\n<link rel=\"canonical\" href=\"https:\/\/www.mohaba.de\/en\/neuigkeiten\/\" \/>\n<meta property=\"og:locale\" content=\"en_US\" \/>\n<meta property=\"og:type\" content=\"article\" \/>\n<meta property=\"og:title\" content=\"Neuigkeiten - Mohaba\" \/>\n<meta property=\"og:description\" content=\"Bleiben Sie auf dem Laufenden! Verpassen Sie keine Neuigkeiten und Events, indem Sie uns auf Facebook folgen. Dort teilen wir regelm\u00e4\u00dfig interessante Beitr\u00e4ge, Aktionen und Einblicke in unser Unternehmen. Klicken Sie auf den &#8222;Gef\u00e4llt mir&#8220;-Button und bleiben Sie mit uns in Kontakt!\" \/>\n<meta property=\"og:url\" content=\"https:\/\/www.mohaba.de\/en\/neuigkeiten\/\" \/>\n<meta property=\"og:site_name\" content=\"Mohaba\" \/>\n<meta property=\"article:modified_time\" content=\"2024-11-27T10:36:07+00:00\" \/>\n<meta name=\"twitter:card\" content=\"summary_large_image\" \/>\n<meta name=\"twitter:label1\" content=\"Est. reading time\" \/>\n\t<meta name=\"twitter:data1\" content=\"1 minute\" \/>\n<script type=\"application\/ld+json\" class=\"yoast-schema-graph\">{\"@context\":\"https:\\\/\\\/schema.org\",\"@graph\":[{\"@type\":\"WebPage\",\"@id\":\"https:\\\/\\\/www.mohaba.de\\\/neuigkeiten\\\/\",\"url\":\"https:\\\/\\\/www.mohaba.de\\\/neuigkeiten\\\/\",\"name\":\"Neuigkeiten - Mohaba\",\"isPartOf\":{\"@id\":\"https:\\\/\\\/www.mohaba.de\\\/#website\"},\"datePublished\":\"2023-08-17T13:56:41+00:00\",\"dateModified\":\"2024-11-27T10:36:07+00:00\",\"breadcrumb\":{\"@id\":\"https:\\\/\\\/www.mohaba.de\\\/neuigkeiten\\\/#breadcrumb\"},\"inLanguage\":\"en-EN\",\"potentialAction\":[{\"@type\":\"ReadAction\",\"target\":[\"https:\\\/\\\/www.mohaba.de\\\/neuigkeiten\\\/\"]}]},{\"@type\":\"BreadcrumbList\",\"@id\":\"https:\\\/\\\/www.mohaba.de\\\/neuigkeiten\\\/#breadcrumb\",\"itemListElement\":[{\"@type\":\"ListItem\",\"position\":1,\"name\":\"Home\",\"item\":\"https:\\\/\\\/www.mohaba.de\\\/\"},{\"@type\":\"ListItem\",\"position\":2,\"name\":\"Neuigkeiten\"}]},{\"@type\":\"WebSite\",\"@id\":\"https:\\\/\\\/www.mohaba.de\\\/#website\",\"url\":\"https:\\\/\\\/www.mohaba.de\\\/\",\"name\":\"Mohaba\",\"description\":\"\",\"publisher\":{\"@id\":\"https:\\\/\\\/www.mohaba.de\\\/#organization\"},\"potentialAction\":[{\"@type\":\"SearchAction\",\"target\":{\"@type\":\"EntryPoint\",\"urlTemplate\":\"https:\\\/\\\/www.mohaba.de\\\/?s={search_term_string}\"},\"query-input\":{\"@type\":\"PropertyValueSpecification\",\"valueRequired\":true,\"valueName\":\"search_term_string\"}}],\"inLanguage\":\"en-EN\"},{\"@type\":\"Organization\",\"@id\":\"https:\\\/\\\/www.mohaba.de\\\/#organization\",\"name\":\"Mohaba\",\"url\":\"https:\\\/\\\/www.mohaba.de\\\/\",\"logo\":{\"@type\":\"ImageObject\",\"inLanguage\":\"en-EN\",\"@id\":\"https:\\\/\\\/www.mohaba.de\\\/#\\\/schema\\\/logo\\\/image\\\/\",\"url\":\"https:\\\/\\\/www.mohaba.de\\\/relaunch\\\/wp-content\\\/uploads\\\/2020\\\/11\\\/Logo-1.png\",\"contentUrl\":\"https:\\\/\\\/www.mohaba.de\\\/relaunch\\\/wp-content\\\/uploads\\\/2020\\\/11\\\/Logo-1.png\",\"width\":1080,\"height\":1080,\"caption\":\"Mohaba\"},\"image\":{\"@id\":\"https:\\\/\\\/www.mohaba.de\\\/#\\\/schema\\\/logo\\\/image\\\/\"}}]}<\/script>\n<!-- \/ Yoast SEO plugin. -->","yoast_head_json":{"title":"Neuigkeiten - Mohaba","robots":{"index":"index","follow":"follow","max-snippet":"max-snippet:-1","max-image-preview":"max-image-preview:large","max-video-preview":"max-video-preview:-1"},"canonical":"https:\/\/www.mohaba.de\/en\/neuigkeiten\/","og_locale":"en_US","og_type":"article","og_title":"Neuigkeiten - Mohaba","og_description":"Bleiben Sie auf dem Laufenden! Verpassen Sie keine Neuigkeiten und Events, indem Sie uns auf Facebook folgen. Dort teilen wir regelm\u00e4\u00dfig interessante Beitr\u00e4ge, Aktionen und Einblicke in unser Unternehmen. Klicken Sie auf den &#8222;Gef\u00e4llt mir&#8220;-Button und bleiben Sie mit uns in Kontakt!","og_url":"https:\/\/www.mohaba.de\/en\/neuigkeiten\/","og_site_name":"Mohaba","article_modified_time":"2024-11-27T10:36:07+00:00","twitter_card":"summary_large_image","twitter_misc":{"Est. reading time":"1 minute"},"schema":{"@context":"https:\/\/schema.org","@graph":[{"@type":"WebPage","@id":"https:\/\/www.mohaba.de\/neuigkeiten\/","url":"https:\/\/www.mohaba.de\/neuigkeiten\/","name":"Neuigkeiten - Mohaba","isPartOf":{"@id":"https:\/\/www.mohaba.de\/#website"},"datePublished":"2023-08-17T13:56:41+00:00","dateModified":"2024-11-27T10:36:07+00:00","breadcrumb":{"@id":"https:\/\/www.mohaba.de\/neuigkeiten\/#breadcrumb"},"inLanguage":"en-EN","potentialAction":[{"@type":"ReadAction","target":["https:\/\/www.mohaba.de\/neuigkeiten\/"]}]},{"@type":"BreadcrumbList","@id":"https:\/\/www.mohaba.de\/neuigkeiten\/#breadcrumb","itemListElement":[{"@type":"ListItem","position":1,"name":"Home","item":"https:\/\/www.mohaba.de\/"},{"@type":"ListItem","position":2,"name":"Neuigkeiten"}]},{"@type":"WebSite","@id":"https:\/\/www.mohaba.de\/#website","url":"https:\/\/www.mohaba.de\/","name":"Mohaba","description":"","publisher":{"@id":"https:\/\/www.mohaba.de\/#organization"},"potentialAction":[{"@type":"SearchAction","target":{"@type":"EntryPoint","urlTemplate":"https:\/\/www.mohaba.de\/?s={search_term_string}"},"query-input":{"@type":"PropertyValueSpecification","valueRequired":true,"valueName":"search_term_string"}}],"inLanguage":"en-EN"},{"@type":"Organization","@id":"https:\/\/www.mohaba.de\/#organization","name":"Mohaba","url":"https:\/\/www.mohaba.de\/","logo":{"@type":"ImageObject","inLanguage":"en-EN","@id":"https:\/\/www.mohaba.de\/#\/schema\/logo\/image\/","url":"https:\/\/www.mohaba.de\/relaunch\/wp-content\/uploads\/2020\/11\/Logo-1.png","contentUrl":"https:\/\/www.mohaba.de\/relaunch\/wp-content\/uploads\/2020\/11\/Logo-1.png","width":1080,"height":1080,"caption":"Mohaba"},"image":{"@id":"https:\/\/www.mohaba.de\/#\/schema\/logo\/image\/"}}]}},"_links":{"self":[{"href":"https:\/\/www.mohaba.de\/en\/wp-json\/wp\/v2\/pages\/4451","targetHints":{"allow":["GET"]}}],"collection":[{"href":"https:\/\/www.mohaba.de\/en\/wp-json\/wp\/v2\/pages"}],"about":[{"href":"https:\/\/www.mohaba.de\/en\/wp-json\/wp\/v2\/types\/page"}],"author":[{"embeddable":true,"href":"https:\/\/www.mohaba.de\/en\/wp-json\/wp\/v2\/users\/7"}],"replies":[{"embeddable":true,"href":"https:\/\/www.mohaba.de\/en\/wp-json\/wp\/v2\/comments?post=4451"}],"version-history":[{"count":40,"href":"https:\/\/www.mohaba.de\/en\/wp-json\/wp\/v2\/pages\/4451\/revisions"}],"predecessor-version":[{"id":5483,"href":"https:\/\/www.mohaba.de\/en\/wp-json\/wp\/v2\/pages\/4451\/revisions\/5483"}],"wp:attachment":[{"href":"https:\/\/www.mohaba.de\/en\/wp-json\/wp\/v2\/media?parent=4451"}],"curies":[{"name":"wp","href":"https:\/\/api.w.org\/{rel}","templated":true}]}}