{"id":370,"date":"2021-07-01T10:17:57","date_gmt":"2021-07-01T08:17:57","guid":{"rendered":"https:\/\/www.mohaba.de\/relaunch\/gluehweintassen\/"},"modified":"2025-12-05T14:12:36","modified_gmt":"2025-12-05T13:12:36","slug":"gluehweintassen","status":"publish","type":"page","link":"https:\/\/www.mohaba.de\/en\/gluehweintassen\/","title":{"rendered":"Mulled wine cups"},"content":{"rendered":"<div data-elementor-type=\"wp-page\" data-elementor-id=\"370\" class=\"elementor elementor-370\" data-elementor-post-type=\"page\">\n\t\t\t\t\t\t<section class=\"elementor-section elementor-top-section elementor-element elementor-element-ac6eaf4 elementor-section-full_width elementor-section-height-default elementor-section-height-default\" data-id=\"ac6eaf4\" data-element_type=\"section\" data-e-type=\"section\">\n\t\t\t\t\t\t<div class=\"elementor-container elementor-column-gap-default\">\n\t\t\t\t\t<div class=\"elementor-column elementor-col-100 elementor-top-column elementor-element elementor-element-6de7dce\" data-id=\"6de7dce\" data-element_type=\"column\" data-e-type=\"column\">\n\t\t\t<div class=\"elementor-widget-wrap elementor-element-populated\">\n\t\t\t\t\t\t<div class=\"elementor-element elementor-element-78f201e elementor-widget elementor-widget-image\" data-id=\"78f201e\" data-element_type=\"widget\" data-e-type=\"widget\" data-widget_type=\"image.default\">\n\t\t\t\t<div class=\"elementor-widget-container\">\n\t\t\t\t\t\t\t\t\t\t\t\t\t\t\t<img fetchpriority=\"high\" decoding=\"async\" width=\"2560\" height=\"962\" src=\"https:\/\/www.mohaba.de\/relaunch\/wp-content\/uploads\/2021\/09\/Glu_hweintassen_HEro_HiDPI-scaled.jpg\" class=\"attachment-full size-full wp-image-1748\" alt=\"Gl\u00fchweintassen, Gl\u00fchweintassen mit Motiv, Weihnachtsmarkttassen\" srcset=\"https:\/\/www.mohaba.de\/relaunch\/wp-content\/uploads\/2021\/09\/Glu_hweintassen_HEro_HiDPI-scaled.jpg 2560w, https:\/\/www.mohaba.de\/relaunch\/wp-content\/uploads\/2021\/09\/Glu_hweintassen_HEro_HiDPI-300x113.jpg 300w, https:\/\/www.mohaba.de\/relaunch\/wp-content\/uploads\/2021\/09\/Glu_hweintassen_HEro_HiDPI-1024x385.jpg 1024w, https:\/\/www.mohaba.de\/relaunch\/wp-content\/uploads\/2021\/09\/Glu_hweintassen_HEro_HiDPI-768x289.jpg 768w, https:\/\/www.mohaba.de\/relaunch\/wp-content\/uploads\/2021\/09\/Glu_hweintassen_HEro_HiDPI-1536x577.jpg 1536w, https:\/\/www.mohaba.de\/relaunch\/wp-content\/uploads\/2021\/09\/Glu_hweintassen_HEro_HiDPI-2048x769.jpg 2048w\" sizes=\"(max-width: 2560px) 100vw, 2560px\" \/>\t\t\t\t\t\t\t\t\t\t\t\t\t\t\t<\/div>\n\t\t\t\t<\/div>\n\t\t\t\t\t<\/div>\n\t\t<\/div>\n\t\t\t\t\t<\/div>\n\t\t<\/section>\n\t\t\t\t<section class=\"elementor-section elementor-top-section elementor-element elementor-element-52180a8 elementor-section-boxed elementor-section-height-default elementor-section-height-default\" data-id=\"52180a8\" data-element_type=\"section\" data-e-type=\"section\">\n\t\t\t\t\t\t<div class=\"elementor-container elementor-column-gap-default\">\n\t\t\t\t\t<div class=\"elementor-column elementor-col-100 elementor-top-column elementor-element elementor-element-15121cf5\" data-id=\"15121cf5\" data-element_type=\"column\" data-e-type=\"column\">\n\t\t\t<div class=\"elementor-widget-wrap elementor-element-populated\">\n\t\t\t\t\t\t<div class=\"elementor-element elementor-element-ef23509 elementor-hidden-tablet elementor-hidden-mobile elementor-widget elementor-widget-image\" data-id=\"ef23509\" data-element_type=\"widget\" data-e-type=\"widget\" data-widget_type=\"image.default\">\n\t\t\t\t<div class=\"elementor-widget-container\">\n\t\t\t\t\t\t\t\t\t\t\t\t\t\t\t<img decoding=\"async\" width=\"150\" height=\"150\" src=\"https:\/\/www.mohaba.de\/relaunch\/wp-content\/uploads\/2021\/07\/Zeichenfla\u0308che-1_4-150x150.png\" class=\"attachment-thumbnail size-thumbnail wp-image-714\" alt=\"\" srcset=\"https:\/\/www.mohaba.de\/relaunch\/wp-content\/uploads\/2021\/07\/Zeichenfla\u0308che-1_4-150x150.png 150w, https:\/\/www.mohaba.de\/relaunch\/wp-content\/uploads\/2021\/07\/Zeichenfla\u0308che-1_4-300x300.png 300w, https:\/\/www.mohaba.de\/relaunch\/wp-content\/uploads\/2021\/07\/Zeichenfla\u0308che-1_4-1024x1024.png 1024w, https:\/\/www.mohaba.de\/relaunch\/wp-content\/uploads\/2021\/07\/Zeichenfla\u0308che-1_4-768x768.png 768w, https:\/\/www.mohaba.de\/relaunch\/wp-content\/uploads\/2021\/07\/Zeichenfla\u0308che-1_4.png 1081w\" sizes=\"(max-width: 150px) 100vw, 150px\" \/>\t\t\t\t\t\t\t\t\t\t\t\t\t\t\t<\/div>\n\t\t\t\t<\/div>\n\t\t\t\t<div class=\"elementor-element elementor-element-030dc11 elementor-hidden-desktop elementor-widget elementor-widget-image\" data-id=\"030dc11\" data-element_type=\"widget\" data-e-type=\"widget\" data-widget_type=\"image.default\">\n\t\t\t\t<div class=\"elementor-widget-container\">\n\t\t\t\t\t\t\t\t\t\t\t\t\t\t\t<img decoding=\"async\" width=\"150\" height=\"150\" src=\"https:\/\/www.mohaba.de\/relaunch\/wp-content\/uploads\/2021\/08\/Gluehweintasse_Icon_White-150x150.png\" class=\"attachment-thumbnail size-thumbnail wp-image-1325\" alt=\"\" \/>\t\t\t\t\t\t\t\t\t\t\t\t\t\t\t<\/div>\n\t\t\t\t<\/div>\n\t\t\t\t\t<\/div>\n\t\t<\/div>\n\t\t\t\t\t<\/div>\n\t\t<\/section>\n\t\t\t\t<section class=\"elementor-section elementor-top-section elementor-element elementor-element-4cc0c18 elementor-section-boxed elementor-section-height-default elementor-section-height-default\" data-id=\"4cc0c18\" data-element_type=\"section\" data-e-type=\"section\">\n\t\t\t\t\t\t<div class=\"elementor-container elementor-column-gap-default\">\n\t\t\t\t\t<div class=\"elementor-column elementor-col-50 elementor-top-column elementor-element elementor-element-2f1a661\" data-id=\"2f1a661\" data-element_type=\"column\" data-e-type=\"column\" data-settings=\"{&quot;background_background&quot;:&quot;classic&quot;}\">\n\t\t\t<div class=\"elementor-widget-wrap elementor-element-populated\">\n\t\t\t\t\t\t<div class=\"elementor-element elementor-element-17bd049 elementor-widget elementor-widget-heading\" data-id=\"17bd049\" data-element_type=\"widget\" data-e-type=\"widget\" data-widget_type=\"heading.default\">\n\t\t\t\t<div class=\"elementor-widget-container\">\n\t\t\t\t\t<h2 class=\"elementor-heading-title elementor-size-default\">Mulled Wine Cup 2026<\/h2>\t\t\t\t<\/div>\n\t\t\t\t<\/div>\n\t\t\t\t<div class=\"elementor-element elementor-element-58c9b89 elementor-widget elementor-widget-heading\" data-id=\"58c9b89\" data-element_type=\"widget\" data-e-type=\"widget\" data-widget_type=\"heading.default\">\n\t\t\t\t<div class=\"elementor-widget-container\">\n\t\t\t\t\t<h2 class=\"elementor-heading-title elementor-size-default\">Enjoy your hot mulled wine in style.<\/h2>\t\t\t\t<\/div>\n\t\t\t\t<\/div>\n\t\t\t\t<div class=\"elementor-element elementor-element-013e492 elementor-widget elementor-widget-text-editor\" data-id=\"013e492\" data-element_type=\"widget\" data-e-type=\"widget\" data-widget_type=\"text-editor.default\">\n\t\t\t\t<div class=\"elementor-widget-container\">\n\t\t\t\t\t\t\t\t\t<h5>At the Christmas market, enjoying a hot mulled wine is a cherished tradition. The right mulled wine mug plays a crucial role in this experience. Whether you prefer a standard design or want a personalized creation, you\u2019ll find it with us. Our catalog offers inspiring examples and ideas for custom mug designs. From unique glaze combinations and premium designs to classic or extraordinary shapes \u2013 we have everything to bring your vision to life. Let us help you find YOUR perfect mulled wine mug. We\u2019re excited about new challenges and happy to assist you. Just get in touch with us!<\/h5>\t\t\t\t\t\t\t\t<\/div>\n\t\t\t\t<\/div>\n\t\t\t\t<div class=\"elementor-element elementor-element-665744e elementor-align-center elementor-absolute elementor-hidden-phone elementor-widget elementor-widget-button\" data-id=\"665744e\" data-element_type=\"widget\" data-e-type=\"widget\" data-settings=\"{&quot;_position&quot;:&quot;absolute&quot;}\" data-widget_type=\"button.default\">\n\t\t\t\t<div class=\"elementor-widget-container\">\n\t\t\t\t\t\t\t\t\t<div class=\"elementor-button-wrapper\">\n\t\t\t\t\t<a class=\"elementor-button elementor-button-link elementor-size-xs\" href=\"https:\/\/www.mohaba.de\/relaunch\/wp-content\/uploads\/2025\/11\/mohaba-mulled-wine-cup-2026.pdf\" target=\"_blank\">\n\t\t\t\t\t\t<span class=\"elementor-button-content-wrapper\">\n\t\t\t\t\t\t\t\t\t<span class=\"elementor-button-text\">Download catalogue<\/span>\n\t\t\t\t\t<\/span>\n\t\t\t\t\t<\/a>\n\t\t\t\t<\/div>\n\t\t\t\t\t\t\t\t<\/div>\n\t\t\t\t<\/div>\n\t\t\t\t\t<\/div>\n\t\t<\/div>\n\t\t\t\t<div class=\"elementor-column elementor-col-50 elementor-top-column elementor-element elementor-element-ef40f07\" data-id=\"ef40f07\" data-element_type=\"column\" data-e-type=\"column\">\n\t\t\t<div class=\"elementor-widget-wrap elementor-element-populated\">\n\t\t\t\t\t\t<div class=\"elementor-element elementor-element-3f9e6f6 elementor-hidden-tablet elementor-hidden-mobile elementor-widget elementor-widget-image\" data-id=\"3f9e6f6\" data-element_type=\"widget\" data-e-type=\"widget\" data-widget_type=\"image.default\">\n\t\t\t\t<div class=\"elementor-widget-container\">\n\t\t\t\t\t\t\t\t\t\t\t\t\t\t\t<img loading=\"lazy\" decoding=\"async\" width=\"1131\" height=\"1600\" src=\"https:\/\/www.mohaba.de\/relaunch\/wp-content\/uploads\/2025\/11\/mohaba-mulled-wine-cup-2026.jpg\" class=\"attachment-full size-full wp-image-5778\" alt=\"\" srcset=\"https:\/\/www.mohaba.de\/relaunch\/wp-content\/uploads\/2025\/11\/mohaba-mulled-wine-cup-2026.jpg 1131w, https:\/\/www.mohaba.de\/relaunch\/wp-content\/uploads\/2025\/11\/mohaba-mulled-wine-cup-2026-212x300.jpg 212w, https:\/\/www.mohaba.de\/relaunch\/wp-content\/uploads\/2025\/11\/mohaba-mulled-wine-cup-2026-724x1024.jpg 724w, https:\/\/www.mohaba.de\/relaunch\/wp-content\/uploads\/2025\/11\/mohaba-mulled-wine-cup-2026-768x1086.jpg 768w, https:\/\/www.mohaba.de\/relaunch\/wp-content\/uploads\/2025\/11\/mohaba-mulled-wine-cup-2026-1086x1536.jpg 1086w, https:\/\/www.mohaba.de\/relaunch\/wp-content\/uploads\/2025\/11\/mohaba-mulled-wine-cup-2026-8x12.jpg 8w\" sizes=\"(max-width: 1131px) 100vw, 1131px\" \/>\t\t\t\t\t\t\t\t\t\t\t\t\t\t\t<\/div>\n\t\t\t\t<\/div>\n\t\t\t\t<div class=\"elementor-element elementor-element-231195e elementor-hidden-desktop elementor-widget elementor-widget-image\" data-id=\"231195e\" data-element_type=\"widget\" data-e-type=\"widget\" data-widget_type=\"image.default\">\n\t\t\t\t<div class=\"elementor-widget-container\">\n\t\t\t\t\t\t\t\t\t\t\t\t\t\t\t\t<a href=\"https:\/\/www.mohaba.de\/en\/3d-flip-book\/gluehweinbecher-2026\/\">\n\t\t\t\t\t\t\t<img loading=\"lazy\" decoding=\"async\" width=\"1131\" height=\"1600\" src=\"https:\/\/www.mohaba.de\/relaunch\/wp-content\/uploads\/2025\/11\/mohaba-mulled-wine-cup-2026.jpg\" class=\"attachment-full size-full wp-image-5778\" alt=\"\" srcset=\"https:\/\/www.mohaba.de\/relaunch\/wp-content\/uploads\/2025\/11\/mohaba-mulled-wine-cup-2026.jpg 1131w, https:\/\/www.mohaba.de\/relaunch\/wp-content\/uploads\/2025\/11\/mohaba-mulled-wine-cup-2026-212x300.jpg 212w, https:\/\/www.mohaba.de\/relaunch\/wp-content\/uploads\/2025\/11\/mohaba-mulled-wine-cup-2026-724x1024.jpg 724w, https:\/\/www.mohaba.de\/relaunch\/wp-content\/uploads\/2025\/11\/mohaba-mulled-wine-cup-2026-768x1086.jpg 768w, https:\/\/www.mohaba.de\/relaunch\/wp-content\/uploads\/2025\/11\/mohaba-mulled-wine-cup-2026-1086x1536.jpg 1086w, https:\/\/www.mohaba.de\/relaunch\/wp-content\/uploads\/2025\/11\/mohaba-mulled-wine-cup-2026-8x12.jpg 8w\" sizes=\"(max-width: 1131px) 100vw, 1131px\" \/>\t\t\t\t\t\t\t\t<\/a>\n\t\t\t\t\t\t\t\t\t\t\t\t\t\t\t<\/div>\n\t\t\t\t<\/div>\n\t\t\t\t<div class=\"elementor-element elementor-element-7bde4ac elementor-align-center elementor-absolute elementor-hidden-phone hide-en elementor-widget elementor-widget-button\" data-id=\"7bde4ac\" data-element_type=\"widget\" data-e-type=\"widget\" data-settings=\"{&quot;_position&quot;:&quot;absolute&quot;}\" data-widget_type=\"button.default\">\n\t\t\t\t<div class=\"elementor-widget-container\">\n\t\t\t\t\t\t\t\t\t<div class=\"elementor-button-wrapper\">\n\t\t\t\t\t<a class=\"elementor-button elementor-button-link elementor-size-xs\" href=\"https:\/\/www.mohaba.de\/en\/3d-flip-book\/gluehweinbecher-2026\/\" target=\"_blank\">\n\t\t\t\t\t\t<span class=\"elementor-button-content-wrapper\">\n\t\t\t\t\t\t\t\t\t<span class=\"elementor-button-text\">View catalogue online<\/span>\n\t\t\t\t\t<\/span>\n\t\t\t\t\t<\/a>\n\t\t\t\t<\/div>\n\t\t\t\t\t\t\t\t<\/div>\n\t\t\t\t<\/div>\n\t\t\t\t<div class=\"elementor-element elementor-element-15cbf29 elementor-align-center elementor-absolute elementor-hidden-tablet elementor-hidden-phone hide-de elementor-widget elementor-widget-button\" data-id=\"15cbf29\" data-element_type=\"widget\" data-e-type=\"widget\" data-settings=\"{&quot;_position&quot;:&quot;absolute&quot;}\" data-widget_type=\"button.default\">\n\t\t\t\t<div class=\"elementor-widget-container\">\n\t\t\t\t\t\t\t\t\t<div class=\"elementor-button-wrapper\">\n\t\t\t\t\t<a class=\"elementor-button elementor-button-link elementor-size-xs\" href=\"\/en\/3d-flip-book\/gluehweinen\/\" target=\"_blank\">\n\t\t\t\t\t\t<span class=\"elementor-button-content-wrapper\">\n\t\t\t\t\t\t\t\t\t<span class=\"elementor-button-text\">View catalogue online<\/span>\n\t\t\t\t\t<\/span>\n\t\t\t\t\t<\/a>\n\t\t\t\t<\/div>\n\t\t\t\t\t\t\t\t<\/div>\n\t\t\t\t<\/div>\n\t\t\t\t<div class=\"elementor-element elementor-element-107a7ed elementor-align-center elementor-absolute elementor-hidden-desktop hide-de elementor-widget elementor-widget-button\" data-id=\"107a7ed\" data-element_type=\"widget\" data-e-type=\"widget\" data-settings=\"{&quot;_position&quot;:&quot;absolute&quot;}\" data-widget_type=\"button.default\">\n\t\t\t\t<div class=\"elementor-widget-container\">\n\t\t\t\t\t\t\t\t\t<div class=\"elementor-button-wrapper\">\n\t\t\t\t\t<a class=\"elementor-button elementor-button-link elementor-size-xs\" href=\"\/en\/3d-flip-book\/gluehweinen\/\" target=\"_blank\">\n\t\t\t\t\t\t<span class=\"elementor-button-content-wrapper\">\n\t\t\t\t\t\t\t\t\t<span class=\"elementor-button-text\">View catalogue<\/span>\n\t\t\t\t\t<\/span>\n\t\t\t\t\t<\/a>\n\t\t\t\t<\/div>\n\t\t\t\t\t\t\t\t<\/div>\n\t\t\t\t<\/div>\n\t\t\t\t\t<\/div>\n\t\t<\/div>\n\t\t\t\t\t<\/div>\n\t\t<\/section>\n\t\t\t\t<\/div>","protected":false},"excerpt":{"rendered":"<p>Gl\u00fchweintassen 2026 Genie\u00dfen Sie Ihren hei\u00dfen Gl\u00fchwein mit Stil Auf dem Weihnachtsmarkt geh\u00f6rt der Genuss eines hei\u00dfen Gl\u00fchweins zur geselligen Tradition. Die richtige Gl\u00fchweintasse spielt hierbei eine entscheidende Rolle. Egal, ob Sie ein Standardmotiv bevorzugen oder Ihre ganz pers\u00f6nliche Gestaltung w\u00fcnschen \u2013 bei uns werden Sie f\u00fcndig. Unser Katalog bietet inspirierende Beispiele und Anregungen zur [&hellip;]<\/p>\n","protected":false},"author":3,"featured_media":0,"parent":0,"menu_order":0,"comment_status":"closed","ping_status":"closed","template":"","meta":{"site-sidebar-layout":"no-sidebar","site-content-layout":"page-builder","ast-site-content-layout":"default","site-content-style":"default","site-sidebar-style":"default","ast-global-header-display":"","ast-banner-title-visibility":"","ast-main-header-display":"","ast-hfb-above-header-display":"","ast-hfb-below-header-display":"","ast-hfb-mobile-header-display":"","site-post-title":"disabled","ast-breadcrumbs-content":"","ast-featured-img":"disabled","footer-sml-layout":"","ast-disable-related-posts":"","theme-transparent-header-meta":"default","adv-header-id-meta":"","stick-header-meta":"","header-above-stick-meta":"","header-main-stick-meta":"","header-below-stick-meta":"","astra-migrate-meta-layouts":"default","ast-page-background-enabled":"default","ast-page-background-meta":{"desktop":{"background-color":"","background-image":"","background-repeat":"repeat","background-position":"center center","background-size":"auto","background-attachment":"scroll","background-type":"","background-media":"","overlay-type":"","overlay-color":"","overlay-opacity":"","overlay-gradient":""},"tablet":{"background-color":"","background-image":"","background-repeat":"repeat","background-position":"center center","background-size":"auto","background-attachment":"scroll","background-type":"","background-media":"","overlay-type":"","overlay-color":"","overlay-opacity":"","overlay-gradient":""},"mobile":{"background-color":"","background-image":"","background-repeat":"repeat","background-position":"center center","background-size":"auto","background-attachment":"scroll","background-type":"","background-media":"","overlay-type":"","overlay-color":"","overlay-opacity":"","overlay-gradient":""}},"ast-content-background-meta":{"desktop":{"background-color":"var(--ast-global-color-5)","background-image":"","background-repeat":"repeat","background-position":"center center","background-size":"auto","background-attachment":"scroll","background-type":"","background-media":"","overlay-type":"","overlay-color":"","overlay-opacity":"","overlay-gradient":""},"tablet":{"background-color":"var(--ast-global-color-5)","background-image":"","background-repeat":"repeat","background-position":"center center","background-size":"auto","background-attachment":"scroll","background-type":"","background-media":"","overlay-type":"","overlay-color":"","overlay-opacity":"","overlay-gradient":""},"mobile":{"background-color":"var(--ast-global-color-5)","background-image":"","background-repeat":"repeat","background-position":"center center","background-size":"auto","background-attachment":"scroll","background-type":"","background-media":"","overlay-type":"","overlay-color":"","overlay-opacity":"","overlay-gradient":""}},"footnotes":""},"class_list":["post-370","page","type-page","status-publish","hentry"],"yoast_head":"<!-- This site is optimized with the Yoast SEO plugin v27.3 - https:\/\/yoast.com\/product\/yoast-seo-wordpress\/ -->\n<title>Mohaba - Ihr Spezialist &amp; Partner im Gl\u00fchweintassen bedrucken<\/title>\n<meta name=\"description\" content=\"Ob mit Standardmotiv oder ihrem ganz eigenen Design, wir gestalten Ihre Gl\u00fchweinbecher. \u2713Gl\u00fchweintassen bedrucken \u2713Eigenes Design\" \/>\n<meta name=\"robots\" content=\"index, follow, max-snippet:-1, max-image-preview:large, max-video-preview:-1\" \/>\n<link rel=\"canonical\" href=\"https:\/\/www.mohaba.de\/en\/gluehweintassen\/\" \/>\n<meta property=\"og:locale\" content=\"en_US\" \/>\n<meta property=\"og:type\" content=\"article\" \/>\n<meta property=\"og:title\" content=\"Mohaba - Ihr Spezialist &amp; Partner im Gl\u00fchweintassen bedrucken\" \/>\n<meta property=\"og:description\" content=\"Ob mit Standardmotiv oder ihrem ganz eigenen Design, wir gestalten Ihre Gl\u00fchweinbecher. \u2713Gl\u00fchweintassen bedrucken \u2713Eigenes Design\" \/>\n<meta property=\"og:url\" content=\"https:\/\/www.mohaba.de\/en\/gluehweintassen\/\" \/>\n<meta property=\"og:site_name\" content=\"Mohaba\" \/>\n<meta property=\"article:modified_time\" content=\"2025-12-05T13:12:36+00:00\" \/>\n<meta property=\"og:image\" content=\"https:\/\/www.mohaba.de\/relaunch\/wp-content\/uploads\/2021\/09\/Glu_hweintassen_HEro_HiDPI-scaled.jpg\" \/>\n\t<meta property=\"og:image:width\" content=\"2560\" \/>\n\t<meta property=\"og:image:height\" content=\"962\" \/>\n\t<meta property=\"og:image:type\" content=\"image\/jpeg\" \/>\n<meta name=\"twitter:card\" content=\"summary_large_image\" \/>\n<meta name=\"twitter:label1\" content=\"Est. reading time\" \/>\n\t<meta name=\"twitter:data1\" content=\"2 minutes\" \/>\n<script type=\"application\/ld+json\" class=\"yoast-schema-graph\">{\"@context\":\"https:\\\/\\\/schema.org\",\"@graph\":[{\"@type\":\"WebPage\",\"@id\":\"https:\\\/\\\/www.mohaba.de\\\/gluehweintassen\\\/\",\"url\":\"https:\\\/\\\/www.mohaba.de\\\/gluehweintassen\\\/\",\"name\":\"Mohaba - Ihr Spezialist & Partner im Gl\u00fchweintassen bedrucken\",\"isPartOf\":{\"@id\":\"https:\\\/\\\/www.mohaba.de\\\/#website\"},\"primaryImageOfPage\":{\"@id\":\"https:\\\/\\\/www.mohaba.de\\\/gluehweintassen\\\/#primaryimage\"},\"image\":{\"@id\":\"https:\\\/\\\/www.mohaba.de\\\/gluehweintassen\\\/#primaryimage\"},\"thumbnailUrl\":\"https:\\\/\\\/www.mohaba.de\\\/relaunch\\\/wp-content\\\/uploads\\\/2021\\\/09\\\/Glu_hweintassen_HEro_HiDPI-scaled.jpg\",\"datePublished\":\"2021-07-01T08:17:57+00:00\",\"dateModified\":\"2025-12-05T13:12:36+00:00\",\"description\":\"Ob mit Standardmotiv oder ihrem ganz eigenen Design, wir gestalten Ihre Gl\u00fchweinbecher. \u2713Gl\u00fchweintassen bedrucken \u2713Eigenes Design\",\"breadcrumb\":{\"@id\":\"https:\\\/\\\/www.mohaba.de\\\/gluehweintassen\\\/#breadcrumb\"},\"inLanguage\":\"en-EN\",\"potentialAction\":[{\"@type\":\"ReadAction\",\"target\":[\"https:\\\/\\\/www.mohaba.de\\\/gluehweintassen\\\/\"]}]},{\"@type\":\"ImageObject\",\"inLanguage\":\"en-EN\",\"@id\":\"https:\\\/\\\/www.mohaba.de\\\/gluehweintassen\\\/#primaryimage\",\"url\":\"https:\\\/\\\/www.mohaba.de\\\/relaunch\\\/wp-content\\\/uploads\\\/2021\\\/09\\\/Glu_hweintassen_HEro_HiDPI-scaled.jpg\",\"contentUrl\":\"https:\\\/\\\/www.mohaba.de\\\/relaunch\\\/wp-content\\\/uploads\\\/2021\\\/09\\\/Glu_hweintassen_HEro_HiDPI-scaled.jpg\"},{\"@type\":\"BreadcrumbList\",\"@id\":\"https:\\\/\\\/www.mohaba.de\\\/gluehweintassen\\\/#breadcrumb\",\"itemListElement\":[{\"@type\":\"ListItem\",\"position\":1,\"name\":\"Home\",\"item\":\"https:\\\/\\\/www.mohaba.de\\\/\"},{\"@type\":\"ListItem\",\"position\":2,\"name\":\"Gl\u00fchweintassen\"}]},{\"@type\":\"WebSite\",\"@id\":\"https:\\\/\\\/www.mohaba.de\\\/#website\",\"url\":\"https:\\\/\\\/www.mohaba.de\\\/\",\"name\":\"Mohaba\",\"description\":\"\",\"publisher\":{\"@id\":\"https:\\\/\\\/www.mohaba.de\\\/#organization\"},\"potentialAction\":[{\"@type\":\"SearchAction\",\"target\":{\"@type\":\"EntryPoint\",\"urlTemplate\":\"https:\\\/\\\/www.mohaba.de\\\/?s={search_term_string}\"},\"query-input\":{\"@type\":\"PropertyValueSpecification\",\"valueRequired\":true,\"valueName\":\"search_term_string\"}}],\"inLanguage\":\"en-EN\"},{\"@type\":\"Organization\",\"@id\":\"https:\\\/\\\/www.mohaba.de\\\/#organization\",\"name\":\"Mohaba\",\"url\":\"https:\\\/\\\/www.mohaba.de\\\/\",\"logo\":{\"@type\":\"ImageObject\",\"inLanguage\":\"en-EN\",\"@id\":\"https:\\\/\\\/www.mohaba.de\\\/#\\\/schema\\\/logo\\\/image\\\/\",\"url\":\"https:\\\/\\\/www.mohaba.de\\\/relaunch\\\/wp-content\\\/uploads\\\/2020\\\/11\\\/Logo-1.png\",\"contentUrl\":\"https:\\\/\\\/www.mohaba.de\\\/relaunch\\\/wp-content\\\/uploads\\\/2020\\\/11\\\/Logo-1.png\",\"width\":1080,\"height\":1080,\"caption\":\"Mohaba\"},\"image\":{\"@id\":\"https:\\\/\\\/www.mohaba.de\\\/#\\\/schema\\\/logo\\\/image\\\/\"}}]}<\/script>\n<!-- \/ Yoast SEO plugin. -->","yoast_head_json":{"title":"Mohaba - Your specialist &amp; partner for mulled wine cups printing","description":"Whether with standard motif or their very own design, we design your mulled wine cups. \u2713Print mulled wine cups \u2713Own design","robots":{"index":"index","follow":"follow","max-snippet":"max-snippet:-1","max-image-preview":"max-image-preview:large","max-video-preview":"max-video-preview:-1"},"canonical":"https:\/\/www.mohaba.de\/en\/gluehweintassen\/","og_locale":"en_US","og_type":"article","og_title":"Mohaba - Ihr Spezialist & Partner im Gl\u00fchweintassen bedrucken","og_description":"Ob mit Standardmotiv oder ihrem ganz eigenen Design, wir gestalten Ihre Gl\u00fchweinbecher. \u2713Gl\u00fchweintassen bedrucken \u2713Eigenes Design","og_url":"https:\/\/www.mohaba.de\/en\/gluehweintassen\/","og_site_name":"Mohaba","article_modified_time":"2025-12-05T13:12:36+00:00","og_image":[{"width":2560,"height":962,"url":"https:\/\/www.mohaba.de\/relaunch\/wp-content\/uploads\/2021\/09\/Glu_hweintassen_HEro_HiDPI-scaled.jpg","type":"image\/jpeg"}],"twitter_card":"summary_large_image","twitter_misc":{"Est. reading time":"2 minutes"},"schema":{"@context":"https:\/\/schema.org","@graph":[{"@type":"WebPage","@id":"https:\/\/www.mohaba.de\/gluehweintassen\/","url":"https:\/\/www.mohaba.de\/gluehweintassen\/","name":"Mohaba - Your specialist &amp; partner for mulled wine cups printing","isPartOf":{"@id":"https:\/\/www.mohaba.de\/#website"},"primaryImageOfPage":{"@id":"https:\/\/www.mohaba.de\/gluehweintassen\/#primaryimage"},"image":{"@id":"https:\/\/www.mohaba.de\/gluehweintassen\/#primaryimage"},"thumbnailUrl":"https:\/\/www.mohaba.de\/relaunch\/wp-content\/uploads\/2021\/09\/Glu_hweintassen_HEro_HiDPI-scaled.jpg","datePublished":"2021-07-01T08:17:57+00:00","dateModified":"2025-12-05T13:12:36+00:00","description":"Whether with standard motif or their very own design, we design your mulled wine cups. \u2713Print mulled wine cups \u2713Own design","breadcrumb":{"@id":"https:\/\/www.mohaba.de\/gluehweintassen\/#breadcrumb"},"inLanguage":"en-EN","potentialAction":[{"@type":"ReadAction","target":["https:\/\/www.mohaba.de\/gluehweintassen\/"]}]},{"@type":"ImageObject","inLanguage":"en-EN","@id":"https:\/\/www.mohaba.de\/gluehweintassen\/#primaryimage","url":"https:\/\/www.mohaba.de\/relaunch\/wp-content\/uploads\/2021\/09\/Glu_hweintassen_HEro_HiDPI-scaled.jpg","contentUrl":"https:\/\/www.mohaba.de\/relaunch\/wp-content\/uploads\/2021\/09\/Glu_hweintassen_HEro_HiDPI-scaled.jpg"},{"@type":"BreadcrumbList","@id":"https:\/\/www.mohaba.de\/gluehweintassen\/#breadcrumb","itemListElement":[{"@type":"ListItem","position":1,"name":"Home","item":"https:\/\/www.mohaba.de\/"},{"@type":"ListItem","position":2,"name":"Gl\u00fchweintassen"}]},{"@type":"WebSite","@id":"https:\/\/www.mohaba.de\/#website","url":"https:\/\/www.mohaba.de\/","name":"Mohaba","description":"","publisher":{"@id":"https:\/\/www.mohaba.de\/#organization"},"potentialAction":[{"@type":"SearchAction","target":{"@type":"EntryPoint","urlTemplate":"https:\/\/www.mohaba.de\/?s={search_term_string}"},"query-input":{"@type":"PropertyValueSpecification","valueRequired":true,"valueName":"search_term_string"}}],"inLanguage":"en-EN"},{"@type":"Organization","@id":"https:\/\/www.mohaba.de\/#organization","name":"Mohaba","url":"https:\/\/www.mohaba.de\/","logo":{"@type":"ImageObject","inLanguage":"en-EN","@id":"https:\/\/www.mohaba.de\/#\/schema\/logo\/image\/","url":"https:\/\/www.mohaba.de\/relaunch\/wp-content\/uploads\/2020\/11\/Logo-1.png","contentUrl":"https:\/\/www.mohaba.de\/relaunch\/wp-content\/uploads\/2020\/11\/Logo-1.png","width":1080,"height":1080,"caption":"Mohaba"},"image":{"@id":"https:\/\/www.mohaba.de\/#\/schema\/logo\/image\/"}}]}},"_links":{"self":[{"href":"https:\/\/www.mohaba.de\/en\/wp-json\/wp\/v2\/pages\/370","targetHints":{"allow":["GET"]}}],"collection":[{"href":"https:\/\/www.mohaba.de\/en\/wp-json\/wp\/v2\/pages"}],"about":[{"href":"https:\/\/www.mohaba.de\/en\/wp-json\/wp\/v2\/types\/page"}],"author":[{"embeddable":true,"href":"https:\/\/www.mohaba.de\/en\/wp-json\/wp\/v2\/users\/3"}],"replies":[{"embeddable":true,"href":"https:\/\/www.mohaba.de\/en\/wp-json\/wp\/v2\/comments?post=370"}],"version-history":[{"count":307,"href":"https:\/\/www.mohaba.de\/en\/wp-json\/wp\/v2\/pages\/370\/revisions"}],"predecessor-version":[{"id":5841,"href":"https:\/\/www.mohaba.de\/en\/wp-json\/wp\/v2\/pages\/370\/revisions\/5841"}],"wp:attachment":[{"href":"https:\/\/www.mohaba.de\/en\/wp-json\/wp\/v2\/media?parent=370"}],"curies":[{"name":"wp","href":"https:\/\/api.w.org\/{rel}","templated":true}]}}